{"id":803,"date":"2022-04-25T14:29:30","date_gmt":"2022-04-25T17:29:30","guid":{"rendered":"https:\/\/www.cloneviveiros.com.br\/site\/?page_id=803"},"modified":"2022-04-25T14:29:30","modified_gmt":"2022-04-25T17:29:30","slug":"porta-enxerto-de-ameixa-pessego-e-nectarina","status":"publish","type":"page","link":"https:\/\/cloneviveiros.com.br\/site\/porta-enxerto-de-ameixa-pessego-e-nectarina\/","title":{"rendered":"PORTA-ENXERTO DE AMEIXA, P\u00caSSEGO E NECTARINA"},"content":{"rendered":"\n<section class=\"wp-block-uagb-columns uagb-columns__wrap uagb-columns__background-undefined uagb-columns__stack-mobile uagb-columns__valign-undefined uagb-columns__gap-10 alignundefined uagb-block-948cd1d8\"><div class=\"uagb-columns__overlay\"><\/div><div class=\"uagb-columns__inner-wrap uagb-columns__columns-1\">\n<div class=\"wp-block-uagb-column uagb-column__wrap uagb-column__background-undefined uagb-block-b0910738\"><div class=\"uagb-column__overlay\"><\/div><div class=\"uagb-column__inner-wrap\">\n<h2 class=\"wp-block-heading\"><strong>PORTA-ENXERTO DE AMEIXA, P\u00caSSEGO E NECTARINA<\/strong><\/h2>\n\n\n\n<p><strong>A.9\u00ae<\/strong><br>Para: Ameixeira, Pessegueiro e Nectarineira. Desenvolvido pela Clone Viveiros, A.9\u00ae \u00e9 extremamente produtivo! Mostra r\u00e1pida entrada em produ\u00e7\u00e3o, alta produtividade, tem maior efici\u00eancia nos tratos culturais e colheita.<\/p>\n\n\n\n<p>Em ameixeira, A.9\u00ae produz plantas que tem volume de copa com 40-60% do tamanho que as mesmas variedades enxertadas em Conserva ou Okinawa. Pode induzir abundante flora\u00e7\u00e3o j\u00e1 no segundo ano de plantio. Permite plantios em densidades de 1000-2000 plantas por hectare. Pode-se optar pela condu\u00e7\u00e3o com duas ou quatro pernadas (4,5 a 5,5m entre ruas) ou l\u00edder central (3,5 a 4,0m entre ruas), com dist\u00e2ncia entre plantas de 1,20 a 1,7m.<\/p>\n\n\n\n<p>Em pessegueiros e nectarineiras, A.9\u00ae induz uma redu\u00e7\u00e3o de 25 a 35% do volume de copa em rela\u00e7\u00e3o ao Okinawa. Permite plantio em m\u00e9dia densidade com menor necessidade de podas verdes e consequentemente melhora a colora\u00e7\u00e3o dos frutos. Melhora sensivelmente o pegamento de frutos. Indicado principalmente para variedades que tem alguma dificuldade em frutifica\u00e7\u00e3o.<\/p>\n\n\n\n<p>A.9\u00ae \u00e9 mais sens\u00edvel ao transplante das mudas que outros porta-enxertos. Em condi\u00e7\u00f5es de estresse severo causado pela falta ou principalmente excesso de \u00e1gua, em solos muito pedregosos, rasos, mal drenados, muito pesados, etc., as plantas podem sofrer demasiadamente no primeiro ano, diminuindo o crescimento, amarelecendo ou caindo as folhas no final do ver\u00e3o. Pomares devem ser mantidos o mais limpo poss\u00edvel de ervas daninhas, e n\u00e3o podem ter cultura intercalar nos primeiros anos.<\/p>\n\n\n\n<p><strong>A.9\u00ae COM FILTRO<\/strong><br>Para: Ameixeira. Induz nanismo bem como frutifica\u00e7\u00e3o maiores que na enxertia direta sobre A.9\u00ae. Pode garantir boa produ\u00e7\u00e3o em anos de frutifica\u00e7\u00e3o pouco favor\u00e1veis. Especialmente interessante para variedades, vigorosas e com h\u00e1bito de frutifica\u00e7\u00e3o em espor\u00f5es, as quais normalmente demoram mais para entrar em produ\u00e7\u00e3o, tais como Let\u00edcia, Polli Rosa, Am\u00e9rica, Angeleno, etc. Mais indicado para pomares tutorados. Em plantios em vaso sem tutoramento as pernadas podem abaixar demasiadamente pela grande produtividade impressa por este portaenxerto.<\/p>\n\n\n\n<p><strong>OKINAWA<\/strong><br>Para: Ameixeira, Pessegueiro e Nectarineira. Resistente a nematoides causadores de galhas. Produz plantas muito vigorosas, r\u00fasticas, uniformes, produtivas, com frutos de bom tamanho e qualidade. Bom comportamento no transplante para o pomar. Demora entrada em produ\u00e7\u00e3o de ameixeiras que produzem em espor\u00f5es. Apresenta excelente comportamento em replantio de pomares de pessegueiro em terrenos velhos.<\/p>\n\n\n\n<div class=\"wp-block-image is-style-default\"><figure class=\"aligncenter size-large\"><img decoding=\"async\" src=\"https:\/\/www.cloneviveiros.com.br\/site\/wp-content\/uploads\/2022\/04\/BNN-A9-site-725x1024.jpg\" alt=\"\" class=\"wp-image-806\"\/><\/figure><\/div>\n<\/div><\/div>\n<\/div><\/section>\n","protected":false},"excerpt":{"rendered":"<p>PORTA-ENXERTO DE AMEIXA, P\u00caSSEGO E NECTARINA A.9\u00aePara: Ameixeira, Pessegueiro e Nectarineira. Desenvolvido pela Clone Viveiros, A.9\u00ae \u00e9 extremamente produtivo! Mostra r\u00e1pida entrada em produ\u00e7\u00e3o, alta produtividade, tem maior efici\u00eancia nos tratos culturais e colheita. Em ameixeira, A.9\u00ae produz plantas que tem volume de copa com 40-60% do tamanho que as mesmas variedades enxertadas em Conserva &hellip;<\/p>\n<p class=\"read-more\"> <a class=\"\" href=\"https:\/\/cloneviveiros.com.br\/site\/porta-enxerto-de-ameixa-pessego-e-nectarina\/\"> <span class=\"screen-reader-text\">PORTA-ENXERTO DE AMEIXA, P\u00caSSEGO E NECTARINA<\/span> Leia mais &raquo;<\/a><\/p>\n","protected":false},"author":1,"featured_media":0,"parent":0,"menu_order":0,"comment_status":"closed","ping_status":"closed","template":"","meta":{"_acf_changed":false,"_uag_custom_page_level_css":"","site-sidebar-layout":"no-sidebar","site-content-layout":"page-builder","ast-main-header-display":"","ast-hfb-above-header-display":"","ast-hfb-below-header-display":"","ast-hfb-mobile-header-display":"","site-post-title":"disabled","ast-breadcrumbs-content":"","ast-featured-img":"","footer-sml-layout":"","theme-transparent-header-meta":"","adv-header-id-meta":"","stick-header-meta":"","header-above-stick-meta":"","header-main-stick-meta":"","header-below-stick-meta":"","footnotes":""},"class_list":["post-803","page","type-page","status-publish","hentry"],"acf":[],"uagb_featured_image_src":{"full":false,"thumbnail":false,"medium":false,"medium_large":false,"large":false,"1536x1536":false,"2048x2048":false},"uagb_author_info":{"display_name":"Clone ADM","author_link":"https:\/\/cloneviveiros.com.br\/site\/author\/clone-adm\/"},"uagb_comment_info":0,"uagb_excerpt":"PORTA-ENXERTO DE AMEIXA, P\u00caSSEGO E NECTARINA A.9\u00aePara: Ameixeira, Pessegueiro e Nectarineira. Desenvolvido pela Clone Viveiros, A.9\u00ae \u00e9 extremamente produtivo! Mostra r\u00e1pida entrada em produ\u00e7\u00e3o, alta produtividade, tem maior efici\u00eancia nos tratos culturais e colheita. Em ameixeira, A.9\u00ae produz plantas que tem volume de copa com 40-60% do tamanho que as mesmas variedades enxertadas em Conserva&hellip;","_links":{"self":[{"href":"https:\/\/cloneviveiros.com.br\/site\/wp-json\/wp\/v2\/pages\/803","targetHints":{"allow":["GET"]}}],"collection":[{"href":"https:\/\/cloneviveiros.com.br\/site\/wp-json\/wp\/v2\/pages"}],"about":[{"href":"https:\/\/cloneviveiros.com.br\/site\/wp-json\/wp\/v2\/types\/page"}],"author":[{"embeddable":true,"href":"https:\/\/cloneviveiros.com.br\/site\/wp-json\/wp\/v2\/users\/1"}],"replies":[{"embeddable":true,"href":"https:\/\/cloneviveiros.com.br\/site\/wp-json\/wp\/v2\/comments?post=803"}],"version-history":[{"count":0,"href":"https:\/\/cloneviveiros.com.br\/site\/wp-json\/wp\/v2\/pages\/803\/revisions"}],"wp:attachment":[{"href":"https:\/\/cloneviveiros.com.br\/site\/wp-json\/wp\/v2\/media?parent=803"}],"curies":[{"name":"wp","href":"https:\/\/api.w.org\/{rel}","templated":true}]}}