{"id":797,"date":"2022-04-25T14:20:50","date_gmt":"2022-04-25T17:20:50","guid":{"rendered":"https:\/\/www.cloneviveiros.com.br\/site\/?page_id=797"},"modified":"2022-04-25T14:20:50","modified_gmt":"2022-04-25T17:20:50","slug":"porta-enxerto-para-pereiras","status":"publish","type":"page","link":"https:\/\/cloneviveiros.com.br\/site\/porta-enxerto-para-pereiras\/","title":{"rendered":"PORTA-ENXERTO PARA PEREIRAS"},"content":{"rendered":"\n<section class=\"wp-block-uagb-columns uagb-columns__wrap uagb-columns__background-undefined uagb-columns__stack-mobile uagb-columns__valign-undefined uagb-columns__gap-10 alignundefined uagb-block-8b3cb91c\"><div class=\"uagb-columns__overlay\"><\/div><div class=\"uagb-columns__inner-wrap uagb-columns__columns-1\">\n<div class=\"wp-block-uagb-column uagb-column__wrap uagb-column__background-undefined uagb-block-f7fb5198\"><div class=\"uagb-column__overlay\"><\/div><div class=\"uagb-column__inner-wrap\">\n<h2 class=\"wp-block-heading\"><strong>PORTA-ENXERTO PARA PEREIRAS<\/strong><\/h2>\n\n\n\n<p><strong>MARMELO CV<\/strong><br>Desenvolvido pela Clone Viveiros. Produz plantas an\u00e3s, as quais mostram r\u00e1pida e abundante produ\u00e7\u00e3o de flores, e com entrada muito precoce em produ\u00e7\u00e3o. Boa compatibilidade e crescimento com as principais variedades comerciais, incluindo algumas cultivares asi\u00e1ticas como Hosui. \u00c9 imprescind\u00edvel plantar em solos f\u00e9rteis, bem drenados e com boa reten\u00e7\u00e3o de umidade. Necessita de sistemas de sustenta\u00e7\u00e3o e irriga\u00e7\u00e3o. Densidades de plantio entre 2.000 e 4.000 plantas por hectare, com plantios entre linhas de 3,5 metros e entre plantas de 0,75 a 1 metro.<\/p>\n\n\n\n<p><strong>CALERIANA<\/strong><br>Compat\u00edvel com todas cultivares asi\u00e1ticas e europeias, ampla adapta\u00e7\u00e3o aos diversos tipos de solo. Densidades de plantio entre 700 e 2.000 plantas por hectare, dependendo da variedade e sistemas de plantio. Per\u00edodo de entrada em produ\u00e7\u00e3o depende das t\u00e9cnicas de condu\u00e7\u00e3o e poda utilizados. Clone Viveiros est\u00e1 no processo de desenvolvimento de clones de Caleriana com 30-50 % de redu\u00e7\u00e3o em vigor e, consequentemente, maior precocidade.<\/p>\n\n\n\n<div class=\"wp-block-image is-style-default\"><figure class=\"aligncenter size-large\"><img decoding=\"async\" src=\"https:\/\/www.cloneviveiros.com.br\/site\/wp-content\/uploads\/2022\/04\/BNN-MARMELO-CV-site-725x1024.jpg\" alt=\"\" class=\"wp-image-808\"\/><\/figure><\/div>\n<\/div><\/div>\n<\/div><\/section>\n\n\n\n<p><\/p>\n","protected":false},"excerpt":{"rendered":"<p>PORTA-ENXERTO PARA PEREIRAS MARMELO CVDesenvolvido pela Clone Viveiros. Produz plantas an\u00e3s, as quais mostram r\u00e1pida e abundante produ\u00e7\u00e3o de flores, e com entrada muito precoce em produ\u00e7\u00e3o. Boa compatibilidade e crescimento com as principais variedades comerciais, incluindo algumas cultivares asi\u00e1ticas como Hosui. \u00c9 imprescind\u00edvel plantar em solos f\u00e9rteis, bem drenados e com boa reten\u00e7\u00e3o de &hellip;<\/p>\n<p class=\"read-more\"> <a class=\"\" href=\"https:\/\/cloneviveiros.com.br\/site\/porta-enxerto-para-pereiras\/\"> <span class=\"screen-reader-text\">PORTA-ENXERTO PARA PEREIRAS<\/span> Leia mais &raquo;<\/a><\/p>\n","protected":false},"author":1,"featured_media":0,"parent":0,"menu_order":0,"comment_status":"closed","ping_status":"closed","template":"","meta":{"_acf_changed":false,"_uag_custom_page_level_css":"","site-sidebar-layout":"no-sidebar","site-content-layout":"page-builder","ast-main-header-display":"","ast-hfb-above-header-display":"","ast-hfb-below-header-display":"","ast-hfb-mobile-header-display":"","site-post-title":"disabled","ast-breadcrumbs-content":"","ast-featured-img":"","footer-sml-layout":"","theme-transparent-header-meta":"","adv-header-id-meta":"","stick-header-meta":"","header-above-stick-meta":"","header-main-stick-meta":"","header-below-stick-meta":"","footnotes":""},"class_list":["post-797","page","type-page","status-publish","hentry"],"acf":[],"uagb_featured_image_src":{"full":false,"thumbnail":false,"medium":false,"medium_large":false,"large":false,"1536x1536":false,"2048x2048":false},"uagb_author_info":{"display_name":"Clone ADM","author_link":"https:\/\/cloneviveiros.com.br\/site\/author\/clone-adm\/"},"uagb_comment_info":0,"uagb_excerpt":"PORTA-ENXERTO PARA PEREIRAS MARMELO CVDesenvolvido pela Clone Viveiros. Produz plantas an\u00e3s, as quais mostram r\u00e1pida e abundante produ\u00e7\u00e3o de flores, e com entrada muito precoce em produ\u00e7\u00e3o. Boa compatibilidade e crescimento com as principais variedades comerciais, incluindo algumas cultivares asi\u00e1ticas como Hosui. \u00c9 imprescind\u00edvel plantar em solos f\u00e9rteis, bem drenados e com boa reten\u00e7\u00e3o de&hellip;","_links":{"self":[{"href":"https:\/\/cloneviveiros.com.br\/site\/wp-json\/wp\/v2\/pages\/797","targetHints":{"allow":["GET"]}}],"collection":[{"href":"https:\/\/cloneviveiros.com.br\/site\/wp-json\/wp\/v2\/pages"}],"about":[{"href":"https:\/\/cloneviveiros.com.br\/site\/wp-json\/wp\/v2\/types\/page"}],"author":[{"embeddable":true,"href":"https:\/\/cloneviveiros.com.br\/site\/wp-json\/wp\/v2\/users\/1"}],"replies":[{"embeddable":true,"href":"https:\/\/cloneviveiros.com.br\/site\/wp-json\/wp\/v2\/comments?post=797"}],"version-history":[{"count":0,"href":"https:\/\/cloneviveiros.com.br\/site\/wp-json\/wp\/v2\/pages\/797\/revisions"}],"wp:attachment":[{"href":"https:\/\/cloneviveiros.com.br\/site\/wp-json\/wp\/v2\/media?parent=797"}],"curies":[{"name":"wp","href":"https:\/\/api.w.org\/{rel}","templated":true}]}}