{"id":610,"date":"2022-04-24T10:03:30","date_gmt":"2022-04-24T13:03:30","guid":{"rendered":"https:\/\/www.cloneviveiros.com.br\/site\/?page_id=610"},"modified":"2022-04-24T10:03:30","modified_gmt":"2022-04-24T13:03:30","slug":"kiwi","status":"publish","type":"page","link":"https:\/\/cloneviveiros.com.br\/site\/kiwi\/","title":{"rendered":"Kiwis"},"content":{"rendered":"\n<section class=\"wp-block-uagb-columns uagb-columns__wrap uagb-columns__background-undefined uagb-columns__stack-mobile uagb-columns__valign-undefined uagb-columns__gap-10 alignundefined uagb-block-c17d696e\"><div class=\"uagb-columns__overlay\"><\/div><div class=\"uagb-columns__inner-wrap uagb-columns__columns-1\">\n<div class=\"wp-block-uagb-column uagb-column__wrap uagb-column__background-undefined uagb-block-1b6e7508\"><div class=\"uagb-column__overlay\"><\/div><div class=\"uagb-column__inner-wrap\">\n<h2><strong>KIWI<\/strong>S<\/h2>\n\n\n<div class=\"row-cw produtos\"><div class=\" col-cw\">\n<div class=\"thumbnail\">\t\t\t\t\t\t\t\n<a href=\"https:\/\/cloneviveiros.com.br\/site\/produto\/kiwi-monty\/\" class=\"imagem\">\t\t\t\t\t\t\t\t\t\t\t\t\t\t\t\n\n<img src=\"https:\/\/cloneviveiros.com.br\/site\/wp-content\/plugins\/orcamento-cw\/imagens\/sem-imagem.gif\" alt=\"Kiwi Monty\" title=\"Kiwi Monty \">\n<\/a>\t\t\t\n<div class=\"titulo\">\n<a href=\"https:\/\/cloneviveiros.com.br\/site\/produto\/kiwi-monty\/\" title=\"Kiwi Monty\"><h2>Kiwi Monty<\/h2><\/a>\n<\/div>\n<a href=\"https:\/\/cloneviveiros.com.br\/site\/produto\/kiwi-monty\/\" title=\"Alta produtividade e excelente qualidade dos frutos. Bom armazenamento e resist\u00eancia a baixas temperaturas de inverno. Excelente qualidade em nossas condi\u00e7\u00f5es.\"><small style=\"text-align:left\">Alta produtividade e excelente qualidade dos frutos. Bom armazenamento e resist\u00eancia a baixas tem...<\/small><\/a><br\/><div class=\"img-mini\"><\/div>\n<button onclick=\"orcamento('','659', 'page-produto','');\" style=\"background-color: ; color: \" class=\"btn  produto-659\">Adicionar ao Or\u00e7amento<\/button>\n<\/div>\n<\/div><div class=\" col-cw\">\n<div class=\"thumbnail\">\t\t\t\t\t\t\t\n<a href=\"https:\/\/cloneviveiros.com.br\/site\/produto\/kiwi-elmwood\/\" class=\"imagem\">\t\t\t\t\t\t\t\t\t\t\t\t\t\t\t\n\n<img src=\"https:\/\/cloneviveiros.com.br\/site\/wp-content\/plugins\/orcamento-cw\/imagens\/sem-imagem.gif\" alt=\"Kiwi Elmwood\" title=\"Kiwi Elmwood \">\n<\/a>\t\t\t\n<div class=\"titulo\">\n<a href=\"https:\/\/cloneviveiros.com.br\/site\/produto\/kiwi-elmwood\/\" title=\"Kiwi Elmwood\"><h2>Kiwi Elmwood<\/h2><\/a>\n<\/div>\n<a href=\"https:\/\/cloneviveiros.com.br\/site\/produto\/kiwi-elmwood\/\" title=\"Frutos grandes, alta produtividade. Variedade com bom desempenho na regi\u00e3o serrana do Rio Grande do Sul. Frutos grandes, alta produtividade.\"><small style=\"text-align:left\">Frutos grandes, alta produtividade. Variedade com bom desempenho na regi\u00e3o serrana do Rio Grande ...<\/small><\/a><br\/><div class=\"img-mini\"><\/div>\n<button onclick=\"orcamento('','660', 'page-produto','');\" style=\"background-color: ; color: \" class=\"btn  produto-660\">Adicionar ao Or\u00e7amento<\/button>\n<\/div>\n<\/div><\/div>\n\t<div class=\"row-cw\">\n\t<div class=\"col-cw s12 orcamentos_paginacao\">\n\t\n\t<\/div>\n\t<\/div>\n<\/div><\/div>\n<\/div><\/section>\n\n\n\n<p><\/p>\n","protected":false},"excerpt":{"rendered":"","protected":false},"author":1,"featured_media":0,"parent":0,"menu_order":0,"comment_status":"closed","ping_status":"closed","template":"","meta":{"site-sidebar-layout":"no-sidebar","site-content-layout":"page-builder","ast-main-header-display":"","ast-hfb-above-header-display":"","ast-hfb-below-header-display":"","ast-hfb-mobile-header-display":"","site-post-title":"disabled","ast-breadcrumbs-content":"","ast-featured-img":"","footer-sml-layout":"","theme-transparent-header-meta":"","adv-header-id-meta":"","stick-header-meta":"","header-above-stick-meta":"","header-main-stick-meta":"","header-below-stick-meta":""},"acf":[],"uagb_featured_image_src":{"full":false,"thumbnail":false,"medium":false,"medium_large":false,"large":false,"1536x1536":false,"2048x2048":false},"uagb_author_info":{"display_name":"Clone ADM","author_link":"https:\/\/cloneviveiros.com.br\/site\/author\/clone-adm\/"},"uagb_comment_info":0,"uagb_excerpt":null,"_links":{"self":[{"href":"https:\/\/cloneviveiros.com.br\/site\/wp-json\/wp\/v2\/pages\/610"}],"collection":[{"href":"https:\/\/cloneviveiros.com.br\/site\/wp-json\/wp\/v2\/pages"}],"about":[{"href":"https:\/\/cloneviveiros.com.br\/site\/wp-json\/wp\/v2\/types\/page"}],"author":[{"embeddable":true,"href":"https:\/\/cloneviveiros.com.br\/site\/wp-json\/wp\/v2\/users\/1"}],"replies":[{"embeddable":true,"href":"https:\/\/cloneviveiros.com.br\/site\/wp-json\/wp\/v2\/comments?post=610"}],"version-history":[{"count":0,"href":"https:\/\/cloneviveiros.com.br\/site\/wp-json\/wp\/v2\/pages\/610\/revisions"}],"wp:attachment":[{"href":"https:\/\/cloneviveiros.com.br\/site\/wp-json\/wp\/v2\/media?parent=610"}],"curies":[{"name":"wp","href":"https:\/\/api.w.org\/{rel}","templated":true}]}}