{"id":606,"date":"2022-04-24T10:02:25","date_gmt":"2022-04-24T13:02:25","guid":{"rendered":"https:\/\/www.cloneviveiros.com.br\/site\/?page_id=606"},"modified":"2022-04-24T10:02:25","modified_gmt":"2022-04-24T13:02:25","slug":"lancamentos","status":"publish","type":"page","link":"https:\/\/cloneviveiros.com.br\/site\/lancamentos\/","title":{"rendered":"Lan\u00e7amentos"},"content":{"rendered":"\n<section class=\"wp-block-uagb-columns uagb-columns__wrap uagb-columns__background-undefined uagb-columns__stack-mobile uagb-columns__valign-undefined uagb-columns__gap-10 alignundefined uagb-block-3a2c7307\"><div class=\"uagb-columns__overlay\"><\/div><div class=\"uagb-columns__inner-wrap uagb-columns__columns-1\">\n<div class=\"wp-block-uagb-column uagb-column__wrap uagb-column__background-undefined uagb-block-49b80dbc\"><div class=\"uagb-column__overlay\"><\/div><div class=\"uagb-column__inner-wrap\">\n<h2><strong>LAN\u00c7AMENTOS<\/strong><\/h2>\n\n\n<div class=\"row-cw produtos\"><div class=\" col-cw\">\n<div class=\"thumbnail\">\t\t\t\t\t\t\t\n<a href=\"https:\/\/cloneviveiros.com.br\/site\/produto\/nectarina-cvf-kimdim-1104\/\" class=\"imagem\">\t\t\t\t\t\t\t\t\t\t\t\t\t\t\t\n\n<img src=\"https:\/\/cloneviveiros.com.br\/site\/wp-content\/uploads\/2022\/04\/destaque-cvf-kimdim-1104-1-300x216.jpg\" alt=\"Nectarina CVF Kimdim 1104\" title=\"Nectarina CVF Kimdim 1104 \">\n<\/a>\t\t\t\n<div class=\"titulo\">\n<a href=\"https:\/\/cloneviveiros.com.br\/site\/produto\/nectarina-cvf-kimdim-1104\/\" title=\"Nectarina CVF Kimdim 1104\"><h2>Nectarina CVF Kimdim 1104<\/h2><\/a>\n<\/div>\n<a href=\"https:\/\/cloneviveiros.com.br\/site\/produto\/nectarina-cvf-kimdim-1104\/\" title=\"Variedade de nectarina com polpa amarela, doce e baixa acidez, criada pela CLONE VIVEIROS. Qualidade dos frutos vai de encontro com as prefer\u00eancias do mercado brasileiro, diferente das nectarinas tradicionais. \u00c1rvores m\u00e9dias\/grandes, crescimento semiaberto, ramos longos e com abundante flora\u00e7\u00e3o. Exig\u00eancia em frio de 400 UF, pr\u00f3ximo da variedade Chimarrita. Matura\u00e7\u00e3o na terceira\/quarta semana de novembro em Arauc\u00e1ria-PR. Muito produtiva, bom tamanho, uma nova op\u00e7\u00e3o para complementar a disponibilidade de nectarinas doces desenvolvidas pela CLONE VIVEIROS. Excelente produtividade.\"><small style=\"text-align:left\">Variedade de nectarina com polpa amarela, doce e baixa acidez, criada pela CLONE VIVEIROS. Qualid...<\/small><\/a><br\/><div class=\"img-mini\"><p><img loading=\"lazy\" src=\"https:\/\/cloneviveiros.com.br\/site\/wp-content\/uploads\/2022\/04\/variedade.png\" title=\"Variedade Exclusiva\" width=\"76\" height=\"30\" \/><\/p>\n<\/div>\n<a href=\"https:\/\/cloneviveiros.com.br\/site\/produto\/nectarina-cvf-kimdim-1104\/\"><button style=\"background-color: ; color: \" class=\"btn \">Adicionar ao Or\u00e7amento<\/button><\/a>\n<\/div>\n<\/div><div class=\" col-cw\">\n<div class=\"thumbnail\">\t\t\t\t\t\t\t\n<a href=\"https:\/\/cloneviveiros.com.br\/site\/produto\/nectarina-cvf-kimdim-1202\/\" class=\"imagem\">\t\t\t\t\t\t\t\t\t\t\t\t\t\t\t\n\n<img src=\"https:\/\/cloneviveiros.com.br\/site\/wp-content\/uploads\/2022\/04\/destaque-cvf-kimdim-1202-1-300x216.jpg\" alt=\"Nectarina CVF Kimdim 1202\" title=\"Nectarina CVF Kimdim 1202 \">\n<\/a>\t\t\t\n<div class=\"titulo\">\n<a href=\"https:\/\/cloneviveiros.com.br\/site\/produto\/nectarina-cvf-kimdim-1202\/\" title=\"Nectarina CVF Kimdim 1202\"><h2>Nectarina CVF Kimdim 1202<\/h2><\/a>\n<\/div>\n<a href=\"https:\/\/cloneviveiros.com.br\/site\/produto\/nectarina-cvf-kimdim-1202\/\" title=\"Variedade de nectarina com polpa amarela, doce e baixa acidez, criada pela CLONE VIVEIROS. Qualidade dos frutos vai de encontro com as prefer\u00eancias do mercado brasileiro, diferente das nectarinas tradicionais. \u00c1rvores grandes, crescimento semiaberto, ramos longos e com abundante florada. Exig\u00eancia em frio de 500 UF, maior que Chimarrita, pr\u00f3ximo de Della Nona. Matura\u00e7\u00e3o na segunda semana de dezembro em Arauc\u00e1ria-PR. Muito produtiva, excelente sabor, bom tamanho. Sem d\u00favida, uma nova op\u00e7\u00e3o para complementar a disponibilidade de nectarinas doces desenvolvidas pela CLONE VIVEIROS.\"><small style=\"text-align:left\">Variedade de nectarina com polpa amarela, doce e baixa acidez, criada pela CLONE VIVEIROS. Qualid...<\/small><\/a><br\/><div class=\"img-mini\"><p><img loading=\"lazy\" src=\"https:\/\/cloneviveiros.com.br\/site\/wp-content\/uploads\/2022\/04\/variedade.png\" title=\"Variedade Exclusiva\" width=\"76\" height=\"30\" \/><\/p>\n<\/div>\n<a href=\"https:\/\/cloneviveiros.com.br\/site\/produto\/nectarina-cvf-kimdim-1202\/\"><button style=\"background-color: ; color: \" class=\"btn \">Adicionar ao Or\u00e7amento<\/button><\/a>\n<\/div>\n<\/div><div class=\" col-cw\">\n<div class=\"thumbnail\">\t\t\t\t\t\t\t\n<a href=\"https:\/\/cloneviveiros.com.br\/site\/produto\/pessego-cvf-prata-1103\/\" class=\"imagem\">\t\t\t\t\t\t\t\t\t\t\t\t\t\t\t\n\n<img src=\"https:\/\/cloneviveiros.com.br\/site\/wp-content\/uploads\/2022\/04\/destaque-cvf-prata-1103-1-300x216.jpg\" alt=\"P\u00eassego CVF Prata 1103\" title=\"P\u00eassego CVF Prata 1103 \">\n<\/a>\t\t\t\n<div class=\"titulo\">\n<a href=\"https:\/\/cloneviveiros.com.br\/site\/produto\/pessego-cvf-prata-1103\/\" title=\"P\u00eassego CVF Prata 1103\"><h2>P\u00eassego CVF Prata 1103<\/h2><\/a>\n<\/div>\n<a href=\"https:\/\/cloneviveiros.com.br\/site\/produto\/pessego-cvf-prata-1103\/\" title=\"Variedade com polpa branca, doce e baixa acidez. Vigor m\u00e9dio\/ baixo, \u00e1rvores m\u00e9dias, crescimento semiaberto, floresce abundantemente, exig\u00eancia em frio pouco menor que Chimarrita, colheita na 3\u00aa semana de novembro em Arauc\u00e1ria, PR. Boa toler\u00e2ncia a bacteriose e podrid\u00e3o dos frutos, produ\u00e7\u00e3o consistente e de boa colora\u00e7\u00e3o. Variedade desenvolvida pela Clone Viveiros.\"><small style=\"text-align:left\">Variedade com polpa branca, doce e baixa acidez. Vigor m\u00e9dio\/ baixo, \u00e1rvores m\u00e9dias, crescimento ...<\/small><\/a><br\/><div class=\"img-mini\"><p><img loading=\"lazy\" src=\"https:\/\/cloneviveiros.com.br\/site\/wp-content\/uploads\/2022\/04\/variedade.png\" title=\"Variedade Exclusiva\" width=\"76\" height=\"30\" \/><\/p>\n<\/div>\n<a href=\"https:\/\/cloneviveiros.com.br\/site\/produto\/pessego-cvf-prata-1103\/\"><button style=\"background-color: ; color: \" class=\"btn \">Adicionar ao Or\u00e7amento<\/button><\/a>\n<\/div>\n<\/div><div class=\" col-cw\">\n<div class=\"thumbnail\">\t\t\t\t\t\t\t\n<a href=\"https:\/\/cloneviveiros.com.br\/site\/produto\/maca-cvf-gala-rubi\/\" class=\"imagem\">\t\t\t\t\t\t\t\t\t\t\t\t\t\t\t\n\n<img src=\"https:\/\/cloneviveiros.com.br\/site\/wp-content\/uploads\/2022\/04\/Maca-CVF-Gala-Rubi-03-300x216.jpg\" alt=\"Ma\u00e7\u00e3 CVF Gala Rubi\" title=\"Ma\u00e7\u00e3 CVF Gala Rubi \">\n<\/a>\t\t\t\n<div class=\"titulo\">\n<a href=\"https:\/\/cloneviveiros.com.br\/site\/produto\/maca-cvf-gala-rubi\/\" title=\"Ma\u00e7\u00e3 CVF Gala Rubi\"><h2>Ma\u00e7\u00e3 CVF Gala Rubi<\/h2><\/a>\n<\/div>\n<a href=\"https:\/\/cloneviveiros.com.br\/site\/produto\/maca-cvf-gala-rubi\/\" title=\"Clone da variedade Gala de colora\u00e7\u00e3o vermelho rubi, s\u00f3lida e intensa. Frutas colorem j\u00e1 no in\u00edcio do desenvolvimento, e a cor intensifica ainda mais com o avan\u00e7o da matura\u00e7\u00e3o, o que lhe confere uma boa competitividade na comercializa\u00e7\u00e3o inicial de Gala. Ponto de colheita cerca de 7 dias antes da colheita da Gala Real 2 e outros clones de Gala. Menor conserva\u00e7\u00e3o que Gala Real 2 em c\u00e2mara fria. Testada por mais de 15 anos como Gala BC 3028, nunca se observou revers\u00e3o de colora\u00e7\u00e3o como ocorre frequentemente com outras galas.\"><small style=\"text-align:left\">Clone da variedade Gala de colora\u00e7\u00e3o vermelho rubi, s\u00f3lida e intensa. Frutas colorem j\u00e1 no in\u00edcio...<\/small><\/a><br\/><div class=\"img-mini\"><p><img loading=\"lazy\" src=\"https:\/\/cloneviveiros.com.br\/site\/wp-content\/uploads\/2022\/04\/variedade.png\" title=\"Variedade Exclusiva\" width=\"76\" height=\"30\" \/><\/p>\n<\/div>\n<a href=\"https:\/\/cloneviveiros.com.br\/site\/produto\/maca-cvf-gala-rubi\/\"><button style=\"background-color: ; color: \" class=\"btn \">Adicionar ao Or\u00e7amento<\/button><\/a>\n<\/div>\n<\/div><div class=\" col-cw\">\n<div class=\"thumbnail\">\t\t\t\t\t\t\t\n<a href=\"https:\/\/cloneviveiros.com.br\/site\/produto\/pessego-cvf-prata-1201\/\" class=\"imagem\">\t\t\t\t\t\t\t\t\t\t\t\t\t\t\t\n\n<img src=\"https:\/\/cloneviveiros.com.br\/site\/wp-content\/uploads\/2022\/04\/destaque-cvf-prata-1201-1-300x216.jpg\" alt=\"P\u00eassego CVF Prata 1201\" title=\"P\u00eassego CVF Prata 1201 \">\n<\/a>\t\t\t\n<div class=\"titulo\">\n<a href=\"https:\/\/cloneviveiros.com.br\/site\/produto\/pessego-cvf-prata-1201\/\" title=\"P\u00eassego CVF Prata 1201\"><h2>P\u00eassego CVF Prata 1201<\/h2><\/a>\n<\/div>\n<a href=\"https:\/\/cloneviveiros.com.br\/site\/produto\/pessego-cvf-prata-1201\/\" title=\"Variedade de p\u00eassego com polpa branca, doce e baixa acidez. Vigor m\u00e9dio, \u00e1rvores m\u00e9dias, crescimento compacto, folhagem relativamente densa, floresce abundantemente. Exig\u00eancia em frio pouco menor que o p\u00eassego CVF Prata 1103. Colheita na 1\u00aa quinzena de dezembro em Arauc\u00e1ria-PR. Boa toler\u00e2ncia a bacteriose e podrid\u00e3o dos frutos, produtividade consistente. Vermelho escuro atrativo, cobrindo 40 a 90% do fruto. Variedade desenvolvida pela Clone Viveiros.\"><small style=\"text-align:left\">Variedade de p\u00eassego com polpa branca, doce e baixa acidez. Vigor m\u00e9dio, \u00e1rvores m\u00e9dias, crescime...<\/small><\/a><br\/><div class=\"img-mini\"><p><img loading=\"lazy\" src=\"https:\/\/cloneviveiros.com.br\/site\/wp-content\/uploads\/2022\/04\/variedade.png\" title=\"Variedade Exclusiva\" width=\"76\" height=\"30\" \/><\/p>\n<\/div>\n<a href=\"https:\/\/cloneviveiros.com.br\/site\/produto\/pessego-cvf-prata-1201\/\"><button style=\"background-color: ; color: \" class=\"btn \">Adicionar ao Or\u00e7amento<\/button><\/a>\n<\/div>\n<\/div><div class=\" col-cw\">\n<div class=\"thumbnail\">\t\t\t\t\t\t\t\n<a href=\"https:\/\/cloneviveiros.com.br\/site\/produto\/maca-scs426-venice\/\" class=\"imagem\">\t\t\t\t\t\t\t\t\t\t\t\t\t\t\t\n\n<img src=\"https:\/\/cloneviveiros.com.br\/site\/wp-content\/uploads\/2022\/04\/destaque-scs426venice-300x216.jpg\" alt=\"Ma\u00e7\u00e3 SCS 426 Venice\" title=\"Ma\u00e7\u00e3 SCS 426 Venice \">\n<\/a>\t\t\t\n<div class=\"titulo\">\n<a href=\"https:\/\/cloneviveiros.com.br\/site\/produto\/maca-scs426-venice\/\" title=\"Ma\u00e7\u00e3 SCS 426 Venice\"><h2>Ma\u00e7\u00e3 SCS 426 Venice<\/h2><\/a>\n<\/div>\n<a href=\"https:\/\/cloneviveiros.com.br\/site\/produto\/maca-scs426-venice\/\" title=\"Nova variedade da EPAGRI com m\u00e9dia exig\u00eancia em frio. Entrada precoce em produ\u00e7\u00e3o, bom potencial produtivo, frutos vermelho carmim bicolor com excelente apar\u00eancia. Conserva\u00e7\u00e3o igual ou superior a Fuji. Colheita na primeira quinzena de mar\u00e7o, entre as cultivares Gala e Fuji. Resistente a mancha de glomerela.\"><small style=\"text-align:left\">Nova variedade da EPAGRI com m\u00e9dia exig\u00eancia em frio. Entrada precoce em produ\u00e7\u00e3o, bom potencial ...<\/small><\/a><br\/><div class=\"img-mini\"><\/div>\n<a href=\"https:\/\/cloneviveiros.com.br\/site\/produto\/maca-scs426-venice\/\"><button style=\"background-color: ; color: \" class=\"btn \">Adicionar ao Or\u00e7amento<\/button><\/a>\n<\/div>\n<\/div><div class=\" col-cw\">\n<div class=\"thumbnail\">\t\t\t\t\t\t\t\n<a href=\"https:\/\/cloneviveiros.com.br\/site\/produto\/pessego-cvf-roxo-0103\/\" class=\"imagem\">\t\t\t\t\t\t\t\t\t\t\t\t\t\t\t\n\n<img src=\"https:\/\/cloneviveiros.com.br\/site\/wp-content\/uploads\/2022\/04\/destaque-cvf-roxo-0103-1-300x216.jpg\" alt=\"P\u00eassego CVF Roxo 0103\" title=\"P\u00eassego CVF Roxo 0103 \">\n<\/a>\t\t\t\n<div class=\"titulo\">\n<a href=\"https:\/\/cloneviveiros.com.br\/site\/produto\/pessego-cvf-roxo-0103\/\" title=\"P\u00eassego CVF Roxo 0103\"><h2>P\u00eassego CVF Roxo 0103<\/h2><\/a>\n<\/div>\n<a href=\"https:\/\/cloneviveiros.com.br\/site\/produto\/pessego-cvf-roxo-0103\/\" title=\"P\u00eassego com polpa vermelha\/amarela, colora\u00e7\u00e3o \u00fanica. Sabor doce-acidulado. Matura\u00e7\u00e3o ap\u00f3s a 2\u00aa quinzena de janeiro. Florescimento pr\u00f3ximo de Della Nona. Crescimento semiereto. Qualidade e apar\u00eancia deixam a desejar em alguns locais. Variedade desenvolvida pela Clone Viveiros.\"><small style=\"text-align:left\">P\u00eassego com polpa vermelha\/amarela, colora\u00e7\u00e3o \u00fanica. Sabor doce-acidulado. Matura\u00e7\u00e3o ap\u00f3s a 2\u00aa qu...<\/small><\/a><br\/><div class=\"img-mini\"><p><img loading=\"lazy\" src=\"https:\/\/cloneviveiros.com.br\/site\/wp-content\/uploads\/2022\/04\/variedade.png\" title=\"Variedade Exclusiva\" width=\"76\" height=\"30\" \/><\/p>\n<\/div>\n<a href=\"https:\/\/cloneviveiros.com.br\/site\/produto\/pessego-cvf-roxo-0103\/\"><button style=\"background-color: ; color: \" class=\"btn \">Adicionar ao Or\u00e7amento<\/button><\/a>\n<\/div>\n<\/div><div class=\" col-cw\">\n<div class=\"thumbnail\">\t\t\t\t\t\t\t\n<a href=\"https:\/\/cloneviveiros.com.br\/site\/produto\/maca-cvf-fuji-rubi\/\" class=\"imagem\">\t\t\t\t\t\t\t\t\t\t\t\t\t\t\t\n\n<img src=\"https:\/\/cloneviveiros.com.br\/site\/wp-content\/uploads\/2022\/04\/destaque-fujirubi-300x216.jpg\" alt=\"Ma\u00e7\u00e3 CVF Fuji Rubi\" title=\"Ma\u00e7\u00e3 CVF Fuji Rubi \">\n<\/a>\t\t\t\n<div class=\"titulo\">\n<a href=\"https:\/\/cloneviveiros.com.br\/site\/produto\/maca-cvf-fuji-rubi\/\" title=\"Ma\u00e7\u00e3 CVF Fuji Rubi\"><h2>Ma\u00e7\u00e3 CVF Fuji Rubi<\/h2><\/a>\n<\/div>\n<a href=\"https:\/\/cloneviveiros.com.br\/site\/produto\/maca-cvf-fuji-rubi\/\" title=\"Muta\u00e7\u00e3o de Fuji com frutos n\u00e3o estriados. Em fase de lan\u00e7amento tamb\u00e9m como clone 28511. Diferentemente de Fuji Suprema, acentua a colora\u00e7\u00e3o \u00e0 medida que avan\u00e7a a matura\u00e7\u00e3o. Fruto mais alongado, menor intensidade de russteing e aparentemente menos podrid\u00f5es. Para regi\u00f5es mais altas e frias onde Fuji tem bom desempenho.\"><small style=\"text-align:left\">Muta\u00e7\u00e3o de Fuji com frutos n\u00e3o estriados. Em fase de lan\u00e7amento tamb\u00e9m como clone 28511. Diferent...<\/small><\/a><br\/><div class=\"img-mini\"><p><img loading=\"lazy\" src=\"https:\/\/cloneviveiros.com.br\/site\/wp-content\/uploads\/2022\/04\/variedade.png\" title=\"Variedade Exclusiva\" width=\"76\" height=\"30\" \/><\/p>\n<\/div>\n<a href=\"https:\/\/cloneviveiros.com.br\/site\/produto\/maca-cvf-fuji-rubi\/\"><button style=\"background-color: ; color: \" class=\"btn \">Adicionar ao Or\u00e7amento<\/button><\/a>\n<\/div>\n<\/div><div class=\" col-cw\">\n<div class=\"thumbnail\">\t\t\t\t\t\t\t\n<a href=\"https:\/\/cloneviveiros.com.br\/site\/produto\/maca-eva-mirage\/\" class=\"imagem\">\t\t\t\t\t\t\t\t\t\t\t\t\t\t\t\n\n<img src=\"https:\/\/cloneviveiros.com.br\/site\/wp-content\/uploads\/2022\/04\/destaque2-cvf-eva-mirage-300x216.jpg\" alt=\"Ma\u00e7\u00e3 CVF Eva Mirage\" title=\"Ma\u00e7\u00e3 CVF Eva Mirage \">\n<\/a>\t\t\t\n<div class=\"titulo\">\n<a href=\"https:\/\/cloneviveiros.com.br\/site\/produto\/maca-eva-mirage\/\" title=\"Ma\u00e7\u00e3 CVF Eva Mirage\"><h2>Ma\u00e7\u00e3 CVF Eva Mirage<\/h2><\/a>\n<\/div>\n<a href=\"https:\/\/cloneviveiros.com.br\/site\/produto\/maca-eva-mirage\/\" title=\"Incrivelmente produtiva, frutos marcadamente estriados e altamente coloridos com excepcional valor de mercado. Desenvolvida pela Clone Viveiros e protegida no Minist\u00e9rio de Agricultura sob o n\u00famero 20170150, mantendo todas as outras caracter\u00edsticas da variedade Eva original. Apar\u00eancia excepcional. Colheita em dezembro e in\u00edcio de janeiro. Pode ser produzida mesmo em locais onde n\u00e3o haja ac\u00famulo de frio, com tratamentos para quebra de dorm\u00eancia. Pode ser polinizada pela IPR Julieta, Princesa ou CVF Fuji Kiss, quando se utilizam filas inteiras para poliniza\u00e7\u00e3o.\"><small style=\"text-align:left\">Incrivelmente produtiva, frutos marcadamente estriados e altamente coloridos com excepcional valo...<\/small><\/a><br\/><div class=\"img-mini\"><p><img loading=\"lazy\" title=\"Variedade Exclusiva\" src=\"https:\/\/cloneviveiros.com.br\/site\/wp-content\/uploads\/2022\/04\/variedade.png\" width=\"76\" height=\"30\" \/> <img loading=\"lazy\" title=\"Baixa Exig\u00eancia em Frio\" src=\"https:\/\/cloneviveiros.com.br\/site\/wp-content\/uploads\/2022\/04\/baixa-2.png\" width=\"76\" height=\"30\" \/><\/p>\n<\/div>\n<a href=\"https:\/\/cloneviveiros.com.br\/site\/produto\/maca-eva-mirage\/\"><button style=\"background-color: ; color: \" class=\"btn \">Adicionar ao Or\u00e7amento<\/button><\/a>\n<\/div>\n<\/div><div class=\" col-cw\">\n<div class=\"thumbnail\">\t\t\t\t\t\t\t\n<a href=\"https:\/\/cloneviveiros.com.br\/site\/produto\/maca-cvf-fuji-kiss\/\" class=\"imagem\">\t\t\t\t\t\t\t\t\t\t\t\t\t\t\t\n\n<img src=\"https:\/\/cloneviveiros.com.br\/site\/wp-content\/uploads\/2022\/04\/destaque-cvf-fuji-kiss-300x216.jpg\" alt=\"Ma\u00e7\u00e3 CVF Fuji Kiss\" title=\"Ma\u00e7\u00e3 CVF Fuji Kiss \">\n<\/a>\t\t\t\n<div class=\"titulo\">\n<a href=\"https:\/\/cloneviveiros.com.br\/site\/produto\/maca-cvf-fuji-kiss\/\" title=\"Ma\u00e7\u00e3 CVF Fuji Kiss\"><h2>Ma\u00e7\u00e3 CVF Fuji Kiss<\/h2><\/a>\n<\/div>\n<a href=\"https:\/\/cloneviveiros.com.br\/site\/produto\/maca-cvf-fuji-kiss\/\" title=\"Muta\u00e7\u00e3o de fuji com baixa exig\u00eancia em frio. Desenvolvida pela Clone Viveiros e protegida no Minist\u00e9rio de Agricultura sob o n\u00famero 20170139. Em uma escala onde Fuji Suprema necessita entre 1050-1150 UF para quebra de dorm\u00eancia, Kiss precisa 400-500 UF - um pouco menos que Princesa. Pode ser polinizada por CVF Eva Mirage e Princesa. H\u00e1bito de crescimento semi-spur vigoroso, produz frutos de qualidade em espor\u00f5es, brindilas e, eventualmente, em gemas laterais. Altamente produtiva, formato mais alongado, ped\u00fanculos mais longos e menor suscetibilidade a russeting que outras Fujis. Floresce 30 a 50 dias antes que outros clones de Fuji nos locais que acumulam cerca de 400-500 UF, onde a matura\u00e7\u00e3o ocorre 30 a 40 dias antes das Fujis tradicionais. Colora\u00e7\u00e3o vermelha, sem estrias, induzida pela incid\u00eancia direta de luz no fruto, bem como pelas temperaturas noturnas amenas nos 20-30 dias que antecedem a colheita.\"><small style=\"text-align:left\">Muta\u00e7\u00e3o de fuji com baixa exig\u00eancia em frio. Desenvolvida pela Clone Viveiros e protegida no Mini...<\/small><\/a><br\/><div class=\"img-mini\"><p><img loading=\"lazy\" src=\"https:\/\/cloneviveiros.com.br\/site\/wp-content\/uploads\/2022\/04\/variedade.png\" title=\"Variedade Exclusiva\" width=\"76\" height=\"30\" \/> <img loading=\"lazy\" src=\"https:\/\/cloneviveiros.com.br\/site\/wp-content\/uploads\/2022\/04\/baixa-2.png\" title=\"Baixa Exig\u00eancia em Frio\" width=\"76\" height=\"30\" \/><\/p>\n<\/div>\n<a href=\"https:\/\/cloneviveiros.com.br\/site\/produto\/maca-cvf-fuji-kiss\/\"><button style=\"background-color: ; color: \" class=\"btn \">Adicionar ao Or\u00e7amento<\/button><\/a>\n<\/div>\n<\/div><div class=\" col-cw\">\n<div class=\"thumbnail\">\t\t\t\t\t\t\t\n<a href=\"https:\/\/cloneviveiros.com.br\/site\/produto\/pera-scs-421-carolina\/\" class=\"imagem\">\t\t\t\t\t\t\t\t\t\t\t\t\t\t\t\n\n<img src=\"https:\/\/cloneviveiros.com.br\/site\/wp-content\/uploads\/2022\/04\/destaque-scs-421-carolina-1-300x216.jpg\" alt=\"Pera SCS 421 Carolina\" title=\"Pera SCS 421 Carolina \">\n<\/a>\t\t\t\n<div class=\"titulo\">\n<a href=\"https:\/\/cloneviveiros.com.br\/site\/produto\/pera-scs-421-carolina\/\" title=\"Pera SCS 421 Carolina\"><h2>Pera SCS 421 Carolina<\/h2><\/a>\n<\/div>\n<a href=\"https:\/\/cloneviveiros.com.br\/site\/produto\/pera-scs-421-carolina\/\" title=\"Cultivar de pera asi\u00e1tica desenvolvida pela EPAGRI, que a descreve com tendo brota\u00e7\u00e3o e flora\u00e7\u00e3o em per\u00edodos pr\u00f3ximos da cultivar Hosui. Pode ser polinizada pela Yar-li ou Hosui. Colheita na primeira quinzena de fevereiro, podendo ser conservada por 4 meses em c\u00e2mara. Frutos de tamanho m\u00e9dio, arredondados, mais sim\u00e9tricos que da cultivar Hosui, casca dourada, atrativa, textura fina, macia, doce suculenta e leve aroma.\"><small style=\"text-align:left\">Cultivar de pera asi\u00e1tica desenvolvida pela EPAGRI, que a descreve com tendo brota\u00e7\u00e3o e flora\u00e7\u00e3o ...<\/small><\/a><br\/><div class=\"img-mini\"><\/div>\n<a href=\"https:\/\/cloneviveiros.com.br\/site\/produto\/pera-scs-421-carolina\/\"><button style=\"background-color: ; color: \" class=\"btn \">Adicionar ao Or\u00e7amento<\/button><\/a>\n<\/div>\n<\/div><div class=\" col-cw\">\n<div class=\"thumbnail\">\t\t\t\t\t\t\t\n<a href=\"https:\/\/cloneviveiros.com.br\/site\/produto\/ameixa-amarelona\/\" class=\"imagem\">\t\t\t\t\t\t\t\t\t\t\t\t\t\t\t\n\n<img src=\"https:\/\/cloneviveiros.com.br\/site\/wp-content\/uploads\/2022\/04\/destaque-amarelona-1-300x216.jpg\" alt=\"Ameixa Amarelona\" title=\"Ameixa Amarelona \">\n<\/a>\t\t\t\n<div class=\"titulo\">\n<a href=\"https:\/\/cloneviveiros.com.br\/site\/produto\/ameixa-amarelona\/\" title=\"Ameixa Amarelona\"><h2>Ameixa Amarelona<\/h2><\/a>\n<\/div>\n<a href=\"https:\/\/cloneviveiros.com.br\/site\/produto\/ameixa-amarelona\/\" title=\"Variedade com frutos amarelos selecionada pela Clone Viveiros. Frutas de colora\u00e7\u00e3o amarelas vivo, uniforme, sem manchas, tamanhos m\u00e9dio\/grande, dependendo da carga. Muito bom sabor e boa conserva\u00e7\u00e3o. Das amarelas, provavelmente a mais interessante dispon\u00edvel hoje.\"><small style=\"text-align:left\">Variedade com frutos amarelos selecionada pela Clone Viveiros. Frutas de colora\u00e7\u00e3o amarelas vivo,...<\/small><\/a><br\/><div class=\"img-mini\"><\/div>\n<a href=\"https:\/\/cloneviveiros.com.br\/site\/produto\/ameixa-amarelona\/\"><button style=\"background-color: ; color: \" class=\"btn \">Adicionar ao Or\u00e7amento<\/button><\/a>\n<\/div>\n<\/div><div class=\" col-cw\">\n<div class=\"thumbnail\">\t\t\t\t\t\t\t\n<a href=\"https:\/\/cloneviveiros.com.br\/site\/produto\/nectarina-cvf-xantily-1104\/\" class=\"imagem\">\t\t\t\t\t\t\t\t\t\t\t\t\t\t\t\n\n<img src=\"https:\/\/cloneviveiros.com.br\/site\/wp-content\/uploads\/2022\/04\/destaque-cvf-xantily-1104-1-300x216.jpg\" alt=\"Nectarina CVF Xantily 1104\" title=\"Nectarina CVF Xantily 1104 \">\n<\/a>\t\t\t\n<div class=\"titulo\">\n<a href=\"https:\/\/cloneviveiros.com.br\/site\/produto\/nectarina-cvf-xantily-1104\/\" title=\"Nectarina CVF Xantily 1104\"><h2>Nectarina CVF Xantily 1104<\/h2><\/a>\n<\/div>\n<a href=\"https:\/\/cloneviveiros.com.br\/site\/produto\/nectarina-cvf-xantily-1104\/\" title=\"Variedade de nectarina com polpa branca, doce e baixa acidez, criada pela CLONE VIVEIROS. Sabor excepcional para uma nectarina. Qualidade dos frutos vai de encontro com as prefer\u00eancias do mercado brasileiro, diferente das nectarinas tradicionais, semelhante \u00e0 dos p\u00eassegos brancos. \u00c1rvores grandes, crescimento aberto; ramos longos e com abundante flora\u00e7\u00e3o em agosto, pr\u00f3xima da variedade Chimarrita. Matura\u00e7\u00e3o na \u00faltima semana de novembro em Arauc\u00e1ria-PR, muito produtiva, bom tamanho e boa capacidade de armazenamento. Uma nova op\u00e7\u00e3o para complementar a disponibilidade de nectarinas doces desenvolvidas pela CLONE VIVEIROS.\"><small style=\"text-align:left\">Variedade de nectarina com polpa branca, doce e baixa acidez, criada pela CLONE VIVEIROS. Sabor e...<\/small><\/a><br\/><div class=\"img-mini\"><p><img loading=\"lazy\" src=\"https:\/\/cloneviveiros.com.br\/site\/wp-content\/uploads\/2022\/04\/variedade.png\" title=\"Variedade Exclusiva\" width=\"76\" height=\"30\" \/><\/p>\n<\/div>\n<a href=\"https:\/\/cloneviveiros.com.br\/site\/produto\/nectarina-cvf-xantily-1104\/\"><button style=\"background-color: ; color: \" class=\"btn \">Adicionar ao Or\u00e7amento<\/button><\/a>\n<\/div>\n<\/div><\/div>\n\t<div class=\"row-cw\">\n\t<div class=\"col-cw s12 orcamentos_paginacao\">\n\t\n\t<\/div>\n\t<\/div>\n<\/div><\/div>\n<\/div><\/section>\n\n\n\n<p><\/p>\n","protected":false},"excerpt":{"rendered":"","protected":false},"author":1,"featured_media":0,"parent":0,"menu_order":0,"comment_status":"closed","ping_status":"closed","template":"","meta":{"site-sidebar-layout":"no-sidebar","site-content-layout":"page-builder","ast-main-header-display":"","ast-hfb-above-header-display":"","ast-hfb-below-header-display":"","ast-hfb-mobile-header-display":"","site-post-title":"disabled","ast-breadcrumbs-content":"","ast-featured-img":"","footer-sml-layout":"","theme-transparent-header-meta":"","adv-header-id-meta":"","stick-header-meta":"","header-above-stick-meta":"","header-main-stick-meta":"","header-below-stick-meta":""},"acf":[],"uagb_featured_image_src":{"full":false,"thumbnail":false,"medium":false,"medium_large":false,"large":false,"1536x1536":false,"2048x2048":false},"uagb_author_info":{"display_name":"Clone ADM","author_link":"https:\/\/cloneviveiros.com.br\/site\/author\/clone-adm\/"},"uagb_comment_info":0,"uagb_excerpt":null,"_links":{"self":[{"href":"https:\/\/cloneviveiros.com.br\/site\/wp-json\/wp\/v2\/pages\/606"}],"collection":[{"href":"https:\/\/cloneviveiros.com.br\/site\/wp-json\/wp\/v2\/pages"}],"about":[{"href":"https:\/\/cloneviveiros.com.br\/site\/wp-json\/wp\/v2\/types\/page"}],"author":[{"embeddable":true,"href":"https:\/\/cloneviveiros.com.br\/site\/wp-json\/wp\/v2\/users\/1"}],"replies":[{"embeddable":true,"href":"https:\/\/cloneviveiros.com.br\/site\/wp-json\/wp\/v2\/comments?post=606"}],"version-history":[{"count":0,"href":"https:\/\/cloneviveiros.com.br\/site\/wp-json\/wp\/v2\/pages\/606\/revisions"}],"wp:attachment":[{"href":"https:\/\/cloneviveiros.com.br\/site\/wp-json\/wp\/v2\/media?parent=606"}],"curies":[{"name":"wp","href":"https:\/\/api.w.org\/{rel}","templated":true}]}}