{"id":604,"date":"2022-04-24T10:02:05","date_gmt":"2022-04-24T13:02:05","guid":{"rendered":"https:\/\/www.cloneviveiros.com.br\/site\/?page_id=604"},"modified":"2022-04-24T10:02:05","modified_gmt":"2022-04-24T13:02:05","slug":"quebra-vento","status":"publish","type":"page","link":"https:\/\/cloneviveiros.com.br\/site\/quebra-vento\/","title":{"rendered":"Quebra-Vento"},"content":{"rendered":"\n<section class=\"wp-block-uagb-columns uagb-columns__wrap uagb-columns__background-undefined uagb-columns__stack-mobile uagb-columns__valign-undefined uagb-columns__gap-10 alignundefined uagb-block-338b654d\"><div class=\"uagb-columns__overlay\"><\/div><div class=\"uagb-columns__inner-wrap uagb-columns__columns-1\">\n<div class=\"wp-block-uagb-column uagb-column__wrap uagb-column__background-undefined uagb-block-74303519\"><div class=\"uagb-column__overlay\"><\/div><div class=\"uagb-column__inner-wrap\">\n<h2 class=\"wp-block-heading\"><strong>QUEBRA-VENTO<\/strong><\/h2>\n\n\n<div class=\"row-cw produtos\"><div class=\" col-cw\">\n<div class=\"thumbnail\">\t\t\t\t\t\t\t\n<a href=\"https:\/\/cloneviveiros.com.br\/site\/produto\/quebra-ventos-salix\/\" class=\"imagem\">\t\t\t\t\t\t\t\t\t\t\t\t\t\t\t\n\n<img decoding=\"async\" src=\"https:\/\/cloneviveiros.com.br\/site\/wp-content\/plugins\/orcamento-cw\/imagens\/sem-imagem.gif\" alt=\"Quebra-ventos Salix\" title=\"Quebra-ventos Salix\">\n<\/a>\t\t\t\n<div class=\"titulo\">\n<a href=\"https:\/\/cloneviveiros.com.br\/site\/produto\/quebra-ventos-salix\/\" title=\"Quebra-ventos Salix\"><h2>Quebra-ventos Salix<\/h2><\/a>\n<\/div>\n<a href=\"https:\/\/cloneviveiros.com.br\/site\/produto\/quebra-ventos-salix\/\" title=\"A presen\u00e7a de quebra-ventos s\u00e3o essenciais em pomares comerciais com finalidade de se diminuir danos mec\u00e2nicos nos frutos, rompimento de ramos, e em esp\u00e9cies como a ameixeira e pessegueiro atua na preven\u00e7\u00e3o e dissemina\u00e7\u00e3o de bacterioses.\"><small style=\"text-align:left\">A presen\u00e7a de quebra-ventos s\u00e3o essenciais em pomares comerciais com finalidade de se diminuir da...<\/small><\/a><br\/><div class=\"img-mini\"><\/div>\n<button onclick=\"orcamento('','956', 'page-produto','');\" style=\"background-color: ; color: \" class=\"btn  produto-956\">Adicionar ao Or\u00e7amento<\/button>\n<\/div>\n<\/div><div class=\" col-cw\">\n<div class=\"thumbnail\">\t\t\t\t\t\t\t\n<a href=\"https:\/\/cloneviveiros.com.br\/site\/produto\/quebra-ventos-alamo\/\" class=\"imagem\">\t\t\t\t\t\t\t\t\t\t\t\t\t\t\t\n\n<img decoding=\"async\" src=\"https:\/\/cloneviveiros.com.br\/site\/wp-content\/plugins\/orcamento-cw\/imagens\/sem-imagem.gif\" alt=\"Quebra-ventos Alamo\" title=\"Quebra-ventos Alamo\">\n<\/a>\t\t\t\n<div class=\"titulo\">\n<a href=\"https:\/\/cloneviveiros.com.br\/site\/produto\/quebra-ventos-alamo\/\" title=\"Quebra-ventos Alamo\"><h2>Quebra-ventos Alamo<\/h2><\/a>\n<\/div>\n<a href=\"https:\/\/cloneviveiros.com.br\/site\/produto\/quebra-ventos-alamo\/\" title=\"A presen\u00e7a de quebra-ventos s\u00e3o essenciais em pomares comerciais com finalidade de se diminuir danos mec\u00e2nicos nos frutos, rompimento de ramos, e em esp\u00e9cies como a ameixeira e pessegueiro atua na preven\u00e7\u00e3o e dissemina\u00e7\u00e3o de bacterioses.<br \/>\r\n\"><small style=\"text-align:left\">A presen\u00e7a de quebra-ventos s\u00e3o essenciais em pomares comerciais com finalidade de se diminuir da...<\/small><\/a><br\/><div class=\"img-mini\"><\/div>\n<button onclick=\"orcamento('','955', 'page-produto','');\" style=\"background-color: ; color: \" class=\"btn  produto-955\">Adicionar ao Or\u00e7amento<\/button>\n<\/div>\n<\/div><div class=\" col-cw\">\n<div class=\"thumbnail\">\t\t\t\t\t\t\t\n<a href=\"https:\/\/cloneviveiros.com.br\/site\/produto\/quebra-ventos-alamo-e-salix\/\" class=\"imagem\">\t\t\t\t\t\t\t\t\t\t\t\t\t\t\t\n\n<img decoding=\"async\" src=\"https:\/\/cloneviveiros.com.br\/site\/wp-content\/uploads\/2022\/04\/destaque-quebra-vento-1-300x216.png\" alt=\"Quebra-ventos Alamo e Salix\" title=\"Quebra-ventos Alamo e Salix\">\n<\/a>\t\t\t\n<div class=\"titulo\">\n<a href=\"https:\/\/cloneviveiros.com.br\/site\/produto\/quebra-ventos-alamo-e-salix\/\" title=\"Quebra-ventos Alamo e Salix\"><h2>Quebra-ventos Alamo e Salix<\/h2><\/a>\n<\/div>\n<a href=\"https:\/\/cloneviveiros.com.br\/site\/produto\/quebra-ventos-alamo-e-salix\/\" title=\"A presen\u00e7a de quebra-ventos s\u00e3o essenciais em pomares comerciais com finalidade de se diminuir danos mec\u00e2nicos nos frutos, rompimento de ramos, e em esp\u00e9cies como a ameixeira e pessegueiro atua na preven\u00e7\u00e3o e dissemina\u00e7\u00e3o de bacterioses. \"><small style=\"text-align:left\">A presen\u00e7a de quebra-ventos s\u00e3o essenciais em pomares comerciais com finalidade de se diminuir da...<\/small><\/a><br\/><div class=\"img-mini\"><\/div>\n<button onclick=\"orcamento('','661', 'page-produto','');\" style=\"background-color: ; color: \" class=\"btn  produto-661\">Adicionar ao Or\u00e7amento<\/button>\n<\/div>\n<\/div><\/div>\n\t<div class=\"row-cw\">\n\t<div class=\"col-cw s12 orcamentos_paginacao\">\n\t\n\t<\/div>\n\t<\/div>\n<\/div><\/div>\n<\/div><\/section>\n","protected":false},"excerpt":{"rendered":"<p>QUEBRA-VENTO<\/p>\n","protected":false},"author":1,"featured_media":0,"parent":0,"menu_order":0,"comment_status":"closed","ping_status":"closed","template":"","meta":{"_acf_changed":false,"_uag_custom_page_level_css":"","site-sidebar-layout":"no-sidebar","site-content-layout":"page-builder","ast-main-header-display":"","ast-hfb-above-header-display":"","ast-hfb-below-header-display":"","ast-hfb-mobile-header-display":"","site-post-title":"disabled","ast-breadcrumbs-content":"","ast-featured-img":"","footer-sml-layout":"","theme-transparent-header-meta":"","adv-header-id-meta":"","stick-header-meta":"","header-above-stick-meta":"","header-main-stick-meta":"","header-below-stick-meta":"","footnotes":""},"class_list":["post-604","page","type-page","status-publish","hentry"],"acf":[],"uagb_featured_image_src":{"full":false,"thumbnail":false,"medium":false,"medium_large":false,"large":false,"1536x1536":false,"2048x2048":false},"uagb_author_info":{"display_name":"Clone ADM","author_link":"https:\/\/cloneviveiros.com.br\/site\/author\/clone-adm\/"},"uagb_comment_info":0,"uagb_excerpt":"QUEBRA-VENTO","_links":{"self":[{"href":"https:\/\/cloneviveiros.com.br\/site\/wp-json\/wp\/v2\/pages\/604","targetHints":{"allow":["GET"]}}],"collection":[{"href":"https:\/\/cloneviveiros.com.br\/site\/wp-json\/wp\/v2\/pages"}],"about":[{"href":"https:\/\/cloneviveiros.com.br\/site\/wp-json\/wp\/v2\/types\/page"}],"author":[{"embeddable":true,"href":"https:\/\/cloneviveiros.com.br\/site\/wp-json\/wp\/v2\/users\/1"}],"replies":[{"embeddable":true,"href":"https:\/\/cloneviveiros.com.br\/site\/wp-json\/wp\/v2\/comments?post=604"}],"version-history":[{"count":0,"href":"https:\/\/cloneviveiros.com.br\/site\/wp-json\/wp\/v2\/pages\/604\/revisions"}],"wp:attachment":[{"href":"https:\/\/cloneviveiros.com.br\/site\/wp-json\/wp\/v2\/media?parent=604"}],"curies":[{"name":"wp","href":"https:\/\/api.w.org\/{rel}","templated":true}]}}