{"id":602,"date":"2022-04-24T10:01:44","date_gmt":"2022-04-24T13:01:44","guid":{"rendered":"https:\/\/www.cloneviveiros.com.br\/site\/?page_id=602"},"modified":"2022-07-19T14:21:31","modified_gmt":"2022-07-19T17:21:31","slug":"porta-enxertos","status":"publish","type":"page","link":"https:\/\/cloneviveiros.com.br\/site\/porta-enxertos\/","title":{"rendered":"Porta-Enxertos"},"content":{"rendered":"\n<section class=\"wp-block-uagb-columns uagb-columns__wrap uagb-columns__background-undefined uagb-columns__stack-mobile uagb-columns__valign-undefined uagb-columns__gap-10 alignundefined uagb-block-0e3d6151\"><div class=\"uagb-columns__overlay\"><\/div><div class=\"uagb-columns__inner-wrap uagb-columns__columns-1\">\n<div class=\"wp-block-uagb-column uagb-column__wrap uagb-column__background-undefined uagb-block-3938a9e3\"><div class=\"uagb-column__overlay\"><\/div><div class=\"uagb-column__inner-wrap\">\n<h2><strong>PORTA-ENXERTOS<\/strong><\/h2>\n\n\n\n<section class=\"wp-block-uagb-columns uagb-columns__wrap uagb-columns__background-undefined uagb-columns__stack-mobile uagb-columns__valign-undefined uagb-columns__gap-10 alignundefined uagb-block-c6045b4f\"><div class=\"uagb-columns__overlay\"><\/div><div class=\"uagb-columns__inner-wrap uagb-columns__columns-2\">\n<div class=\"wp-block-uagb-column uagb-column__wrap uagb-column__background-undefined uagb-block-ed719701\"><div class=\"uagb-column__overlay\"><\/div><div class=\"uagb-column__inner-wrap\">\n<figure class=\"wp-block-image size-full is-style-rounded\"><a href=\"https:\/\/cloneviveiros.com.br\/site\/porta-enxerto-de-ameixa-pessego-e-nectarina\/\"><img src=\"https:\/\/www.cloneviveiros.com.br\/site\/wp-content\/uploads\/2022\/04\/enxerto-a9.png\" alt=\"\" class=\"wp-image-826\"\/><\/a><\/figure>\n<\/div><\/div>\n\n\n\n<div class=\"wp-block-uagb-column uagb-column__wrap uagb-column__background-undefined uagb-block-55ce9d75\"><div class=\"uagb-column__overlay\"><\/div><div class=\"uagb-column__inner-wrap\">\n<div style=\"height:30px\" aria-hidden=\"true\" class=\"wp-block-spacer\"><\/div>\n\n\n\n<h4>PORTA-ENXERTO DE AMEIXA, P\u00caSSEGO E NECTARINA<\/h4>\n\n\n\n<p style=\"font-size:22px\"><strong>A.9\u00ae<\/strong><\/p>\n\n\n\n<p>Para: Ameixeira, Pessegueiro e Nectarineira. Desenvolvido pela Clone Viveiros, A.9\u00ae \u00e9 extremamente produtivo! <\/p>\n\n\n\n<p style=\"font-size:22px\"><strong>A.9\u00ae COM FILTRO<\/strong><\/p>\n\n\n\n<p>Para: Ameixeira. Induz nanismo bem como frutifica\u00e7\u00e3o maiores que na enxertia direta sobre A.9\u00ae. Pode garantir boa produ\u00e7\u00e3o em anos de frutifica\u00e7\u00e3o pouco favor\u00e1veis. <\/p>\n\n\n\n<p style=\"font-size:22px\"><strong>OKINAWA<\/strong><\/p>\n\n\n\n<p>Para: Ameixeira, Pessegueiro e Nectarineira. Resistente a nematoides causadores de galhas. <\/p>\n\n\n\n<div class=\"wp-block-uagb-marketing-button uagb-marketing-btn__outer-wrap uagb-marketing-btn__align-left uagb-marketing-btn__align-text-center uagb-marketing-btn__icon-before uagb-block-9db27b08\"><div class=\"uagb-marketing-btn__wrap\"><a href=\"https:\/\/cloneviveiros.com.br\/site\/porta-enxerto-de-ameixa-pessego-e-nectarina\/\" class=\"uagb-marketing-btn__link\" target=\"\" rel=\"noopener noreferrer\"><div class=\"uagb-marketing-btn__title-wrap\"><div class=\"uagb-marketing-btn__icon-wrap\"><svg xmlns=\"http:\/\/www.w3.org\/2000\/svg\" viewBox=\"0 0 512 512\"><path d=\"M256 8c137 0 248 111 248 248S393 504 256 504 8 393 8 256 119 8 256 8zm-28.9 143.6l75.5 72.4H120c-13.3 0-24 10.7-24 24v16c0 13.3 10.7 24 24 24h182.6l-75.5 72.4c-9.7 9.3-9.9 24.8-.4 34.3l11 10.9c9.4 9.4 24.6 9.4 33.9 0L404.3 273c9.4-9.4 9.4-24.6 0-33.9L271.6 106.3c-9.4-9.4-24.6-9.4-33.9 0l-11 10.9c-9.5 9.6-9.3 25.1.4 34.4z\"><\/path><\/svg><\/div><h6 class=\"uagb-marketing-btn__title\">SAIBA MAIS<\/h6><\/div><div class=\"uagb-marketing-btn__prefix-wrap\"><p class=\"uagb-marketing-btn__prefix\"><\/p><\/div><\/a><\/div><\/div>\n<\/div><\/div>\n<\/div><\/section>\n\n\n\n<section class=\"wp-block-uagb-columns uagb-columns__wrap uagb-columns__background-undefined uagb-columns__stack-mobile uagb-columns__valign-undefined uagb-columns__gap-10 alignundefined uagb-block-465e07cd\"><div class=\"uagb-columns__overlay\"><\/div><div class=\"uagb-columns__inner-wrap uagb-columns__columns-2\">\n<div class=\"wp-block-uagb-column uagb-column__wrap uagb-column__background-undefined uagb-block-914ca664\"><div class=\"uagb-column__overlay\"><\/div><div class=\"uagb-column__inner-wrap\">\n<figure class=\"wp-block-image size-full is-style-rounded\"><a href=\"https:\/\/www.cloneviveiros.com.br\/site\/porta-enxerto-para-macieira\/\"><img src=\"https:\/\/www.cloneviveiros.com.br\/site\/wp-content\/uploads\/2022\/04\/enxerto-maca.png\" alt=\"\" class=\"wp-image-834\"\/><\/a><\/figure>\n<\/div><\/div>\n\n\n\n<div class=\"wp-block-uagb-column uagb-column__wrap uagb-column__background-undefined uagb-block-40c664b8\"><div class=\"uagb-column__overlay\"><\/div><div class=\"uagb-column__inner-wrap\">\n<div style=\"height:30px\" aria-hidden=\"true\" class=\"wp-block-spacer\"><\/div>\n\n\n\n<h4>PORTA-ENXERTO PARA MACIEIRA<\/h4>\n\n\n\n<p style=\"font-size:22px\"><strong>M9<\/strong><\/p>\n\n\n\n<p>Para densidades superiores a 2.500-4.000 plantas por hectare. Exige sistema de tutoramento. Frutifica\u00e7\u00e3o muito precoce, frutos de alta qualidade. <\/p>\n\n\n\n<p style=\"font-size:22px\"><strong>MARUBA COM FILTRO DE M9<\/strong><\/p>\n\n\n\n<p>Excelente op\u00e7\u00e3o para precocidade, rusticidade, alta produtividade e qualidade. <\/p>\n\n\n\n<p style=\"font-size:22px\"><strong>MARUBA<\/strong><\/p>\n\n\n\n<p>Interessante para variedades com baixa exig\u00eancia em frio, para solos secos ou com problema de drenagem, replantios e adensamentos. <\/p>\n\n\n\n<div class=\"wp-block-uagb-marketing-button uagb-marketing-btn__outer-wrap uagb-marketing-btn__align-left uagb-marketing-btn__align-text-center uagb-marketing-btn__icon-before uagb-block-c115ac01\"><div class=\"uagb-marketing-btn__wrap\"><a href=\"https:\/\/www.cloneviveiros.com.br\/site\/porta-enxerto-para-macieira\/\" class=\"uagb-marketing-btn__link\" target=\"\" rel=\"noopener noreferrer\"><div class=\"uagb-marketing-btn__title-wrap\"><div class=\"uagb-marketing-btn__icon-wrap\"><svg xmlns=\"http:\/\/www.w3.org\/2000\/svg\" viewBox=\"0 0 512 512\"><path d=\"M256 8c137 0 248 111 248 248S393 504 256 504 8 393 8 256 119 8 256 8zm-28.9 143.6l75.5 72.4H120c-13.3 0-24 10.7-24 24v16c0 13.3 10.7 24 24 24h182.6l-75.5 72.4c-9.7 9.3-9.9 24.8-.4 34.3l11 10.9c9.4 9.4 24.6 9.4 33.9 0L404.3 273c9.4-9.4 9.4-24.6 0-33.9L271.6 106.3c-9.4-9.4-24.6-9.4-33.9 0l-11 10.9c-9.5 9.6-9.3 25.1.4 34.4z\"><\/path><\/svg><\/div><h6 class=\"uagb-marketing-btn__title\">SAIBA MAIS<\/h6><\/div><div class=\"uagb-marketing-btn__prefix-wrap\"><p class=\"uagb-marketing-btn__prefix\"><\/p><\/div><\/a><\/div><\/div>\n<\/div><\/div>\n<\/div><\/section>\n\n\n\n<section class=\"wp-block-uagb-columns uagb-columns__wrap uagb-columns__background-undefined uagb-columns__stack-mobile uagb-columns__valign-undefined uagb-columns__gap-10 alignundefined uagb-block-c6b99cb2\"><div class=\"uagb-columns__overlay\"><\/div><div class=\"uagb-columns__inner-wrap uagb-columns__columns-2\">\n<div class=\"wp-block-uagb-column uagb-column__wrap uagb-column__background-undefined uagb-block-177549a0\"><div class=\"uagb-column__overlay\"><\/div><div class=\"uagb-column__inner-wrap\">\n<figure class=\"wp-block-image size-full is-style-rounded\"><a href=\"https:\/\/cloneviveiros.com.br\/site\/porta-enxerto-para-pereiras\/\"><img src=\"https:\/\/www.cloneviveiros.com.br\/site\/wp-content\/uploads\/2022\/04\/enxerto-pereira2.png\" alt=\"\" class=\"wp-image-819\"\/><\/a><\/figure>\n<\/div><\/div>\n\n\n\n<div class=\"wp-block-uagb-column uagb-column__wrap uagb-column__background-undefined uagb-block-3ee93dca\"><div class=\"uagb-column__overlay\"><\/div><div class=\"uagb-column__inner-wrap\">\n<div style=\"height:40px\" aria-hidden=\"true\" class=\"wp-block-spacer\"><\/div>\n\n\n\n<h4>PORTA-ENXERTO PARA PEREIRAS<\/h4>\n\n\n\n<p style=\"font-size:22px\"><strong>MARMELO CV<\/strong><\/p>\n\n\n\n<p>Desenvolvido pela Clone Viveiros. Produz plantas an\u00e3s, as quais mostram r\u00e1pida e abundante produ\u00e7\u00e3o de flores, e com entrada muito precoce em produ\u00e7\u00e3o. <\/p>\n\n\n\n<p style=\"font-size:22px\"><strong>CALERIANA<\/strong><\/p>\n\n\n\n<p>Compat\u00edvel com todas cultivares asi\u00e1ticas e europeias, ampla adapta\u00e7\u00e3o aos diversos tipos de solo. Densidades de plantio entre 700 e 2.000 plantas por hectare, dependendo da variedade e sistemas de plantio. <\/p>\n\n\n\n<div class=\"wp-block-uagb-marketing-button uagb-marketing-btn__outer-wrap uagb-marketing-btn__align-left uagb-marketing-btn__align-text-center uagb-marketing-btn__icon-before uagb-block-fe9a0cb5\"><div class=\"uagb-marketing-btn__wrap\"><a href=\"https:\/\/cloneviveiros.com.br\/site\/porta-enxerto-para-pereiras\/\" class=\"uagb-marketing-btn__link\" target=\"\" rel=\"noopener noreferrer\"><div class=\"uagb-marketing-btn__title-wrap\"><div class=\"uagb-marketing-btn__icon-wrap\"><svg xmlns=\"http:\/\/www.w3.org\/2000\/svg\" viewBox=\"0 0 512 512\"><path d=\"M256 8c137 0 248 111 248 248S393 504 256 504 8 393 8 256 119 8 256 8zm-28.9 143.6l75.5 72.4H120c-13.3 0-24 10.7-24 24v16c0 13.3 10.7 24 24 24h182.6l-75.5 72.4c-9.7 9.3-9.9 24.8-.4 34.3l11 10.9c9.4 9.4 24.6 9.4 33.9 0L404.3 273c9.4-9.4 9.4-24.6 0-33.9L271.6 106.3c-9.4-9.4-24.6-9.4-33.9 0l-11 10.9c-9.5 9.6-9.3 25.1.4 34.4z\"><\/path><\/svg><\/div><h6 class=\"uagb-marketing-btn__title\">SAIBA MAIS<\/h6><\/div><div class=\"uagb-marketing-btn__prefix-wrap\"><p class=\"uagb-marketing-btn__prefix\"><\/p><\/div><\/a><\/div><\/div>\n<\/div><\/div>\n<\/div><\/section>\n<\/div><\/div>\n<\/div><\/section>\n\n\n\n<p><\/p>\n","protected":false},"excerpt":{"rendered":"","protected":false},"author":1,"featured_media":0,"parent":0,"menu_order":0,"comment_status":"closed","ping_status":"closed","template":"","meta":{"site-sidebar-layout":"no-sidebar","site-content-layout":"page-builder","ast-main-header-display":"","ast-hfb-above-header-display":"","ast-hfb-below-header-display":"","ast-hfb-mobile-header-display":"","site-post-title":"disabled","ast-breadcrumbs-content":"","ast-featured-img":"","footer-sml-layout":"","theme-transparent-header-meta":"","adv-header-id-meta":"","stick-header-meta":"","header-above-stick-meta":"","header-main-stick-meta":"","header-below-stick-meta":""},"acf":[],"uagb_featured_image_src":{"full":false,"thumbnail":false,"medium":false,"medium_large":false,"large":false,"1536x1536":false,"2048x2048":false},"uagb_author_info":{"display_name":"Clone ADM","author_link":"https:\/\/cloneviveiros.com.br\/site\/author\/clone-adm\/"},"uagb_comment_info":0,"uagb_excerpt":null,"_links":{"self":[{"href":"https:\/\/cloneviveiros.com.br\/site\/wp-json\/wp\/v2\/pages\/602"}],"collection":[{"href":"https:\/\/cloneviveiros.com.br\/site\/wp-json\/wp\/v2\/pages"}],"about":[{"href":"https:\/\/cloneviveiros.com.br\/site\/wp-json\/wp\/v2\/types\/page"}],"author":[{"embeddable":true,"href":"https:\/\/cloneviveiros.com.br\/site\/wp-json\/wp\/v2\/users\/1"}],"replies":[{"embeddable":true,"href":"https:\/\/cloneviveiros.com.br\/site\/wp-json\/wp\/v2\/comments?post=602"}],"version-history":[{"count":6,"href":"https:\/\/cloneviveiros.com.br\/site\/wp-json\/wp\/v2\/pages\/602\/revisions"}],"predecessor-version":[{"id":887,"href":"https:\/\/cloneviveiros.com.br\/site\/wp-json\/wp\/v2\/pages\/602\/revisions\/887"}],"wp:attachment":[{"href":"https:\/\/cloneviveiros.com.br\/site\/wp-json\/wp\/v2\/media?parent=602"}],"curies":[{"name":"wp","href":"https:\/\/api.w.org\/{rel}","templated":true}]}}