{"id":6,"date":"2022-01-09T15:11:03","date_gmt":"2022-01-09T18:11:03","guid":{"rendered":"https:\/\/www.cloneviveiros.com.br\/site\/?page_id=2"},"modified":"2022-04-26T14:39:06","modified_gmt":"2022-04-26T17:39:06","slug":"pagina-produtos","status":"publish","type":"page","link":"https:\/\/cloneviveiros.com.br\/site\/pagina-produtos\/","title":{"rendered":"Produtos"},"content":{"rendered":"\n<section class=\"wp-block-uagb-columns uagb-columns__wrap uagb-columns__background-undefined uagb-columns__stack-mobile uagb-columns__valign-undefined uagb-columns__gap-10 alignundefined uagb-block-4809f356\"><div class=\"uagb-columns__overlay\"><\/div><div class=\"uagb-columns__inner-wrap uagb-columns__columns-1\">\n<div class=\"wp-block-uagb-column uagb-column__wrap uagb-column__background-undefined uagb-block-65456741\"><div class=\"uagb-column__overlay\"><\/div><div class=\"uagb-column__inner-wrap\">\n<h2><strong>PRODUTOS<\/strong><\/h2>\n\n\n<div class='white' style='background:rgba(0,0,0,0); border:solid 0px rgba(0,0,0,0); border-radius:5px; padding:8px 30px 8px 30px;'>\n<div id='sample_slider' class='owl-carousel sa_owl_theme owl-pagination-true' data-slider-id='sample_slider' style='visibility:hidden;'>\n<div id='sample_slider_slide02' class='sa_hover_container' style='padding:5% 1%; margin:0px 0%; '><a href=\"https:\/\/www.cloneviveiros.com.br\/site\/macas\/\"><div class=\"slide-especies\">\r\n<div><img src=\"https:\/\/www.cloneviveiros.com.br\/site\/wp-content\/uploads\/2022\/04\/foto-maca.png\" alt=\"\" width=\"273\" height=\"273\" class=\"alignnone size-full wp-image-152\" \/><\/div>\r\n<div class=\"espaco-5\"><\/div>\r\nMA\u00c7\u00c3<\/div><\/a><\/div>\n<div id='sample_slider_slide07' class='sa_hover_container' style='padding:5% 1%; margin:0px 0%; '><a href=\"https:\/\/www.cloneviveiros.com.br\/site\/nectarinas\/\"><div class=\"slide-especies\">\r\n<div><img src=\"https:\/\/www.cloneviveiros.com.br\/site\/wp-content\/uploads\/2022\/04\/foto-nectarina.png\" alt=\"\" width=\"273\" height=\"273\" class=\"alignnone size-full wp-image-152\" \/><\/div>\r\n<div class=\"espaco-5\"><\/div>\r\nNECTARINA<\/div><\/a><\/div>\n<div id='sample_slider_slide04' class='sa_hover_container' style='padding:5% 1%; margin:0px 0%; '><a href=\"https:\/\/www.cloneviveiros.com.br\/site\/ameixas\/\"><div class=\"slide-especies\">\r\n<div><img src=\"https:\/\/www.cloneviveiros.com.br\/site\/wp-content\/uploads\/2022\/04\/foto-ameixa.png\" alt=\"\" width=\"273\" height=\"273\" class=\"alignnone size-full wp-image-152\" \/><\/div>\r\n<div class=\"espaco-5\"><\/div>\r\nAMEIXA<\/div><\/a><\/div>\n<div id='sample_slider_slide03' class='sa_hover_container' style='padding:5% 1%; margin:0px 0%; '><a href=\"https:\/\/www.cloneviveiros.com.br\/site\/pessegos\/\"><div class=\"slide-especies\">\r\n<div><img src=\"https:\/\/www.cloneviveiros.com.br\/site\/wp-content\/uploads\/2022\/04\/foto-pessego.png\" alt=\"\" width=\"273\" height=\"273\" class=\"alignnone size-full wp-image-152\" \/><\/div>\r\n<div class=\"espaco-5\"><\/div>\r\nP\u00caSSEGO<\/div><\/a><\/div>\n<div id='sample_slider_slide06' class='sa_hover_container' style='padding:5% 1%; margin:0px 0%; '><a href=\"https:\/\/www.cloneviveiros.com.br\/site\/kiwi\/\"><div class=\"slide-especies\">\r\n<div><img src=\"https:\/\/www.cloneviveiros.com.br\/site\/wp-content\/uploads\/2022\/04\/foto-kiwi.png\" alt=\"\" width=\"273\" height=\"273\" class=\"alignnone size-full wp-image-152\" \/><\/div>\r\n<div class=\"espaco-5\"><\/div>\r\nKIWI<\/div><\/a><\/div>\n<div id='sample_slider_slide05' class='sa_hover_container' style='padding:5% 1%; margin:0px 0%; '><a href=\"https:\/\/www.cloneviveiros.com.br\/site\/caquis\/\"><div class=\"slide-especies\">\r\n<div><img src=\"https:\/\/www.cloneviveiros.com.br\/site\/wp-content\/uploads\/2022\/04\/foto-caqui.png\" alt=\"\" width=\"273\" height=\"273\" class=\"alignnone size-full wp-image-152\" \/><\/div>\r\n<div class=\"espaco-5\"><\/div>\r\nCAQUI<\/div><\/a><\/div>\n<div id='sample_slider_slide01' class='sa_hover_container' style='padding:5% 1%; margin:0px 0%; '><a href=\"https:\/\/www.cloneviveiros.com.br\/site\/peras\/\"><div class=\"slide-especies\">\r\n<div><img src=\"https:\/\/www.cloneviveiros.com.br\/site\/wp-content\/uploads\/2022\/04\/foto-pera.png\" alt=\"\" width=\"273\" height=\"273\" class=\"alignnone size-full wp-image-152\" \/><\/div>\r\n<div class=\"espaco-5\"><\/div>\r\nPERA<\/div><\/a><\/div>\n<\/div>\n<\/div>\n<script type='text\/javascript'>\n\tjQuery(document).ready(function() {\n\t\tjQuery('#sample_slider').owlCarousel({\n\t\t\tresponsive:{\n\t\t\t\t0:{ items:1 },\n\t\t\t\t480:{ items:2 },\n\t\t\t\t768:{ items:3 },\n\t\t\t\t980:{ items:4 },\n\t\t\t\t1200:{ items:4 },\n\t\t\t\t1500:{ items:4 }\n\t\t\t},\n\t\t\tautoplay : true,\n\t\t\tautoplayTimeout : 4000,\n\t\t\tautoplayHoverPause : true,\n\t\t\tsmartSpeed : 300,\n\t\t\tfluidSpeed : 300,\n\t\t\tautoplaySpeed : 300,\n\t\t\tnavSpeed : 300,\n\t\t\tdotsSpeed : 300,\n\t\t\tloop : true,\n\t\t\tnav : true,\n\t\t\tnavText : ['Previous','Next'],\n\t\t\tdots : true,\n\t\t\tresponsiveRefreshRate : 200,\n\t\t\tslideBy : 1,\n\t\t\tmergeFit : true,\n\t\t\tautoHeight : false,\n\t\t\tmouseDrag : false,\n\t\t\ttouchDrag : true\n\t\t});\n\t\tjQuery('#sample_slider').css('visibility', 'visible');\n\t\tsa_resize_sample_slider();\n\t\twindow.addEventListener('resize', sa_resize_sample_slider);\n\t\tfunction sa_resize_sample_slider() {\n\t\t\tvar min_height = '50';\n\t\t\tvar win_width = jQuery(window).width();\n\t\t\tvar slider_width = jQuery('#sample_slider').width();\n\t\t\tif (win_width < 480) {\n\t\t\t\tvar slide_width = slider_width \/ 1;\n\t\t\t} else if (win_width < 768) {\n\t\t\t\tvar slide_width = slider_width \/ 2;\n\t\t\t} else if (win_width < 980) {\n\t\t\t\tvar slide_width = slider_width \/ 3;\n\t\t\t} else if (win_width < 1200) {\n\t\t\t\tvar slide_width = slider_width \/ 4;\n\t\t\t} else if (win_width < 1500) {\n\t\t\t\tvar slide_width = slider_width \/ 4;\n\t\t\t} else {\n\t\t\t\tvar slide_width = slider_width \/ 4;\n\t\t\t}\n\t\t\tslide_width = Math.round(slide_width);\n\t\t\tvar slide_height = '0';\n\t\t\tif (min_height == 'aspect43') {\n\t\t\t\tslide_height = (slide_width \/ 4) * 3;\t\t\t\tslide_height = Math.round(slide_height);\n\t\t\t} else if (min_height == 'aspect169') {\n\t\t\t\tslide_height = (slide_width \/ 16) * 9;\t\t\t\tslide_height = Math.round(slide_height);\n\t\t\t} else {\n\t\t\t\tslide_height = (slide_width \/ 100) * min_height;\t\t\t\tslide_height = Math.round(slide_height);\n\t\t\t}\n\t\t\tjQuery('#sample_slider .owl-item .sa_hover_container').css('min-height', slide_height+'px');\n\t\t}\n\t\tvar owl_goto = jQuery('#sample_slider');\n\t\tjQuery('.sample_slider_goto1').click(function(event){\n\t\t\towl_goto.trigger('to.owl.carousel', 0);\n\t\t});\n\t\tjQuery('.sample_slider_goto2').click(function(event){\n\t\t\towl_goto.trigger('to.owl.carousel', 1);\n\t\t});\n\t\tjQuery('.sample_slider_goto3').click(function(event){\n\t\t\towl_goto.trigger('to.owl.carousel', 2);\n\t\t});\n\t\tjQuery('.sample_slider_goto4').click(function(event){\n\t\t\towl_goto.trigger('to.owl.carousel', 3);\n\t\t});\n\t\tjQuery('.sample_slider_goto5').click(function(event){\n\t\t\towl_goto.trigger('to.owl.carousel', 4);\n\t\t});\n\t\tjQuery('.sample_slider_goto6').click(function(event){\n\t\t\towl_goto.trigger('to.owl.carousel', 5);\n\t\t});\n\t\tjQuery('.sample_slider_goto7').click(function(event){\n\t\t\towl_goto.trigger('to.owl.carousel', 6);\n\t\t});\n\t\tvar resize_814 = jQuery('.owl-carousel');\n\t\tresize_814.on('initialized.owl.carousel', function(e) {\n\t\t\tif (typeof(Event) === 'function') {\n\t\t\t\twindow.dispatchEvent(new Event('resize'));\n\t\t\t} else {\n\t\t\t\tvar evt = window.document.createEvent('UIEvents');\n\t\t\t\tevt.initUIEvent('resize', true, false, window, 0);\n\t\t\t\twindow.dispatchEvent(evt);\n\t\t\t}\n\t\t});\n\t});\n<\/script>\n\n<\/div><\/div>\n<\/div><\/section>\n\n\n\n<section class=\"wp-block-uagb-columns uagb-columns__wrap uagb-columns__background-color uagb-columns__stack-mobile uagb-columns__valign-undefined uagb-columns__gap-10 alignundefined uagb-block-ef7eb5e1\"><div class=\"uagb-columns__overlay\"><\/div><div class=\"uagb-columns__inner-wrap uagb-columns__columns-1\">\n<div class=\"wp-block-uagb-column uagb-column__wrap uagb-column__background-undefined uagb-block-f9591d89\"><div class=\"uagb-column__overlay\"><\/div><div class=\"uagb-column__inner-wrap\">\n<p><em>O conte\u00fado deste Site\/cat\u00e1logo e\u0301 informativo de forma geral, e n\u00e3o tem o objetivo de recomenda\u00e7\u00e3o. Consulte seu engenheiro agr\u00f4nomo local para escolher as melhores op\u00e7\u00f5es para as suas necessidades especificas. As fotos contidas neste site\/cat\u00e1logo s\u00e3o ilustrativas. As frutas podem variar de cor, tamanho e qualidade de acordo com o manejo e o local do pomar.<\/em><\/p>\n<\/div><\/div>\n<\/div><\/section>\n","protected":false},"excerpt":{"rendered":"","protected":false},"author":1,"featured_media":0,"parent":0,"menu_order":0,"comment_status":"closed","ping_status":"closed","template":"","meta":{"site-sidebar-layout":"no-sidebar","site-content-layout":"page-builder","ast-main-header-display":"","ast-hfb-above-header-display":"","ast-hfb-below-header-display":"","ast-hfb-mobile-header-display":"","site-post-title":"disabled","ast-breadcrumbs-content":"","ast-featured-img":"","footer-sml-layout":"","theme-transparent-header-meta":"","adv-header-id-meta":"","stick-header-meta":"","header-above-stick-meta":"","header-main-stick-meta":"","header-below-stick-meta":""},"acf":[],"uagb_featured_image_src":{"full":false,"thumbnail":false,"medium":false,"medium_large":false,"large":false,"1536x1536":false,"2048x2048":false},"uagb_author_info":{"display_name":"Clone ADM","author_link":"https:\/\/cloneviveiros.com.br\/site\/author\/clone-adm\/"},"uagb_comment_info":0,"uagb_excerpt":null,"_links":{"self":[{"href":"https:\/\/cloneviveiros.com.br\/site\/wp-json\/wp\/v2\/pages\/6"}],"collection":[{"href":"https:\/\/cloneviveiros.com.br\/site\/wp-json\/wp\/v2\/pages"}],"about":[{"href":"https:\/\/cloneviveiros.com.br\/site\/wp-json\/wp\/v2\/types\/page"}],"author":[{"embeddable":true,"href":"https:\/\/cloneviveiros.com.br\/site\/wp-json\/wp\/v2\/users\/1"}],"replies":[{"embeddable":true,"href":"https:\/\/cloneviveiros.com.br\/site\/wp-json\/wp\/v2\/comments?post=6"}],"version-history":[{"count":1,"href":"https:\/\/cloneviveiros.com.br\/site\/wp-json\/wp\/v2\/pages\/6\/revisions"}],"predecessor-version":[{"id":855,"href":"https:\/\/cloneviveiros.com.br\/site\/wp-json\/wp\/v2\/pages\/6\/revisions\/855"}],"wp:attachment":[{"href":"https:\/\/cloneviveiros.com.br\/site\/wp-json\/wp\/v2\/media?parent=6"}],"curies":[{"name":"wp","href":"https:\/\/api.w.org\/{rel}","templated":true}]}}