{"id":525,"date":"2022-04-19T08:28:37","date_gmt":"2022-04-19T11:28:37","guid":{"rendered":"https:\/\/www.cloneviveiros.com.br\/site\/?page_id=525"},"modified":"2022-04-19T08:28:37","modified_gmt":"2022-04-19T11:28:37","slug":"caquis","status":"publish","type":"page","link":"https:\/\/cloneviveiros.com.br\/site\/caquis\/","title":{"rendered":"Caquis"},"content":{"rendered":"\n<section class=\"wp-block-uagb-columns uagb-columns__wrap uagb-columns__background-undefined uagb-columns__stack-mobile uagb-columns__valign-undefined uagb-columns__gap-10 alignundefined uagb-block-2436c47f\"><div class=\"uagb-columns__overlay\"><\/div><div class=\"uagb-columns__inner-wrap uagb-columns__columns-1\">\n<div class=\"wp-block-uagb-column uagb-column__wrap uagb-column__background-undefined uagb-block-9b448b0c\"><div class=\"uagb-column__overlay\"><\/div><div class=\"uagb-column__inner-wrap\">\n<h2><strong>CAQUIS<\/strong><\/h2>\n\n\n<div class=\"row-cw produtos\"><div class=\" col-cw\">\n<div class=\"thumbnail\">\t\t\t\t\t\t\t\n<a href=\"https:\/\/cloneviveiros.com.br\/site\/produto\/caqui-tokyo-toko-gosho\/\" class=\"imagem\">\t\t\t\t\t\t\t\t\t\t\t\t\t\t\t\n\n<img src=\"https:\/\/cloneviveiros.com.br\/site\/wp-content\/uploads\/2022\/04\/destaque-tokyo-toko-gohso-1-300x216.jpg\" alt=\"Caqui Tokyo (Toko) Gosho\" title=\"Caqui Tokyo (Toko) Gosho \">\n<\/a>\t\t\t\n<div class=\"titulo\">\n<a href=\"https:\/\/cloneviveiros.com.br\/site\/produto\/caqui-tokyo-toko-gosho\/\" title=\"Caqui Tokyo (Toko) Gosho\"><h2>Caqui Tokyo (Toko) Gosho<\/h2><\/a>\n<\/div>\n<a href=\"https:\/\/cloneviveiros.com.br\/site\/produto\/caqui-tokyo-toko-gosho\/\" title=\"Frutos doces muito semelhantes a variedade Fuyu, mas mostram matura\u00e7\u00e3o antecipada. Tem menor exig\u00eancia em frio que Fuyu. Brota e floresce mais cedo que Kyoto ou Fuyu. O vigor da planta \u00e9 bem mais reduzido que Fuyu, e, portanto, deve ser plantado bem mais adensado. Frutos de excelente qualidade. N\u00e3o necessita destaniza\u00e7\u00e3o.\"><small style=\"text-align:left\">Frutos doces muito semelhantes a variedade Fuyu, mas mostram matura\u00e7\u00e3o antecipada. Tem menor exig...<\/small><\/a><br\/><div class=\"img-mini\"><\/div>\n<button onclick=\"orcamento('','508', 'page-produto','');\" style=\"background-color: ; color: \" class=\"btn  produto-508\">Adicionar ao Or\u00e7amento<\/button>\n<\/div>\n<\/div><div class=\" col-cw\">\n<div class=\"thumbnail\">\t\t\t\t\t\t\t\n<a href=\"https:\/\/cloneviveiros.com.br\/site\/produto\/caqui-chocolate-precoce\/\" class=\"imagem\">\t\t\t\t\t\t\t\t\t\t\t\t\t\t\t\n\n<img src=\"https:\/\/cloneviveiros.com.br\/site\/wp-content\/uploads\/2022\/04\/destaque-chocolate-precoce-1-300x216.jpg\" alt=\"Caqui Chocolate Precoce\" title=\"Caqui Chocolate Precoce \">\n<\/a>\t\t\t\n<div class=\"titulo\">\n<a href=\"https:\/\/cloneviveiros.com.br\/site\/produto\/caqui-chocolate-precoce\/\" title=\"Caqui Chocolate Precoce\"><h2>Caqui Chocolate Precoce<\/h2><\/a>\n<\/div>\n<a href=\"https:\/\/cloneviveiros.com.br\/site\/produto\/caqui-chocolate-precoce\/\" title=\"Variedades do tipo Caf\u00e9 ou Chocolate. Brota\u00e7\u00e3o e matura\u00e7\u00e3o mais precoces que Kyoto. Chocolate de boa qualidade para o per\u00edodo de matura\u00e7\u00e3o. N\u00e3o necessita destaniza\u00e7\u00e3o.\"><small style=\"text-align:left\">Variedades do tipo Caf\u00e9 ou Chocolate. Brota\u00e7\u00e3o e matura\u00e7\u00e3o mais precoces que Kyoto. Chocolate de ...<\/small><\/a><br\/><div class=\"img-mini\"><\/div>\n<button onclick=\"orcamento('','511', 'page-produto','');\" style=\"background-color: ; color: \" class=\"btn  produto-511\">Adicionar ao Or\u00e7amento<\/button>\n<\/div>\n<\/div><div class=\" col-cw\">\n<div class=\"thumbnail\">\t\t\t\t\t\t\t\n<a href=\"https:\/\/cloneviveiros.com.br\/site\/produto\/caqui-fuyu-vermelho\/\" class=\"imagem\">\t\t\t\t\t\t\t\t\t\t\t\t\t\t\t\n\n<img src=\"https:\/\/cloneviveiros.com.br\/site\/wp-content\/plugins\/orcamento-cw\/imagens\/sem-imagem.gif\" alt=\"Caqui Fuyu Vermelho\" title=\"Caqui Fuyu Vermelho \">\n<\/a>\t\t\t\n<div class=\"titulo\">\n<a href=\"https:\/\/cloneviveiros.com.br\/site\/produto\/caqui-fuyu-vermelho\/\" title=\"Caqui Fuyu Vermelho\"><h2>Caqui Fuyu Vermelho<\/h2><\/a>\n<\/div>\n<a href=\"https:\/\/cloneviveiros.com.br\/site\/produto\/caqui-fuyu-vermelho\/\" title=\"As frutas s\u00e3o doces semelhantes aos da variedade Fuyu. Mostram matura\u00e7\u00e3o antecipada e colora\u00e7\u00e3o mais avermelhada. Variedade normalmente com maior frutifica\u00e7\u00e3o que Fuyu. Menor exig\u00eancia em frio do que Fuyu, portanto brota mais cedo. Muito boa produtividade. N\u00e3o deve ser muta\u00e7\u00e3o de Fuyu. N\u00e3o necessita destaniza\u00e7\u00e3o.\"><small style=\"text-align:left\">As frutas s\u00e3o doces semelhantes aos da variedade Fuyu. Mostram matura\u00e7\u00e3o antecipada e colora\u00e7\u00e3o m...<\/small><\/a><br\/><div class=\"img-mini\"><\/div>\n<button onclick=\"orcamento('','514', 'page-produto','');\" style=\"background-color: ; color: \" class=\"btn  produto-514\">Adicionar ao Or\u00e7amento<\/button>\n<\/div>\n<\/div><div class=\" col-cw\">\n<div class=\"thumbnail\">\t\t\t\t\t\t\t\n<a href=\"https:\/\/cloneviveiros.com.br\/site\/produto\/caqui-rojo-brillante\/\" class=\"imagem\">\t\t\t\t\t\t\t\t\t\t\t\t\t\t\t\n\n<img src=\"https:\/\/cloneviveiros.com.br\/site\/wp-content\/uploads\/2022\/04\/destaque-rojo-brillante-1-300x216.jpg\" alt=\"Caqui Rojo Brillante\" title=\"Caqui Rojo Brillante \">\n<\/a>\t\t\t\n<div class=\"titulo\">\n<a href=\"https:\/\/cloneviveiros.com.br\/site\/produto\/caqui-rojo-brillante\/\" title=\"Caqui Rojo Brillante\"><h2>Caqui Rojo Brillante<\/h2><\/a>\n<\/div>\n<a href=\"https:\/\/cloneviveiros.com.br\/site\/produto\/caqui-rojo-brillante\/\" title=\"Ou Roxo Brilhante, variedade de caqui mais importante na Espanha. Capacidade de manter a qualidade por per\u00edodos longos de conserva\u00e7\u00e3o. Os frutos t\u00eam excelente sabor, \u00f3tima apar\u00eancia, grandes e uniformes. Tem mostrado alta produtividade na regi\u00e3o de Arauc\u00e1ria-PR. Necessita destaniza\u00e7\u00e3o, aceita CO2, e se mant\u00eam firme ap\u00f3s o processo.\"><small style=\"text-align:left\">Ou Roxo Brilhante, variedade de caqui mais importante na Espanha. Capacidade de manter a qualidad...<\/small><\/a><br\/><div class=\"img-mini\"><\/div>\n<button onclick=\"orcamento('','515', 'page-produto','');\" style=\"background-color: ; color: \" class=\"btn  produto-515\">Adicionar ao Or\u00e7amento<\/button>\n<\/div>\n<\/div><div class=\" col-cw\">\n<div class=\"thumbnail\">\t\t\t\t\t\t\t\n<a href=\"https:\/\/cloneviveiros.com.br\/site\/produto\/caqui-fuyu\/\" class=\"imagem\">\t\t\t\t\t\t\t\t\t\t\t\t\t\t\t\n\n<img src=\"https:\/\/cloneviveiros.com.br\/site\/wp-content\/uploads\/2022\/04\/destaque-fuyu-1-300x216.jpg\" alt=\"Caqui Fuyu\" title=\"Caqui Fuyu \">\n<\/a>\t\t\t\n<div class=\"titulo\">\n<a href=\"https:\/\/cloneviveiros.com.br\/site\/produto\/caqui-fuyu\/\" title=\"Caqui Fuyu\"><h2>Caqui Fuyu<\/h2><\/a>\n<\/div>\n<a href=\"https:\/\/cloneviveiros.com.br\/site\/produto\/caqui-fuyu\/\" title=\"Variedade doce de aceita\u00e7\u00e3o universal, frutos de excelente qualidade. Mantemos constante sele\u00e7\u00e3o clonal desta variedade. N\u00e3o necessita destaniza\u00e7\u00e3o.\"><small style=\"text-align:left\">Variedade doce de aceita\u00e7\u00e3o universal, frutos de excelente qualidade. Mantemos constante sele\u00e7\u00e3o ...<\/small><\/a><br\/><div class=\"img-mini\"><\/div>\n<button onclick=\"orcamento('','518', 'page-produto','');\" style=\"background-color: ; color: \" class=\"btn  produto-518\">Adicionar ao Or\u00e7amento<\/button>\n<\/div>\n<\/div><div class=\" col-cw\">\n<div class=\"thumbnail\">\t\t\t\t\t\t\t\n<a href=\"https:\/\/cloneviveiros.com.br\/site\/produto\/caqui-kyoto\/\" class=\"imagem\">\t\t\t\t\t\t\t\t\t\t\t\t\t\t\t\n\n<img src=\"https:\/\/cloneviveiros.com.br\/site\/wp-content\/uploads\/2022\/04\/destaque-kyoto-1-300x216.jpg\" alt=\"Caqui Kyoto\" title=\"Caqui Kyoto \">\n<\/a>\t\t\t\n<div class=\"titulo\">\n<a href=\"https:\/\/cloneviveiros.com.br\/site\/produto\/caqui-kyoto\/\" title=\"Caqui Kyoto\"><h2>Caqui Kyoto<\/h2><\/a>\n<\/div>\n<a href=\"https:\/\/cloneviveiros.com.br\/site\/produto\/caqui-kyoto\/\" title=\"Variedades do tipo Caf\u00e9 ou Chocolate, brota\u00e7\u00e3o e matura\u00e7\u00e3o tardia. Frutos de muito boa qualidade, com presen\u00e7a de sementes. Tende a produzir melhor e apresenta maior estabilidade de produ\u00e7\u00e3o quando se consegue manter galhos de renova\u00e7\u00e3o mais vigorosos que em outras variedades. Ramos fracos tendem a produzir flores masculinas. N\u00e3o necessita destaniza\u00e7\u00e3o.\"><small style=\"text-align:left\">Variedades do tipo Caf\u00e9 ou Chocolate, brota\u00e7\u00e3o e matura\u00e7\u00e3o tardia. Frutos de muito boa qualidade,...<\/small><\/a><br\/><div class=\"img-mini\"><\/div>\n<button onclick=\"orcamento('','521', 'page-produto','');\" style=\"background-color: ; color: \" class=\"btn  produto-521\">Adicionar ao Or\u00e7amento<\/button>\n<\/div>\n<\/div><div class=\" col-cw\">\n<div class=\"thumbnail\">\t\t\t\t\t\t\t\n<a href=\"https:\/\/cloneviveiros.com.br\/site\/produto\/caqui-giombo\/\" class=\"imagem\">\t\t\t\t\t\t\t\t\t\t\t\t\t\t\t\n\n<img src=\"https:\/\/cloneviveiros.com.br\/site\/wp-content\/plugins\/orcamento-cw\/imagens\/sem-imagem.gif\" alt=\"Caqui Giombo\" title=\"Caqui Giombo \">\n<\/a>\t\t\t\n<div class=\"titulo\">\n<a href=\"https:\/\/cloneviveiros.com.br\/site\/produto\/caqui-giombo\/\" title=\"Caqui Giombo\"><h2>Caqui Giombo<\/h2><\/a>\n<\/div>\n<a href=\"https:\/\/cloneviveiros.com.br\/site\/produto\/caqui-giombo\/\" title=\"Plantas muito vigorosas e altamente produtivas, muito tardia. Normalmente destanizadas com \u00e1lcool, mantendo-se duro ap\u00f3s a destaniza\u00e7\u00e3o. Plantadas em regi\u00f5es quentes do Norte do Paran\u00e1, S\u00e3o Paulo e Minas Gerais, onde pode sofrer muito pela doen\u00e7a antracnose.\"><small style=\"text-align:left\">Plantas muito vigorosas e altamente produtivas, muito tardia. Normalmente destanizadas com \u00e1lcool...<\/small><\/a><br\/><div class=\"img-mini\"><\/div>\n<button onclick=\"orcamento('','524', 'page-produto','');\" style=\"background-color: ; color: \" class=\"btn  produto-524\">Adicionar ao Or\u00e7amento<\/button>\n<\/div>\n<\/div><div class=\" col-cw\">\n<div class=\"thumbnail\">\t\t\t\t\t\t\t\n<a href=\"https:\/\/cloneviveiros.com.br\/site\/produto\/caqui-rama-forte\/\" class=\"imagem\">\t\t\t\t\t\t\t\t\t\t\t\t\t\t\t\n\n<img src=\"https:\/\/cloneviveiros.com.br\/site\/wp-content\/uploads\/2022\/04\/destaque-rama-forte-1-300x216.jpg\" alt=\"Caqui Rama Forte\" title=\"Caqui Rama Forte \">\n<\/a>\t\t\t\n<div class=\"titulo\">\n<a href=\"https:\/\/cloneviveiros.com.br\/site\/produto\/caqui-rama-forte\/\" title=\"Caqui Rama Forte\"><h2>Caqui Rama Forte<\/h2><\/a>\n<\/div>\n<a href=\"https:\/\/cloneviveiros.com.br\/site\/produto\/caqui-rama-forte\/\" title=\"Variedade do tipo taninoso mais importante no Brasil atualmente. Muito produtivo, tradicionalmente consumido \u201cmole\u201d. Variedade que precisa destaniza\u00e7\u00e3o. Ampla adapta\u00e7\u00e3o clim\u00e1tica, mas cultivada quase que exclusivamente em S\u00e3o Paulo, Rio de Janeiro e Minas Gerias. Costata \u00e9 uma variedade semelhante, por\u00e9m de frutos maiores, produzida em algumas regi\u00f5es do Sudeste.\"><small style=\"text-align:left\">Variedade do tipo taninoso mais importante no Brasil atualmente. Muito produtivo, tradicionalment...<\/small><\/a><br\/><div class=\"img-mini\"><\/div>\n<button onclick=\"orcamento('','505', 'page-produto','');\" style=\"background-color: ; color: \" class=\"btn  produto-505\">Adicionar ao Or\u00e7amento<\/button>\n<\/div>\n<\/div><\/div>\n\t<div class=\"row-cw\">\n\t<div class=\"col-cw s12 orcamentos_paginacao\">\n\t\n\t<\/div>\n\t<\/div>\n<\/div><\/div>\n<\/div><\/section>\n","protected":false},"excerpt":{"rendered":"","protected":false},"author":1,"featured_media":0,"parent":0,"menu_order":0,"comment_status":"closed","ping_status":"closed","template":"","meta":{"site-sidebar-layout":"no-sidebar","site-content-layout":"page-builder","ast-main-header-display":"","ast-hfb-above-header-display":"","ast-hfb-below-header-display":"","ast-hfb-mobile-header-display":"","site-post-title":"disabled","ast-breadcrumbs-content":"","ast-featured-img":"","footer-sml-layout":"","theme-transparent-header-meta":"","adv-header-id-meta":"","stick-header-meta":"","header-above-stick-meta":"","header-main-stick-meta":"","header-below-stick-meta":""},"acf":[],"uagb_featured_image_src":{"full":false,"thumbnail":false,"medium":false,"medium_large":false,"large":false,"1536x1536":false,"2048x2048":false},"uagb_author_info":{"display_name":"Clone ADM","author_link":"https:\/\/cloneviveiros.com.br\/site\/author\/clone-adm\/"},"uagb_comment_info":0,"uagb_excerpt":null,"_links":{"self":[{"href":"https:\/\/cloneviveiros.com.br\/site\/wp-json\/wp\/v2\/pages\/525"}],"collection":[{"href":"https:\/\/cloneviveiros.com.br\/site\/wp-json\/wp\/v2\/pages"}],"about":[{"href":"https:\/\/cloneviveiros.com.br\/site\/wp-json\/wp\/v2\/types\/page"}],"author":[{"embeddable":true,"href":"https:\/\/cloneviveiros.com.br\/site\/wp-json\/wp\/v2\/users\/1"}],"replies":[{"embeddable":true,"href":"https:\/\/cloneviveiros.com.br\/site\/wp-json\/wp\/v2\/comments?post=525"}],"version-history":[{"count":0,"href":"https:\/\/cloneviveiros.com.br\/site\/wp-json\/wp\/v2\/pages\/525\/revisions"}],"wp:attachment":[{"href":"https:\/\/cloneviveiros.com.br\/site\/wp-json\/wp\/v2\/media?parent=525"}],"curies":[{"name":"wp","href":"https:\/\/api.w.org\/{rel}","templated":true}]}}