{"id":482,"date":"2022-04-18T15:05:33","date_gmt":"2022-04-18T18:05:33","guid":{"rendered":"https:\/\/www.cloneviveiros.com.br\/site\/?page_id=482"},"modified":"2022-07-19T14:47:02","modified_gmt":"2022-07-19T17:47:02","slug":"nectarinas","status":"publish","type":"page","link":"https:\/\/cloneviveiros.com.br\/site\/nectarinas\/","title":{"rendered":"Nectarinas"},"content":{"rendered":"\n<section class=\"wp-block-uagb-columns uagb-columns__wrap uagb-columns__background-undefined uagb-columns__stack-mobile uagb-columns__valign-undefined uagb-columns__gap-10 alignundefined uagb-block-42c4ad6a\"><div class=\"uagb-columns__overlay\"><\/div><div class=\"uagb-columns__inner-wrap uagb-columns__columns-1\">\n<div class=\"wp-block-uagb-column uagb-column__wrap uagb-column__background-undefined uagb-block-5a268f9d\"><div class=\"uagb-column__overlay\"><\/div><div class=\"uagb-column__inner-wrap\">\n<h2><strong>NECTARINAS<\/strong><\/h2>\n\n\n<div class=\"row-cw produtos\"><div class=\" col-cw\">\n<div class=\"thumbnail\">\t\t\t\t\t\t\t\n<a href=\"https:\/\/cloneviveiros.com.br\/site\/produto\/nectarina-cvf-xantily-1104\/\" class=\"imagem\">\t\t\t\t\t\t\t\t\t\t\t\t\t\t\t\n\n<img src=\"https:\/\/cloneviveiros.com.br\/site\/wp-content\/uploads\/2022\/04\/destaque-cvf-xantily-1104-1-300x216.jpg\" alt=\"Nectarina CVF Xantily 1104\" title=\"Nectarina CVF Xantily 1104 \">\n<\/a>\t\t\t\n<div class=\"titulo\">\n<a href=\"https:\/\/cloneviveiros.com.br\/site\/produto\/nectarina-cvf-xantily-1104\/\" title=\"Nectarina CVF Xantily 1104\"><h2>Nectarina CVF Xantily 1104<\/h2><\/a>\n<\/div>\n<a href=\"https:\/\/cloneviveiros.com.br\/site\/produto\/nectarina-cvf-xantily-1104\/\" title=\"Variedade de nectarina com polpa branca, doce e baixa acidez, criada pela CLONE VIVEIROS. Sabor excepcional para uma nectarina. Qualidade dos frutos vai de encontro com as prefer\u00eancias do mercado brasileiro, diferente das nectarinas tradicionais, semelhante \u00e0 dos p\u00eassegos brancos. \u00c1rvores grandes, crescimento aberto; ramos longos e com abundante flora\u00e7\u00e3o em agosto, pr\u00f3xima da variedade Chimarrita. Matura\u00e7\u00e3o na \u00faltima semana de novembro em Arauc\u00e1ria-PR, muito produtiva, bom tamanho e boa capacidade de armazenamento. Uma nova op\u00e7\u00e3o para complementar a disponibilidade de nectarinas doces desenvolvidas pela CLONE VIVEIROS.\"><small style=\"text-align:left\">Variedade de nectarina com polpa branca, doce e baixa acidez, criada pela CLONE VIVEIROS. Sabor e...<\/small><\/a><br\/><div class=\"img-mini\"><p><img loading=\"lazy\" src=\"https:\/\/cloneviveiros.com.br\/site\/wp-content\/uploads\/2022\/04\/variedade.png\" title=\"Variedade Exclusiva\" width=\"76\" height=\"30\" \/><\/p>\n<\/div>\n<a href=\"https:\/\/cloneviveiros.com.br\/site\/produto\/nectarina-cvf-xantily-1104\/\"><button style=\"background-color: ; color: \" class=\"btn \">Adicionar ao Or\u00e7amento<\/button><\/a>\n<\/div>\n<\/div><div class=\" col-cw\">\n<div class=\"thumbnail\">\t\t\t\t\t\t\t\n<a href=\"https:\/\/cloneviveiros.com.br\/site\/produto\/nectarina-cvf-kimdim-1104\/\" class=\"imagem\">\t\t\t\t\t\t\t\t\t\t\t\t\t\t\t\n\n<img src=\"https:\/\/cloneviveiros.com.br\/site\/wp-content\/uploads\/2022\/04\/destaque-cvf-kimdim-1104-1-300x216.jpg\" alt=\"Nectarina CVF Kimdim 1104\" title=\"Nectarina CVF Kimdim 1104 \">\n<\/a>\t\t\t\n<div class=\"titulo\">\n<a href=\"https:\/\/cloneviveiros.com.br\/site\/produto\/nectarina-cvf-kimdim-1104\/\" title=\"Nectarina CVF Kimdim 1104\"><h2>Nectarina CVF Kimdim 1104<\/h2><\/a>\n<\/div>\n<a href=\"https:\/\/cloneviveiros.com.br\/site\/produto\/nectarina-cvf-kimdim-1104\/\" title=\"Variedade de nectarina com polpa amarela, doce e baixa acidez, criada pela CLONE VIVEIROS. Qualidade dos frutos vai de encontro com as prefer\u00eancias do mercado brasileiro, diferente das nectarinas tradicionais. \u00c1rvores m\u00e9dias\/grandes, crescimento semiaberto, ramos longos e com abundante flora\u00e7\u00e3o. Exig\u00eancia em frio de 400 UF, pr\u00f3ximo da variedade Chimarrita. Matura\u00e7\u00e3o na terceira\/quarta semana de novembro em Arauc\u00e1ria-PR. Muito produtiva, bom tamanho, uma nova op\u00e7\u00e3o para complementar a disponibilidade de nectarinas doces desenvolvidas pela CLONE VIVEIROS. Excelente produtividade.\"><small style=\"text-align:left\">Variedade de nectarina com polpa amarela, doce e baixa acidez, criada pela CLONE VIVEIROS. Qualid...<\/small><\/a><br\/><div class=\"img-mini\"><p><img loading=\"lazy\" src=\"https:\/\/cloneviveiros.com.br\/site\/wp-content\/uploads\/2022\/04\/variedade.png\" title=\"Variedade Exclusiva\" width=\"76\" height=\"30\" \/><\/p>\n<\/div>\n<a href=\"https:\/\/cloneviveiros.com.br\/site\/produto\/nectarina-cvf-kimdim-1104\/\"><button style=\"background-color: ; color: \" class=\"btn \">Adicionar ao Or\u00e7amento<\/button><\/a>\n<\/div>\n<\/div><div class=\" col-cw\">\n<div class=\"thumbnail\">\t\t\t\t\t\t\t\n<a href=\"https:\/\/cloneviveiros.com.br\/site\/produto\/nectarina-cvf-kimdim-1202\/\" class=\"imagem\">\t\t\t\t\t\t\t\t\t\t\t\t\t\t\t\n\n<img src=\"https:\/\/cloneviveiros.com.br\/site\/wp-content\/uploads\/2022\/04\/destaque-cvf-kimdim-1202-1-300x216.jpg\" alt=\"Nectarina CVF Kimdim 1202\" title=\"Nectarina CVF Kimdim 1202 \">\n<\/a>\t\t\t\n<div class=\"titulo\">\n<a href=\"https:\/\/cloneviveiros.com.br\/site\/produto\/nectarina-cvf-kimdim-1202\/\" title=\"Nectarina CVF Kimdim 1202\"><h2>Nectarina CVF Kimdim 1202<\/h2><\/a>\n<\/div>\n<a href=\"https:\/\/cloneviveiros.com.br\/site\/produto\/nectarina-cvf-kimdim-1202\/\" title=\"Variedade de nectarina com polpa amarela, doce e baixa acidez, criada pela CLONE VIVEIROS. Qualidade dos frutos vai de encontro com as prefer\u00eancias do mercado brasileiro, diferente das nectarinas tradicionais. \u00c1rvores grandes, crescimento semiaberto, ramos longos e com abundante florada. Exig\u00eancia em frio de 500 UF, maior que Chimarrita, pr\u00f3ximo de Della Nona. Matura\u00e7\u00e3o na segunda semana de dezembro em Arauc\u00e1ria-PR. Muito produtiva, excelente sabor, bom tamanho. Sem d\u00favida, uma nova op\u00e7\u00e3o para complementar a disponibilidade de nectarinas doces desenvolvidas pela CLONE VIVEIROS.\"><small style=\"text-align:left\">Variedade de nectarina com polpa amarela, doce e baixa acidez, criada pela CLONE VIVEIROS. Qualid...<\/small><\/a><br\/><div class=\"img-mini\"><p><img loading=\"lazy\" src=\"https:\/\/cloneviveiros.com.br\/site\/wp-content\/uploads\/2022\/04\/variedade.png\" title=\"Variedade Exclusiva\" width=\"76\" height=\"30\" \/><\/p>\n<\/div>\n<a href=\"https:\/\/cloneviveiros.com.br\/site\/produto\/nectarina-cvf-kimdim-1202\/\"><button style=\"background-color: ; color: \" class=\"btn \">Adicionar ao Or\u00e7amento<\/button><\/a>\n<\/div>\n<\/div><div class=\" col-cw\">\n<div class=\"thumbnail\">\t\t\t\t\t\t\t\n<a href=\"https:\/\/cloneviveiros.com.br\/site\/produto\/nectarina-necta-gil\/\" class=\"imagem\">\t\t\t\t\t\t\t\t\t\t\t\t\t\t\t\n\n<img src=\"https:\/\/cloneviveiros.com.br\/site\/wp-content\/uploads\/2022\/04\/destaque-necta-gil-1-300x216.jpg\" alt=\"Nectarina Necta Gil\" title=\"Nectarina Necta Gil \">\n<\/a>\t\t\t\n<div class=\"titulo\">\n<a href=\"https:\/\/cloneviveiros.com.br\/site\/produto\/nectarina-necta-gil\/\" title=\"Nectarina Necta Gil\"><h2>Nectarina Necta Gil<\/h2><\/a>\n<\/div>\n<a href=\"https:\/\/cloneviveiros.com.br\/site\/produto\/nectarina-necta-gil\/\" title=\"Nectarina mutante da variedade de pessegueiro Eragil selecionada pela Clone Viveiros. Frutos doces, firmes, mantendo tanto o sabor como tamb\u00e9m a adapta\u00e7\u00e3o do pessegueiro Eragil. Frutas doces e com baixa acidez. Matura\u00e7\u00e3o tardia - em janeiro - boa conserva\u00e7\u00e3o em c\u00e2mara, permite estender o per\u00edodo de oferta de nectarinas de qualidade.\"><small style=\"text-align:left\">Nectarina mutante da variedade de pessegueiro Eragil selecionada pela Clone Viveiros. Frutos doce...<\/small><\/a><br\/><div class=\"img-mini\"><\/div>\n<a href=\"https:\/\/cloneviveiros.com.br\/site\/produto\/nectarina-necta-gil\/\"><button style=\"background-color: ; color: \" class=\"btn \">Adicionar ao Or\u00e7amento<\/button><\/a>\n<\/div>\n<\/div><div class=\" col-cw\">\n<div class=\"thumbnail\">\t\t\t\t\t\t\t\n<a href=\"https:\/\/cloneviveiros.com.br\/site\/produto\/nectarina-sungold-e-mexicana\/\" class=\"imagem\">\t\t\t\t\t\t\t\t\t\t\t\t\t\t\t\n\n<img src=\"https:\/\/cloneviveiros.com.br\/site\/wp-content\/plugins\/orcamento-cw\/imagens\/sem-imagem.gif\" alt=\"Nectarina Sungold e Mexicana\" title=\"Nectarina Sungold e Mexicana \">\n<\/a>\t\t\t\n<div class=\"titulo\">\n<a href=\"https:\/\/cloneviveiros.com.br\/site\/produto\/nectarina-sungold-e-mexicana\/\" title=\"Nectarina Sungold e Mexicana\"><h2>Nectarina Sungold e Mexicana<\/h2><\/a>\n<\/div>\n<a href=\"https:\/\/cloneviveiros.com.br\/site\/produto\/nectarina-sungold-e-mexicana\/\" title=\"Excelente produtividade nas regi\u00f5es mais frias do Sul do Brasil. Ambas produzem frutas grandes, muito firmes, boa conserva\u00e7\u00e3o, produtiva. Sabor tradicional de nectarinas, doce\/\u00e1cido, com acidez elevada.\"><small style=\"text-align:left\">Excelente produtividade nas regi\u00f5es mais frias do Sul do Brasil. Ambas produzem frutas grandes, m...<\/small><\/a><br\/><div class=\"img-mini\"><\/div>\n<a href=\"https:\/\/cloneviveiros.com.br\/site\/produto\/nectarina-sungold-e-mexicana\/\"><button style=\"background-color: ; color: \" class=\"btn \">Adicionar ao Or\u00e7amento<\/button><\/a>\n<\/div>\n<\/div><div class=\" col-cw\">\n<div class=\"thumbnail\">\t\t\t\t\t\t\t\n<a href=\"https:\/\/cloneviveiros.com.br\/site\/produto\/nectarina-smooth-delight-1\/\" class=\"imagem\">\t\t\t\t\t\t\t\t\t\t\t\t\t\t\t\n\n<img src=\"https:\/\/cloneviveiros.com.br\/site\/wp-content\/uploads\/2022\/04\/destaque-smooth-delight-1-1-300x216.jpg\" alt=\"Nectarina Smooth Delight 1\" title=\"Nectarina Smooth Delight 1 \">\n<\/a>\t\t\t\n<div class=\"titulo\">\n<a href=\"https:\/\/cloneviveiros.com.br\/site\/produto\/nectarina-smooth-delight-1\/\" title=\"Nectarina Smooth Delight 1\"><h2>Nectarina Smooth Delight 1<\/h2><\/a>\n<\/div>\n<a href=\"https:\/\/cloneviveiros.com.br\/site\/produto\/nectarina-smooth-delight-1\/\" title=\"Variedade de nectarina muito precoce, de frutos brancos, doces e acidez muito baixa. Sabor semelhante \u00e0 dos p\u00eassegos brancos, completamente diferente das nectarinas tradicionais. Qualidade dos frutos vai de encontro com as prefer\u00eancias do mercado brasileiro. Boa firmeza, muito bom tamanho para a data de matura\u00e7\u00e3o, redondos e boa apar\u00eancia. Necessita cerca de 300 unidades de frio, flora\u00e7\u00e3o no final de julho\/primeira semana de agosto em Arauc\u00e1ria-PR, portanto \u00e9 uma variedade destinada a regi\u00f5es mais quentes produtoras de nectarina no Brasil. Matura\u00e7\u00e3o extremamente precoce, antecedendo em at\u00e9 10 dias a variedade Sunracer. Smooth Delight 1 \u00e9 patenteada pela Texas A&M University, da qual a Clone Viveiros \u00e9 licenciada.\"><small style=\"text-align:left\">Variedade de nectarina muito precoce, de frutos brancos, doces e acidez muito baixa. Sabor semelh...<\/small><\/a><br\/><div class=\"img-mini\"><p><img loading=\"lazy\" src=\"https:\/\/cloneviveiros.com.br\/site\/wp-content\/uploads\/2022\/04\/variedade.png\" title=\"Variedade Exclusiva\" width=\"76\" height=\"30\" \/><\/p>\n<\/div>\n<a href=\"https:\/\/cloneviveiros.com.br\/site\/produto\/nectarina-smooth-delight-1\/\"><button style=\"background-color: ; color: \" class=\"btn \">Adicionar ao Or\u00e7amento<\/button><\/a>\n<\/div>\n<\/div><div class=\" col-cw\">\n<div class=\"thumbnail\">\t\t\t\t\t\t\t\n<a href=\"https:\/\/cloneviveiros.com.br\/site\/produto\/nectarina-smooth-delight-2\/\" class=\"imagem\">\t\t\t\t\t\t\t\t\t\t\t\t\t\t\t\n\n<img src=\"https:\/\/cloneviveiros.com.br\/site\/wp-content\/uploads\/2022\/04\/destaque-smooth-delight-2-1-300x216.jpg\" alt=\"Nectarina Smooth Delight 2\" title=\"Nectarina Smooth Delight 2 \">\n<\/a>\t\t\t\n<div class=\"titulo\">\n<a href=\"https:\/\/cloneviveiros.com.br\/site\/produto\/nectarina-smooth-delight-2\/\" title=\"Nectarina Smooth Delight 2\"><h2>Nectarina Smooth Delight 2<\/h2><\/a>\n<\/div>\n<a href=\"https:\/\/cloneviveiros.com.br\/site\/produto\/nectarina-smooth-delight-2\/\" title=\"Variedade de nectarina de frutos amarelos, doce e baixa acidez. Sabor doce, completamente diferente das nectarinas tradicionais. A qualidade dos frutos vai de encontro com as prefer\u00eancias do mercado brasileiro. Boa firmeza, muito bom tamanho para a data de matura\u00e7\u00e3o, redondos e boa apar\u00eancia. Necessita cerca de 350 unidades de frio, flora\u00e7\u00e3o no final de julho\/primeira semana de agosto em Arauc\u00e1ria-PR. Portanto, \u00e9 uma variedade destinada a regi\u00f5es mais quentes produtoras de nectarina no Brasil. Matura\u00e7\u00e3o extremamente precoce, antecedendo em at\u00e9 10 dias a Sunracer. Smooth Delight 2 \u00e9 patenteada pela Texas A&M University, da qual a Clone Viveiros \u00e9 licenciada.\"><small style=\"text-align:left\">Variedade de nectarina de frutos amarelos, doce e baixa acidez. Sabor doce, completamente diferen...<\/small><\/a><br\/><div class=\"img-mini\"><p><img loading=\"lazy\" src=\"https:\/\/cloneviveiros.com.br\/site\/wp-content\/uploads\/2022\/04\/variedade.png\" title=\"Variedade Exclusiva\" width=\"76\" height=\"30\" \/><\/p>\n<\/div>\n<a href=\"https:\/\/cloneviveiros.com.br\/site\/produto\/nectarina-smooth-delight-2\/\"><button style=\"background-color: ; color: \" class=\"btn \">Adicionar ao Or\u00e7amento<\/button><\/a>\n<\/div>\n<\/div><\/div>\n\t<div class=\"row-cw\">\n\t<div class=\"col-cw s12 orcamentos_paginacao\">\n\t\n\t<\/div>\n\t<\/div>\n\n\n\n<div style=\"height:40px\" aria-hidden=\"true\" class=\"wp-block-spacer\"><\/div>\n\n\n\n<h4 style=\"text-align: center;\"><strong>ESTIMATIVA DE EXIG\u00caNCIA EM FRIO E DATA DE COLHEITA EM NECTARINEIRAS:<\/strong><\/h4>\n<img loading=\"lazy\" class=\"aligncenter size-full wp-image-748\" src=\"https:\/\/www.cloneviveiros.com.br\/site\/wp-content\/uploads\/2022\/04\/tabela-nectarina.png\" alt=\"\" width=\"800\" height=\"467\">\n\n<em>NOTA: as estimativas acima foram feitas baseadas em observa\u00e7\u00f5es obtidas em plantas estabelecidas em Arauc\u00e1ria-PR. A data de colheita pode ser antecipada em 2 a 6 semanas como resultado da utiliza\u00e7\u00e3o da quebra de dorm\u00eancia artificial, e plantios de variedades com baixa exig\u00eancia em frio em localidades mais quentes. Por outro lado, \u00e9 atrasada em localidades mais frias.<\/em>\n\n\n\n<div style=\"height:40px\" aria-hidden=\"true\" class=\"wp-block-spacer\"><\/div>\n\n\n\n<div class=\"wp-block-uagb-marketing-button uagb-marketing-btn__outer-wrap uagb-marketing-btn__align-center uagb-marketing-btn__align-text-center uagb-marketing-btn__icon-before uagb-block-85b57631\"><div class=\"uagb-marketing-btn__wrap\"><a href=\"https:\/\/cloneviveiros.com.br\/site\/porta-enxerto-de-ameixa-pessego-e-nectarina\/\" class=\"uagb-marketing-btn__link\" target=\"\" rel=\"noopener noreferrer\"><div class=\"uagb-marketing-btn__title-wrap\"><div class=\"uagb-marketing-btn__icon-wrap\"><svg xmlns=\"http:\/\/www.w3.org\/2000\/svg\" viewBox=\"0 0 256 512\"><path d=\"M224.3 273l-136 136c-9.4 9.4-24.6 9.4-33.9 0l-22.6-22.6c-9.4-9.4-9.4-24.6 0-33.9l96.4-96.4-96.4-96.4c-9.4-9.4-9.4-24.6 0-33.9L54.3 103c9.4-9.4 24.6-9.4 33.9 0l136 136c9.5 9.4 9.5 24.6.1 34z\"><\/path><\/svg><\/div><h6 class=\"uagb-marketing-btn__title\">Saiba mais sobre os porta-enxertos de nectariana<\/h6><\/div><div class=\"uagb-marketing-btn__prefix-wrap\"><p class=\"uagb-marketing-btn__prefix\"><\/p><\/div><\/a><\/div><\/div>\n<\/div><\/div>\n<\/div><\/section>\n","protected":false},"excerpt":{"rendered":"","protected":false},"author":1,"featured_media":0,"parent":0,"menu_order":0,"comment_status":"closed","ping_status":"closed","template":"","meta":{"site-sidebar-layout":"no-sidebar","site-content-layout":"page-builder","ast-main-header-display":"","ast-hfb-above-header-display":"","ast-hfb-below-header-display":"","ast-hfb-mobile-header-display":"","site-post-title":"disabled","ast-breadcrumbs-content":"","ast-featured-img":"","footer-sml-layout":"","theme-transparent-header-meta":"","adv-header-id-meta":"","stick-header-meta":"","header-above-stick-meta":"","header-main-stick-meta":"","header-below-stick-meta":""},"acf":[],"uagb_featured_image_src":{"full":false,"thumbnail":false,"medium":false,"medium_large":false,"large":false,"1536x1536":false,"2048x2048":false},"uagb_author_info":{"display_name":"Clone ADM","author_link":"https:\/\/cloneviveiros.com.br\/site\/author\/clone-adm\/"},"uagb_comment_info":0,"uagb_excerpt":null,"_links":{"self":[{"href":"https:\/\/cloneviveiros.com.br\/site\/wp-json\/wp\/v2\/pages\/482"}],"collection":[{"href":"https:\/\/cloneviveiros.com.br\/site\/wp-json\/wp\/v2\/pages"}],"about":[{"href":"https:\/\/cloneviveiros.com.br\/site\/wp-json\/wp\/v2\/types\/page"}],"author":[{"embeddable":true,"href":"https:\/\/cloneviveiros.com.br\/site\/wp-json\/wp\/v2\/users\/1"}],"replies":[{"embeddable":true,"href":"https:\/\/cloneviveiros.com.br\/site\/wp-json\/wp\/v2\/comments?post=482"}],"version-history":[{"count":7,"href":"https:\/\/cloneviveiros.com.br\/site\/wp-json\/wp\/v2\/pages\/482\/revisions"}],"predecessor-version":[{"id":908,"href":"https:\/\/cloneviveiros.com.br\/site\/wp-json\/wp\/v2\/pages\/482\/revisions\/908"}],"wp:attachment":[{"href":"https:\/\/cloneviveiros.com.br\/site\/wp-json\/wp\/v2\/media?parent=482"}],"curies":[{"name":"wp","href":"https:\/\/api.w.org\/{rel}","templated":true}]}}