{"id":446,"date":"2022-04-18T14:15:04","date_gmt":"2022-04-18T17:15:04","guid":{"rendered":"https:\/\/www.cloneviveiros.com.br\/site\/?page_id=446"},"modified":"2022-07-19T14:42:38","modified_gmt":"2022-07-19T17:42:38","slug":"ameixas","status":"publish","type":"page","link":"https:\/\/cloneviveiros.com.br\/site\/ameixas\/","title":{"rendered":"Ameixas"},"content":{"rendered":"\n<section class=\"wp-block-uagb-columns uagb-columns__wrap uagb-columns__background-undefined uagb-columns__stack-mobile uagb-columns__valign-undefined uagb-columns__gap-10 alignundefined uagb-block-06a745cc\"><div class=\"uagb-columns__overlay\"><\/div><div class=\"uagb-columns__inner-wrap uagb-columns__columns-1\">\n<div class=\"wp-block-uagb-column uagb-column__wrap uagb-column__background-undefined uagb-block-164fd81e\"><div class=\"uagb-column__overlay\"><\/div><div class=\"uagb-column__inner-wrap\">\n<h2 class=\"wp-block-heading\"><strong>AMEIXAS<\/strong><\/h2>\n\n\n<div class=\"row-cw produtos\"><div class=\" col-cw\">\n<div class=\"thumbnail\">\t\t\t\t\t\t\t\n<a href=\"https:\/\/cloneviveiros.com.br\/site\/produto\/ameixa-irati\/\" class=\"imagem\">\t\t\t\t\t\t\t\t\t\t\t\t\t\t\t\n\n<img decoding=\"async\" src=\"https:\/\/cloneviveiros.com.br\/site\/wp-content\/uploads\/2022\/04\/destaque-irati-1-300x216.jpg\" alt=\"Ameixa Irati\" title=\"Ameixa Irati\">\n<\/a>\t\t\t\n<div class=\"titulo\">\n<a href=\"https:\/\/cloneviveiros.com.br\/site\/produto\/ameixa-irati\/\" title=\"Ameixa Irati\"><h2>Ameixa Irati<\/h2><\/a>\n<\/div>\n<a href=\"https:\/\/cloneviveiros.com.br\/site\/produto\/ameixa-irati\/\" title=\"Frutos doces, de boa qualidade e matura\u00e7\u00e3o precoce. Colheita a partir de setembro\/outubro em regi\u00f5es quentes do Norte do Paran\u00e1 e S\u00e3o Paulo, novembro no Centro-Sul do Paran\u00e1. Folhas sens\u00edveis a baixas temperaturas durante e logo ap\u00f3s a brota\u00e7\u00e3o em regi\u00f5es mais frias.\"><small style=\"text-align:left\">Frutos doces, de boa qualidade e matura\u00e7\u00e3o precoce. Colheita a partir de setembro\/outubro em regi...<\/small><\/a><br\/><div class=\"img-mini\"><\/div>\n<a href=\"https:\/\/cloneviveiros.com.br\/site\/produto\/ameixa-irati\/\"><button style=\"background-color: ; color: \" class=\"btn \">Adicionar ao Or\u00e7amento<\/button><\/a>\n<\/div>\n<\/div><div class=\" col-cw\">\n<div class=\"thumbnail\">\t\t\t\t\t\t\t\n<a href=\"https:\/\/cloneviveiros.com.br\/site\/produto\/ameixa-fla\/\" class=\"imagem\">\t\t\t\t\t\t\t\t\t\t\t\t\t\t\t\n\n<img decoding=\"async\" src=\"https:\/\/cloneviveiros.com.br\/site\/wp-content\/uploads\/2022\/04\/destaque-fla-1-300x216.jpg\" alt=\"Ameixa Fla\" title=\"Ameixa Fla\">\n<\/a>\t\t\t\n<div class=\"titulo\">\n<a href=\"https:\/\/cloneviveiros.com.br\/site\/produto\/ameixa-fla\/\" title=\"Ameixa Fla\"><h2>Ameixa Fla<\/h2><\/a>\n<\/div>\n<a href=\"https:\/\/cloneviveiros.com.br\/site\/produto\/ameixa-fla\/\" title=\"Altamente produtiva e boa apar\u00eancia em regi\u00f5es quentes como S\u00e3o Paulo, Norte do Paran\u00e1 e regi\u00f5es de baixa altitude no Sul do Brasil. Para melhorar a qualidade, a colheita deve ser pr\u00f3xima da matura\u00e7\u00e3o. Amolece rapidamente em temperatura ambiente. Em locais com temperaturas muito baixas, durante o crescimento e a matura\u00e7\u00e3o, produz frutas de qualidade insatisfat\u00f3ria.\"><small style=\"text-align:left\">Altamente produtiva e boa apar\u00eancia em regi\u00f5es quentes como S\u00e3o Paulo, Norte do Paran\u00e1 e regi\u00f5es ...<\/small><\/a><br\/><div class=\"img-mini\"><\/div>\n<a href=\"https:\/\/cloneviveiros.com.br\/site\/produto\/ameixa-fla\/\"><button style=\"background-color: ; color: \" class=\"btn \">Adicionar ao Or\u00e7amento<\/button><\/a>\n<\/div>\n<\/div><div class=\" col-cw\">\n<div class=\"thumbnail\">\t\t\t\t\t\t\t\n<a href=\"https:\/\/cloneviveiros.com.br\/site\/produto\/ameixa-polli-rosa\/\" class=\"imagem\">\t\t\t\t\t\t\t\t\t\t\t\t\t\t\t\n\n<img decoding=\"async\" src=\"https:\/\/cloneviveiros.com.br\/site\/wp-content\/uploads\/2022\/04\/destaque-polli-rosa-1-300x216.jpg\" alt=\"Ameixa Polli Rosa\" title=\"Ameixa Polli Rosa\">\n<\/a>\t\t\t\n<div class=\"titulo\">\n<a href=\"https:\/\/cloneviveiros.com.br\/site\/produto\/ameixa-polli-rosa\/\" title=\"Ameixa Polli Rosa\"><h2>Ameixa Polli Rosa<\/h2><\/a>\n<\/div>\n<a href=\"https:\/\/cloneviveiros.com.br\/site\/produto\/ameixa-polli-rosa\/\" title=\"Muta\u00e7\u00e3o de Santa Rosa da qual mantem a mesma qualidade e apar\u00eancia. Precisa menos frio para quebra de dorm\u00eancia e mais produtiva que Santa Rosa. Possui um bom padr\u00e3o de qualidade para o mercado brasileiro. Matura\u00e7\u00e3o 7 a 15 dias antes que Santa Rosa, dependendo das condi\u00e7\u00f5es clim\u00e1ticas. Frutas de excelente sabor, com matura\u00e7\u00e3o r\u00e1pida, necessitando de colheitas frequentes\"><small style=\"text-align:left\">Muta\u00e7\u00e3o de Santa Rosa da qual mantem a mesma qualidade e apar\u00eancia. Precisa menos frio para quebr...<\/small><\/a><br\/><div class=\"img-mini\"><\/div>\n<a href=\"https:\/\/cloneviveiros.com.br\/site\/produto\/ameixa-polli-rosa\/\"><button style=\"background-color: ; color: \" class=\"btn \">Adicionar ao Or\u00e7amento<\/button><\/a>\n<\/div>\n<\/div><div class=\" col-cw\">\n<div class=\"thumbnail\">\t\t\t\t\t\t\t\n<a href=\"https:\/\/cloneviveiros.com.br\/site\/produto\/ameixa-reubennel\/\" class=\"imagem\">\t\t\t\t\t\t\t\t\t\t\t\t\t\t\t\n\n<img decoding=\"async\" src=\"https:\/\/cloneviveiros.com.br\/site\/wp-content\/uploads\/2022\/04\/destaque-reubennel-1-300x216.jpg\" alt=\"Ameixa Reubennel\" title=\"Ameixa Reubennel\">\n<\/a>\t\t\t\n<div class=\"titulo\">\n<a href=\"https:\/\/cloneviveiros.com.br\/site\/produto\/ameixa-reubennel\/\" title=\"Ameixa Reubennel\"><h2>Ameixa Reubennel<\/h2><\/a>\n<\/div>\n<a href=\"https:\/\/cloneviveiros.com.br\/site\/produto\/ameixa-reubennel\/\" title=\"Variedade de maior presen\u00e7a no mercado paulista. Ampla adapta\u00e7\u00e3o clim\u00e1tica, frutos de excelente qualidade e produtividade insuper\u00e1vel. Matura\u00e7\u00e3o em dezembro nas regi\u00f5es quentes do Norte do Paran\u00e1 e S\u00e3o Paulo, e final de dezembro, in\u00edcio de janeiro, nas outras regi\u00f5es. Variedade auto f\u00e9rtil, mas a presen\u00e7a de polinizadora melhora a produtividade em regi\u00f5es quentes. Colheita antecipada e matura\u00e7\u00e3o for\u00e7ada tem causado danos comerciais a esta variedade.\"><small style=\"text-align:left\">Variedade de maior presen\u00e7a no mercado paulista. Ampla adapta\u00e7\u00e3o clim\u00e1tica, frutos de excelente q...<\/small><\/a><br\/><div class=\"img-mini\"><\/div>\n<a href=\"https:\/\/cloneviveiros.com.br\/site\/produto\/ameixa-reubennel\/\"><button style=\"background-color: ; color: \" class=\"btn \">Adicionar ao Or\u00e7amento<\/button><\/a>\n<\/div>\n<\/div><div class=\" col-cw\">\n<div class=\"thumbnail\">\t\t\t\t\t\t\t\n<a href=\"https:\/\/cloneviveiros.com.br\/site\/produto\/ameixa-fortune\/\" class=\"imagem\">\t\t\t\t\t\t\t\t\t\t\t\t\t\t\t\n\n<img decoding=\"async\" src=\"https:\/\/cloneviveiros.com.br\/site\/wp-content\/uploads\/2022\/04\/destaque-fortune-1-300x216.jpg\" alt=\"Ameixa Fortune\" title=\"Ameixa Fortune\">\n<\/a>\t\t\t\n<div class=\"titulo\">\n<a href=\"https:\/\/cloneviveiros.com.br\/site\/produto\/ameixa-fortune\/\" title=\"Ameixa Fortune\"><h2>Ameixa Fortune<\/h2><\/a>\n<\/div>\n<a href=\"https:\/\/cloneviveiros.com.br\/site\/produto\/ameixa-fortune\/\" title=\"Variedade desenvolvida pelo USDA \u2013 Estados Unidos. Frutas de qualidade excepcional e ampla adapta\u00e7\u00e3o em todo o mundo. Hoje, no Brasil, \u00e9 a variedade com melhor capacidade de conserva\u00e7\u00e3o e resist\u00eancia ao transporte. Maior suscetibilidade a doen\u00e7as foliares do que Let\u00edcia, mas fact\u00edvel de controle. Matura\u00e7\u00e3o no final de dezembro\/ primeira quinzena de janeiro. Exig\u00eancia em frio semelhante a Polli Rosa. Pode ser polinizada por Reubennel, Amarelinha (Rainha Cl\u00e1udia), Gigaglia, Am\u00e9rica, Harry Pickstone, etc. Esta variedade tem sido erroneamente denominada de \u201cItalianinha\u201d no Sul do Brasil. Excelente performance sobre A.9\u00ae ou A.9\u00aecom filtro. Sofre bastante em solos rasos, secos, pedregosos ou mal drenados, quando enxertada sobre A.9\u00ae. Colheita antes da matura\u00e7\u00e3o fisiol\u00f3gica produz frutas de baixa qualidade.\"><small style=\"text-align:left\">Variedade desenvolvida pelo USDA \u2013 Estados Unidos. Frutas de qualidade excepcional e ampla adapta...<\/small><\/a><br\/><div class=\"img-mini\"><\/div>\n<a href=\"https:\/\/cloneviveiros.com.br\/site\/produto\/ameixa-fortune\/\"><button style=\"background-color: ; color: \" class=\"btn \">Adicionar ao Or\u00e7amento<\/button><\/a>\n<\/div>\n<\/div><div class=\" col-cw\">\n<div class=\"thumbnail\">\t\t\t\t\t\t\t\n<a href=\"https:\/\/cloneviveiros.com.br\/site\/produto\/ameixa-scs-438-zafira\/\" class=\"imagem\">\t\t\t\t\t\t\t\t\t\t\t\t\t\t\t\n\n<img decoding=\"async\" src=\"https:\/\/cloneviveiros.com.br\/site\/wp-content\/uploads\/2022\/04\/destaque-scs-438-zafira-1-300x216.jpg\" alt=\"Ameixa SCS 438 Zafira\" title=\"Ameixa SCS 438 Zafira\">\n<\/a>\t\t\t\n<div class=\"titulo\">\n<a href=\"https:\/\/cloneviveiros.com.br\/site\/produto\/ameixa-scs-438-zafira\/\" title=\"Ameixa SCS 438 Zafira\"><h2>Ameixa SCS 438 Zafira<\/h2><\/a>\n<\/div>\n<a href=\"https:\/\/cloneviveiros.com.br\/site\/produto\/ameixa-scs-438-zafira\/\" title=\"Cultivar desenvolvida e recomendada pela EPAGRI. Plantas de vigor m\u00e9dio\/alto, \u00e9poca de flora\u00e7\u00e3o entre Fortune e Let\u00edcia, matura\u00e7\u00e3o coincidindo com Fortune. Frutos de 80 a 120 gramas, doces, com capacidade de conserva\u00e7\u00e3o. Seu maior diferencial \u00e9 uma menor prefer\u00eancia pelos insetos transmissores de escaldadura. Consideravelmente menor conserva\u00e7\u00e3o que Fortune, com quem se parece muito.\"><small style=\"text-align:left\">Cultivar desenvolvida e recomendada pela EPAGRI. Plantas de vigor m\u00e9dio\/alto, \u00e9poca de flora\u00e7\u00e3o e...<\/small><\/a><br\/><div class=\"img-mini\"><\/div>\n<a href=\"https:\/\/cloneviveiros.com.br\/site\/produto\/ameixa-scs-438-zafira\/\"><button style=\"background-color: ; color: \" class=\"btn \">Adicionar ao Or\u00e7amento<\/button><\/a>\n<\/div>\n<\/div><div class=\" col-cw\">\n<div class=\"thumbnail\">\t\t\t\t\t\t\t\n<a href=\"https:\/\/cloneviveiros.com.br\/site\/produto\/ameixa-angeleno\/\" class=\"imagem\">\t\t\t\t\t\t\t\t\t\t\t\t\t\t\t\n\n<img decoding=\"async\" src=\"https:\/\/cloneviveiros.com.br\/site\/wp-content\/uploads\/2022\/04\/destaque-angeleno-1-300x216.jpg\" alt=\"Ameixa Angeleno\" title=\"Ameixa Angeleno\">\n<\/a>\t\t\t\n<div class=\"titulo\">\n<a href=\"https:\/\/cloneviveiros.com.br\/site\/produto\/ameixa-angeleno\/\" title=\"Ameixa Angeleno\"><h2>Ameixa Angeleno<\/h2><\/a>\n<\/div>\n<a href=\"https:\/\/cloneviveiros.com.br\/site\/produto\/ameixa-angeleno\/\" title=\"Variedade americana com padr\u00e3o internacional de qualidade. Matura\u00e7\u00e3o muito tardia, podendo, em alguns locais, acontecer somente no final de fevereiro, e longo per\u00edodo de armazenamento. Planta muito vigorosa. Necessita de manejo intensivo e locais protegidos para produzir adequadamente. Exig\u00eancia em frio m\u00e9dia\/alta. Sens\u00edvel a bacteriose em locais favor\u00e1veis para a doen\u00e7a.\"><small style=\"text-align:left\">Variedade americana com padr\u00e3o internacional de qualidade. Matura\u00e7\u00e3o muito tardia, podendo, em al...<\/small><\/a><br\/><div class=\"img-mini\"><\/div>\n<a href=\"https:\/\/cloneviveiros.com.br\/site\/produto\/ameixa-angeleno\/\"><button style=\"background-color: ; color: \" class=\"btn \">Adicionar ao Or\u00e7amento<\/button><\/a>\n<\/div>\n<\/div><div class=\" col-cw\">\n<div class=\"thumbnail\">\t\t\t\t\t\t\t\n<a href=\"https:\/\/cloneviveiros.com.br\/site\/produto\/ameixa-pluma-7\/\" class=\"imagem\">\t\t\t\t\t\t\t\t\t\t\t\t\t\t\t\n\n<img decoding=\"async\" src=\"https:\/\/cloneviveiros.com.br\/site\/wp-content\/plugins\/orcamento-cw\/imagens\/sem-imagem.gif\" alt=\"Ameixa Pluma 7\" title=\"Ameixa Pluma 7\">\n<\/a>\t\t\t\n<div class=\"titulo\">\n<a href=\"https:\/\/cloneviveiros.com.br\/site\/produto\/ameixa-pluma-7\/\" title=\"Ameixa Pluma 7\"><h2>Ameixa Pluma 7<\/h2><\/a>\n<\/div>\n<a href=\"https:\/\/cloneviveiros.com.br\/site\/produto\/ameixa-pluma-7\/\" title=\"Variedade tardia. Matura\u00e7\u00e3o em janeiro, polpa roxa, produtiva, boa qualidade, mas relativamente sens\u00edvel a bacteriose.\"><small style=\"text-align:left\">Variedade tardia. Matura\u00e7\u00e3o em janeiro, polpa roxa, produtiva, boa qualidade, mas relativamente s...<\/small><\/a><br\/><div class=\"img-mini\"><\/div>\n<a href=\"https:\/\/cloneviveiros.com.br\/site\/produto\/ameixa-pluma-7\/\"><button style=\"background-color: ; color: \" class=\"btn \">Adicionar ao Or\u00e7amento<\/button><\/a>\n<\/div>\n<\/div><div class=\" col-cw\">\n<div class=\"thumbnail\">\t\t\t\t\t\t\t\n<a href=\"https:\/\/cloneviveiros.com.br\/site\/produto\/ameixa-leticia\/\" class=\"imagem\">\t\t\t\t\t\t\t\t\t\t\t\t\t\t\t\n\n<img decoding=\"async\" src=\"https:\/\/cloneviveiros.com.br\/site\/wp-content\/uploads\/2022\/04\/destaque-leticia-1-300x216.jpg\" alt=\"Ameixa Let\u00edcia\" title=\"Ameixa Let\u00edcia\">\n<\/a>\t\t\t\n<div class=\"titulo\">\n<a href=\"https:\/\/cloneviveiros.com.br\/site\/produto\/ameixa-leticia\/\" title=\"Ameixa Let\u00edcia\"><h2>Ameixa Let\u00edcia<\/h2><\/a>\n<\/div>\n<a href=\"https:\/\/cloneviveiros.com.br\/site\/produto\/ameixa-leticia\/\" title=\"Variedade tardia, exigente em frio, matura\u00e7\u00e3o em janeiro\/ fevereiro. Frutos grandes, de excelente qualidade. Boa capacidade de conserva\u00e7\u00e3o em c\u00e2mara fria. Precisa de quebra de dorm\u00eancia artificial na maioria das localidades para boa produtividade. Excelente performance sobre o porta-enxerto A.9\u00ae, melhor ainda sobre A.9\u00ae com filtro. Muito boa resist\u00eancia a bacteriose. Menos sens\u00edvel a escaldadura que a maioria das variedades.\"><small style=\"text-align:left\">Variedade tardia, exigente em frio, matura\u00e7\u00e3o em janeiro\/ fevereiro. Frutos grandes, de excelente...<\/small><\/a><br\/><div class=\"img-mini\"><\/div>\n<a href=\"https:\/\/cloneviveiros.com.br\/site\/produto\/ameixa-leticia\/\"><button style=\"background-color: ; color: \" class=\"btn \">Adicionar ao Or\u00e7amento<\/button><\/a>\n<\/div>\n<\/div><div class=\" col-cw\">\n<div class=\"thumbnail\">\t\t\t\t\t\t\t\n<a href=\"https:\/\/cloneviveiros.com.br\/site\/produto\/ameixa-scs-410-piuna\/\" class=\"imagem\">\t\t\t\t\t\t\t\t\t\t\t\t\t\t\t\n\n<img decoding=\"async\" src=\"https:\/\/cloneviveiros.com.br\/site\/wp-content\/uploads\/2022\/04\/destaque-scs-410-piuna-1-300x216.jpg\" alt=\"Ameixa SCS 410 Pi\u00fana\" title=\"Ameixa SCS 410 Pi\u00fana\">\n<\/a>\t\t\t\n<div class=\"titulo\">\n<a href=\"https:\/\/cloneviveiros.com.br\/site\/produto\/ameixa-scs-410-piuna\/\" title=\"Ameixa SCS 410 Pi\u00fana\"><h2>Ameixa SCS 410 Pi\u00fana<\/h2><\/a>\n<\/div>\n<a href=\"https:\/\/cloneviveiros.com.br\/site\/produto\/ameixa-scs-410-piuna\/\" title=\"Variedade desenvolvidas pela EPAGRI em Santa Catarina. \u00c9 tardia, com matura\u00e7\u00e3o a partir de janeiro, e t\u00eam mostrado melhor resist\u00eancia a escaldadura da folha da ameixeira que outras variedades comerciais. A adapta\u00e7\u00e3o clim\u00e1tica semelhante a variedade Let\u00edcia. T\u00eam sido usada em alguma extens\u00e3o como polinizadoras de Let\u00edcia.\"><small style=\"text-align:left\">Variedade desenvolvidas pela EPAGRI em Santa Catarina. \u00c9 tardia, com matura\u00e7\u00e3o a partir de janeir...<\/small><\/a><br\/><div class=\"img-mini\"><\/div>\n<a href=\"https:\/\/cloneviveiros.com.br\/site\/produto\/ameixa-scs-410-piuna\/\"><button style=\"background-color: ; color: \" class=\"btn \">Adicionar ao Or\u00e7amento<\/button><\/a>\n<\/div>\n<\/div><div class=\" col-cw\">\n<div class=\"thumbnail\">\t\t\t\t\t\t\t\n<a href=\"https:\/\/cloneviveiros.com.br\/site\/produto\/ameixa-amarelona\/\" class=\"imagem\">\t\t\t\t\t\t\t\t\t\t\t\t\t\t\t\n\n<img decoding=\"async\" src=\"https:\/\/cloneviveiros.com.br\/site\/wp-content\/uploads\/2022\/04\/destaque-amarelona-1-300x216.jpg\" alt=\"Ameixa Amarelona\" title=\"Ameixa Amarelona\">\n<\/a>\t\t\t\n<div class=\"titulo\">\n<a href=\"https:\/\/cloneviveiros.com.br\/site\/produto\/ameixa-amarelona\/\" title=\"Ameixa Amarelona\"><h2>Ameixa Amarelona<\/h2><\/a>\n<\/div>\n<a href=\"https:\/\/cloneviveiros.com.br\/site\/produto\/ameixa-amarelona\/\" title=\"Variedade com frutos amarelos selecionada pela Clone Viveiros. Frutas de colora\u00e7\u00e3o amarelas vivo, uniforme, sem manchas, tamanhos m\u00e9dio\/grande, dependendo da carga. Muito bom sabor e boa conserva\u00e7\u00e3o. Das amarelas, provavelmente a mais interessante dispon\u00edvel hoje.\"><small style=\"text-align:left\">Variedade com frutos amarelos selecionada pela Clone Viveiros. Frutas de colora\u00e7\u00e3o amarelas vivo,...<\/small><\/a><br\/><div class=\"img-mini\"><\/div>\n<a href=\"https:\/\/cloneviveiros.com.br\/site\/produto\/ameixa-amarelona\/\"><button style=\"background-color: ; color: \" class=\"btn \">Adicionar ao Or\u00e7amento<\/button><\/a>\n<\/div>\n<\/div><\/div>\n\t<div class=\"row-cw\">\n\t<div class=\"col-cw s12 orcamentos_paginacao\">\n\t\n\t<\/div>\n\t<\/div>\n\n\n\n<div style=\"height:40px\" aria-hidden=\"true\" class=\"wp-block-spacer\"><\/div>\n\n\n\n<h4 class=\"has-text-align-center wp-block-heading\"><strong>ESTIMATIVA DE EXIG\u00caNCIA EM FRIO E DATA DE COLHEITA EM AMEIXEIRAS:<\/strong><\/h4>\n\n\n\n<figure class=\"wp-block-image\"><img decoding=\"async\" src=\"https:\/\/www.cloneviveiros.com.br\/site\/wp-content\/uploads\/2022\/04\/tabela-ameixa.png\" alt=\"\" class=\"wp-image-744\"\/><\/figure>\n\n\n\n<p><em>NOTA: as estimativas acima foram feitas baseadas em observa\u00e7\u00f5es obtidas em plantas estabelecidas em Arauc\u00e1ria-PR. A data de colheita pode ser antecipada em 2 a 6 semanas como resultado da utiliza\u00e7\u00e3o da quebra de dorm\u00eancia artificial, e plantios de variedades com baixa exig\u00eancia em frio em localidades mais quentes. Por outro lado, \u00e9 atrasada em localidades mais frias.<\/em><\/p>\n\n\n\n<div style=\"height:40px\" aria-hidden=\"true\" class=\"wp-block-spacer\"><\/div>\n\n\n\n<div class=\"wp-block-uagb-marketing-button uagb-marketing-btn__outer-wrap uagb-marketing-btn__align-center uagb-marketing-btn__align-text-center uagb-marketing-btn__icon-before uagb-block-30348219\"><div class=\"uagb-marketing-btn__wrap\"><a href=\"https:\/\/cloneviveiros.com.br\/site\/porta-enxerto-de-ameixa-pessego-e-nectarina\/\" class=\"uagb-marketing-btn__link\" target=\"\" rel=\"noopener noreferrer\"><div class=\"uagb-marketing-btn__title-wrap\"><div class=\"uagb-marketing-btn__icon-wrap\"><svg xmlns=\"http:\/\/www.w3.org\/2000\/svg\" viewBox=\"0 0 256 512\"><path d=\"M224.3 273l-136 136c-9.4 9.4-24.6 9.4-33.9 0l-22.6-22.6c-9.4-9.4-9.4-24.6 0-33.9l96.4-96.4-96.4-96.4c-9.4-9.4-9.4-24.6 0-33.9L54.3 103c9.4-9.4 24.6-9.4 33.9 0l136 136c9.5 9.4 9.5 24.6.1 34z\"><\/path><\/svg><\/div><h6 class=\"uagb-marketing-btn__title\">Saiba mais sobre os porta-enxertos de ameixa<\/h6><\/div><div class=\"uagb-marketing-btn__prefix-wrap\"><p class=\"uagb-marketing-btn__prefix\"><\/p><\/div><\/a><\/div><\/div>\n<\/div><\/div>\n<\/div><\/section>\n\n\n\n<p><\/p>\n","protected":false},"excerpt":{"rendered":"<p>AMEIXAS ESTIMATIVA DE EXIG\u00caNCIA EM FRIO E DATA DE COLHEITA EM AMEIXEIRAS: NOTA: as estimativas acima foram feitas baseadas em observa\u00e7\u00f5es obtidas em plantas estabelecidas em Arauc\u00e1ria-PR. A data de colheita pode ser antecipada em 2 a 6 semanas como resultado da utiliza\u00e7\u00e3o da quebra de dorm\u00eancia artificial, e plantios de variedades com baixa exig\u00eancia &hellip;<\/p>\n<p class=\"read-more\"> <a class=\"\" href=\"https:\/\/cloneviveiros.com.br\/site\/produto\/ameixa-amarelona\/\"> <span class=\"screen-reader-text\">Ameixa Amarelona<\/span> Leia mais &raquo;<\/a><\/p>\n","protected":false},"author":1,"featured_media":0,"parent":0,"menu_order":0,"comment_status":"closed","ping_status":"closed","template":"","meta":{"_acf_changed":false,"_uag_custom_page_level_css":"","site-sidebar-layout":"no-sidebar","site-content-layout":"page-builder","ast-main-header-display":"","ast-hfb-above-header-display":"","ast-hfb-below-header-display":"","ast-hfb-mobile-header-display":"","site-post-title":"disabled","ast-breadcrumbs-content":"","ast-featured-img":"","footer-sml-layout":"","theme-transparent-header-meta":"","adv-header-id-meta":"","stick-header-meta":"","header-above-stick-meta":"","header-main-stick-meta":"","header-below-stick-meta":"","footnotes":""},"class_list":["post-446","page","type-page","status-publish","hentry"],"acf":[],"uagb_featured_image_src":{"full":false,"thumbnail":false,"medium":false,"medium_large":false,"large":false,"1536x1536":false,"2048x2048":false},"uagb_author_info":{"display_name":"Clone ADM","author_link":"https:\/\/cloneviveiros.com.br\/site\/author\/clone-adm\/"},"uagb_comment_info":0,"uagb_excerpt":"AMEIXAS ESTIMATIVA DE EXIG\u00caNCIA EM FRIO E DATA DE COLHEITA EM AMEIXEIRAS: NOTA: as estimativas acima foram feitas baseadas em observa\u00e7\u00f5es obtidas em plantas estabelecidas em Arauc\u00e1ria-PR. A data de colheita pode ser antecipada em 2 a 6 semanas como resultado da utiliza\u00e7\u00e3o da quebra de dorm\u00eancia artificial, e plantios de variedades com baixa exig\u00eancia&hellip;","_links":{"self":[{"href":"https:\/\/cloneviveiros.com.br\/site\/wp-json\/wp\/v2\/pages\/446","targetHints":{"allow":["GET"]}}],"collection":[{"href":"https:\/\/cloneviveiros.com.br\/site\/wp-json\/wp\/v2\/pages"}],"about":[{"href":"https:\/\/cloneviveiros.com.br\/site\/wp-json\/wp\/v2\/types\/page"}],"author":[{"embeddable":true,"href":"https:\/\/cloneviveiros.com.br\/site\/wp-json\/wp\/v2\/users\/1"}],"replies":[{"embeddable":true,"href":"https:\/\/cloneviveiros.com.br\/site\/wp-json\/wp\/v2\/comments?post=446"}],"version-history":[{"count":5,"href":"https:\/\/cloneviveiros.com.br\/site\/wp-json\/wp\/v2\/pages\/446\/revisions"}],"predecessor-version":[{"id":902,"href":"https:\/\/cloneviveiros.com.br\/site\/wp-json\/wp\/v2\/pages\/446\/revisions\/902"}],"wp:attachment":[{"href":"https:\/\/cloneviveiros.com.br\/site\/wp-json\/wp\/v2\/media?parent=446"}],"curies":[{"name":"wp","href":"https:\/\/api.w.org\/{rel}","templated":true}]}}