{"id":417,"date":"2022-04-18T11:36:20","date_gmt":"2022-04-18T14:36:20","guid":{"rendered":"https:\/\/www.cloneviveiros.com.br\/site\/?page_id=417"},"modified":"2022-07-19T14:48:29","modified_gmt":"2022-07-19T17:48:29","slug":"peras","status":"publish","type":"page","link":"https:\/\/cloneviveiros.com.br\/site\/peras\/","title":{"rendered":"Peras"},"content":{"rendered":"\n<section class=\"wp-block-uagb-columns uagb-columns__wrap uagb-columns__background-undefined uagb-columns__stack-mobile uagb-columns__valign-undefined uagb-columns__gap-10 alignundefined uagb-block-4a057f1c\"><div class=\"uagb-columns__overlay\"><\/div><div class=\"uagb-columns__inner-wrap uagb-columns__columns-1\">\n<div class=\"wp-block-uagb-column uagb-column__wrap uagb-column__background-undefined uagb-block-d31c3bc7\"><div class=\"uagb-column__overlay\"><\/div><div class=\"uagb-column__inner-wrap\">\n<h2 class=\"wp-block-heading\"><strong>PERAS<\/strong><\/h2>\n\n\n<div class=\"row-cw produtos\"><div class=\" col-cw\">\n<div class=\"thumbnail\">\t\t\t\t\t\t\t\n<a href=\"https:\/\/cloneviveiros.com.br\/site\/produto\/pera-rocha\/\" class=\"imagem\">\t\t\t\t\t\t\t\t\t\t\t\t\t\t\t\n\n<img decoding=\"async\" src=\"https:\/\/cloneviveiros.com.br\/site\/wp-content\/uploads\/2022\/04\/destaque-rocha-300x216.jpg\" alt=\"Pera Rocha\" title=\"Pera Rocha\">\n<\/a>\t\t\t\n<div class=\"titulo\">\n<a href=\"https:\/\/cloneviveiros.com.br\/site\/produto\/pera-rocha\/\" title=\"Pera Rocha\"><h2>Pera Rocha<\/h2><\/a>\n<\/div>\n<a href=\"https:\/\/cloneviveiros.com.br\/site\/produto\/pera-rocha\/\" title=\"Variedade portuguesa em expans\u00e3o no Brasil. Tem ampla aceita\u00e7\u00e3o pelo consumidor brasileiro, e seu valor comercial tem sido superior a todas as outras cultivares. Exige menos frio que outras variedades europeias, mas pode alcan\u00e7ar boa produtividade somente em locais com ac\u00famulo superior a 600-700 unidades de frio. Matura\u00e7\u00e3o em fevereiro. Produzimos mudas sobre Marmelo CV, para plantios em alta densidade, e tamb\u00e9m sobre Caleriana. \u00c9 importante lembrar que PERA ROCHA TEM O H\u00c1BITO DE FRUTIFICA\u00c7\u00c3O NAS PONTAS DOS RAMOS de um ano. Produz tamb\u00e9m em espor\u00f5es, mas com menor frequ\u00eancia. Desta forma, durante a poda devem ser preservados galhos verticais para produ\u00e7\u00e3o. Isso \u00e9 diferente do procedimento utilizado para macieira ou pereiras asi\u00e1ticas.\"><small style=\"text-align:left\">Variedade portuguesa em expans\u00e3o no Brasil. Tem ampla aceita\u00e7\u00e3o pelo consumidor brasileiro, e seu...<\/small><\/a><br\/><div class=\"img-mini\"><\/div>\n<a href=\"https:\/\/cloneviveiros.com.br\/site\/produto\/pera-rocha\/\"><button style=\"background-color: ; color: \" class=\"btn \">Adicionar ao Or\u00e7amento<\/button><\/a>\n<\/div>\n<\/div><div class=\" col-cw\">\n<div class=\"thumbnail\">\t\t\t\t\t\t\t\n<a href=\"https:\/\/cloneviveiros.com.br\/site\/produto\/pera-primorosa\/\" class=\"imagem\">\t\t\t\t\t\t\t\t\t\t\t\t\t\t\t\n\n<img decoding=\"async\" src=\"https:\/\/cloneviveiros.com.br\/site\/wp-content\/uploads\/2022\/04\/destaque-primorosa-300x216.jpg\" alt=\"Pera Primorosa\" title=\"Pera Primorosa\">\n<\/a>\t\t\t\n<div class=\"titulo\">\n<a href=\"https:\/\/cloneviveiros.com.br\/site\/produto\/pera-primorosa\/\" title=\"Pera Primorosa\"><h2>Pera Primorosa<\/h2><\/a>\n<\/div>\n<a href=\"https:\/\/cloneviveiros.com.br\/site\/produto\/pera-primorosa\/\" title=\"Variedade desenvolvida pelo IAC. Fruta de muito boa qualidade, tipicamente europeia, altamente produtiva quando testamos enxertada no Marmelo CV - este desenvolvido pela Clone Viveiros. Matura\u00e7\u00e3o no in\u00edcio de janeiro, per\u00edodo com baixa disponibilidade de peras no mercado. Armazena por 3 meses em c\u00e2maras convencionais. Baixa exig\u00eancia em frio, pr\u00f3ximo de \u00c1gua Branca, Tenra ou Triunfo, que podem ser utilizadas como suas polinizadoras. Muito produtiva, quase sempre necessita a pr\u00e1tica de raleio. Responde bem a raleantes qu\u00edmicos. Melhor fruta do tipo europeu de todas as variedades de pera com baixa necessidade em frio. Em apar\u00eancia, lembra a variedade D\u2019Anjou.\"><small style=\"text-align:left\">Variedade desenvolvida pelo IAC. Fruta de muito boa qualidade, tipicamente europeia, altamente pr...<\/small><\/a><br\/><div class=\"img-mini\"><\/div>\n<a href=\"https:\/\/cloneviveiros.com.br\/site\/produto\/pera-primorosa\/\"><button style=\"background-color: ; color: \" class=\"btn \">Adicionar ao Or\u00e7amento<\/button><\/a>\n<\/div>\n<\/div><div class=\" col-cw\">\n<div class=\"thumbnail\">\t\t\t\t\t\t\t\n<a href=\"https:\/\/cloneviveiros.com.br\/site\/produto\/pera-cascatense\/\" class=\"imagem\">\t\t\t\t\t\t\t\t\t\t\t\t\t\t\t\n\n<img decoding=\"async\" src=\"https:\/\/cloneviveiros.com.br\/site\/wp-content\/plugins\/orcamento-cw\/imagens\/sem-imagem.gif\" alt=\"Pera Cascatense\" title=\"Pera Cascatense\">\n<\/a>\t\t\t\n<div class=\"titulo\">\n<a href=\"https:\/\/cloneviveiros.com.br\/site\/produto\/pera-cascatense\/\" title=\"Pera Cascatense\"><h2>Pera Cascatense<\/h2><\/a>\n<\/div>\n<a href=\"https:\/\/cloneviveiros.com.br\/site\/produto\/pera-cascatense\/\" title=\"Flora\u00e7\u00e3o precoce, frutas grandes, lisas, uniformes. Matura\u00e7\u00e3o no in\u00edcio de janeiro, sabor pr\u00f3ximo das peras europeias. Tem mostrado bom desempenho em muitas localidades do Sul e Sudeste quando enxertada sobre o Marmelo CV. Baixa exig\u00eancia em frio. Muito baixa produtividade em outros porta-enxertos.\"><small style=\"text-align:left\">Flora\u00e7\u00e3o precoce, frutas grandes, lisas, uniformes. Matura\u00e7\u00e3o no in\u00edcio de janeiro, sabor pr\u00f3ximo...<\/small><\/a><br\/><div class=\"img-mini\"><\/div>\n<a href=\"https:\/\/cloneviveiros.com.br\/site\/produto\/pera-cascatense\/\"><button style=\"background-color: ; color: \" class=\"btn \">Adicionar ao Or\u00e7amento<\/button><\/a>\n<\/div>\n<\/div><div class=\" col-cw\">\n<div class=\"thumbnail\">\t\t\t\t\t\t\t\n<a href=\"https:\/\/cloneviveiros.com.br\/site\/produto\/pera-agua-branca\/\" class=\"imagem\">\t\t\t\t\t\t\t\t\t\t\t\t\t\t\t\n\n<img decoding=\"async\" src=\"https:\/\/cloneviveiros.com.br\/site\/wp-content\/uploads\/2022\/04\/destaque-agua-branca-300x216.jpg\" alt=\"Pera \u00c1gua Branca\" title=\"Pera \u00c1gua Branca\">\n<\/a>\t\t\t\n<div class=\"titulo\">\n<a href=\"https:\/\/cloneviveiros.com.br\/site\/produto\/pera-agua-branca\/\" title=\"Pera \u00c1gua Branca\"><h2>Pera \u00c1gua Branca<\/h2><\/a>\n<\/div>\n<a href=\"https:\/\/cloneviveiros.com.br\/site\/produto\/pera-agua-branca\/\" title=\"Pera d\u2019\u00e1gua \u00e9 um grupo de cultivares com caracter\u00edsticas t\u00edpicas. Relativamente r\u00fastica, com textura e sabor que lembram as das peras asi\u00e1ticas. Das diversas cultivares de pera d\u2019\u00e1gua, a Branca - com frutas lisas e verde claro - tem mostrado o melhor potencial de mercado. Baixa exig\u00eancia em frio. Colheita em janeiro. Alt\u00edssima produtividade sobre Marmelo CV.\"><small style=\"text-align:left\">Pera d\u2019\u00e1gua \u00e9 um grupo de cultivares com caracter\u00edsticas t\u00edpicas. Relativamente r\u00fastica, com text...<\/small><\/a><br\/><div class=\"img-mini\"><\/div>\n<a href=\"https:\/\/cloneviveiros.com.br\/site\/produto\/pera-agua-branca\/\"><button style=\"background-color: ; color: \" class=\"btn \">Adicionar ao Or\u00e7amento<\/button><\/a>\n<\/div>\n<\/div><div class=\" col-cw\">\n<div class=\"thumbnail\">\t\t\t\t\t\t\t\n<a href=\"https:\/\/cloneviveiros.com.br\/site\/produto\/pera-hosui\/\" class=\"imagem\">\t\t\t\t\t\t\t\t\t\t\t\t\t\t\t\n\n<img decoding=\"async\" src=\"https:\/\/cloneviveiros.com.br\/site\/wp-content\/uploads\/2022\/04\/destaque-hosui-1-300x216.jpg\" alt=\"Pera Hosui\" title=\"Pera Hosui\">\n<\/a>\t\t\t\n<div class=\"titulo\">\n<a href=\"https:\/\/cloneviveiros.com.br\/site\/produto\/pera-hosui\/\" title=\"Pera Hosui\"><h2>Pera Hosui<\/h2><\/a>\n<\/div>\n<a href=\"https:\/\/cloneviveiros.com.br\/site\/produto\/pera-hosui\/\" title=\"Variedade japonesa, com padr\u00e3o de qualidade e de melhor adapta\u00e7\u00e3o entre as variedades Orientais. Frutos redondos, dourados, de excelente qualidade, por\u00e9m delicados. Matura\u00e7\u00e3o em janeiro\/fevereiro. Boa capacidade de armazenamento. Produzimos mudas enxertadas sobre Marmeleiro CV, onde \u00e9 altamente produtiva e precoce na entrada de produ\u00e7\u00e3o e sele\u00e7\u00f5es de Caleriana.\"><small style=\"text-align:left\">Variedade japonesa, com padr\u00e3o de qualidade e de melhor adapta\u00e7\u00e3o entre as variedades Orientais. ...<\/small><\/a><br\/><div class=\"img-mini\"><\/div>\n<a href=\"https:\/\/cloneviveiros.com.br\/site\/produto\/pera-hosui\/\"><button style=\"background-color: ; color: \" class=\"btn \">Adicionar ao Or\u00e7amento<\/button><\/a>\n<\/div>\n<\/div><div class=\" col-cw\">\n<div class=\"thumbnail\">\t\t\t\t\t\t\t\n<a href=\"https:\/\/cloneviveiros.com.br\/site\/produto\/pera-scs-421-carolina\/\" class=\"imagem\">\t\t\t\t\t\t\t\t\t\t\t\t\t\t\t\n\n<img decoding=\"async\" src=\"https:\/\/cloneviveiros.com.br\/site\/wp-content\/uploads\/2022\/04\/destaque-scs-421-carolina-1-300x216.jpg\" alt=\"Pera SCS 421 Carolina\" title=\"Pera SCS 421 Carolina\">\n<\/a>\t\t\t\n<div class=\"titulo\">\n<a href=\"https:\/\/cloneviveiros.com.br\/site\/produto\/pera-scs-421-carolina\/\" title=\"Pera SCS 421 Carolina\"><h2>Pera SCS 421 Carolina<\/h2><\/a>\n<\/div>\n<a href=\"https:\/\/cloneviveiros.com.br\/site\/produto\/pera-scs-421-carolina\/\" title=\"Cultivar de pera asi\u00e1tica desenvolvida pela EPAGRI, que a descreve com tendo brota\u00e7\u00e3o e flora\u00e7\u00e3o em per\u00edodos pr\u00f3ximos da cultivar Hosui. Pode ser polinizada pela Yar-li ou Hosui. Colheita na primeira quinzena de fevereiro, podendo ser conservada por 4 meses em c\u00e2mara. Frutos de tamanho m\u00e9dio, arredondados, mais sim\u00e9tricos que da cultivar Hosui, casca dourada, atrativa, textura fina, macia, doce suculenta e leve aroma.\"><small style=\"text-align:left\">Cultivar de pera asi\u00e1tica desenvolvida pela EPAGRI, que a descreve com tendo brota\u00e7\u00e3o e flora\u00e7\u00e3o ...<\/small><\/a><br\/><div class=\"img-mini\"><\/div>\n<a href=\"https:\/\/cloneviveiros.com.br\/site\/produto\/pera-scs-421-carolina\/\"><button style=\"background-color: ; color: \" class=\"btn \">Adicionar ao Or\u00e7amento<\/button><\/a>\n<\/div>\n<\/div><div class=\" col-cw\">\n<div class=\"thumbnail\">\t\t\t\t\t\t\t\n<a href=\"https:\/\/cloneviveiros.com.br\/site\/produto\/pera-packhams-triumph-2\/\" class=\"imagem\">\t\t\t\t\t\t\t\t\t\t\t\t\t\t\t\n\n<img decoding=\"async\" src=\"https:\/\/cloneviveiros.com.br\/site\/wp-content\/uploads\/2022\/04\/destaque-packhams-1-300x216.jpg\" alt=\"Pera Packham\u2019s Triumph 2\" title=\"Pera Packham\u2019s Triumph 2\">\n<\/a>\t\t\t\n<div class=\"titulo\">\n<a href=\"https:\/\/cloneviveiros.com.br\/site\/produto\/pera-packhams-triumph-2\/\" title=\"Pera Packham\u2019s Triumph 2\"><h2>Pera Packham\u2019s Triumph 2<\/h2><\/a>\n<\/div>\n<a href=\"https:\/\/cloneviveiros.com.br\/site\/produto\/pera-packhams-triumph-2\/\" title=\"Mutante de Packham\u2019s Triumph selecionado pela CLONE VIVEIROS. Difere de Packham\u2019s original, pela maior intensidade de diferencia\u00e7\u00e3o de gemas florais e, portanto, produtividade muito superior a variedade original. Utilizada como polinizadora.\"><small style=\"text-align:left\">Mutante de Packham\u2019s Triumph selecionado pela CLONE VIVEIROS. Difere de Packham\u2019s original, pela ...<\/small><\/a><br\/><div class=\"img-mini\"><\/div>\n<a href=\"https:\/\/cloneviveiros.com.br\/site\/produto\/pera-packhams-triumph-2\/\"><button style=\"background-color: ; color: \" class=\"btn \">Adicionar ao Or\u00e7amento<\/button><\/a>\n<\/div>\n<\/div><div class=\" col-cw\">\n<div class=\"thumbnail\">\t\t\t\t\t\t\t\n<a href=\"https:\/\/cloneviveiros.com.br\/site\/produto\/pera-santa-maria\/\" class=\"imagem\">\t\t\t\t\t\t\t\t\t\t\t\t\t\t\t\n\n<img decoding=\"async\" src=\"https:\/\/cloneviveiros.com.br\/site\/wp-content\/plugins\/orcamento-cw\/imagens\/sem-imagem.gif\" alt=\"Pera Santa Maria\" title=\"Pera Santa Maria\">\n<\/a>\t\t\t\n<div class=\"titulo\">\n<a href=\"https:\/\/cloneviveiros.com.br\/site\/produto\/pera-santa-maria\/\" title=\"Pera Santa Maria\"><h2>Pera Santa Maria<\/h2><\/a>\n<\/div>\n<a href=\"https:\/\/cloneviveiros.com.br\/site\/produto\/pera-santa-maria\/\" title=\"Variedade produtiva e super precoce. Pode ser usada conjuntamente com Packham\u2019s Triumph 2 para poliniza\u00e7\u00e3o da Rocha. Muito boa apar\u00eancia, de curta conserva\u00e7\u00e3o.\"><small style=\"text-align:left\">Variedade produtiva e super precoce. Pode ser usada conjuntamente com Packham\u2019s Triumph 2 para po...<\/small><\/a><br\/><div class=\"img-mini\"><\/div>\n<a href=\"https:\/\/cloneviveiros.com.br\/site\/produto\/pera-santa-maria\/\"><button style=\"background-color: ; color: \" class=\"btn \">Adicionar ao Or\u00e7amento<\/button><\/a>\n<\/div>\n<\/div><div class=\" col-cw\">\n<div class=\"thumbnail\">\t\t\t\t\t\t\t\n<a href=\"https:\/\/cloneviveiros.com.br\/site\/produto\/pera-kieffer\/\" class=\"imagem\">\t\t\t\t\t\t\t\t\t\t\t\t\t\t\t\n\n<img decoding=\"async\" src=\"https:\/\/cloneviveiros.com.br\/site\/wp-content\/plugins\/orcamento-cw\/imagens\/sem-imagem.gif\" alt=\"Pera Kieffer\" title=\"Pera Kieffer\">\n<\/a>\t\t\t\n<div class=\"titulo\">\n<a href=\"https:\/\/cloneviveiros.com.br\/site\/produto\/pera-kieffer\/\" title=\"Pera Kieffer\"><h2>Pera Kieffer<\/h2><\/a>\n<\/div>\n<a href=\"https:\/\/cloneviveiros.com.br\/site\/produto\/pera-kieffer\/\" title=\"Adapta\u00e7\u00e3o excelente no Sul do Brasil. R\u00e1pida entrada em produ\u00e7\u00e3o, boa resist\u00eancia a doen\u00e7as, boa capacidade de armazenamento e colheita em mar\u00e7o. Frutas duras na colheita, por\u00e9m quando maduras e armazenadas, as frutas tornam-se amareladas, melhoram a textura e o sabor. F\u00e1cil manejo. Baixa exig\u00eancia em frio. Enxertada em Caleriana. Valor comercial da fruta \u00e9 limitado.\"><small style=\"text-align:left\">Adapta\u00e7\u00e3o excelente no Sul do Brasil. R\u00e1pida entrada em produ\u00e7\u00e3o, boa resist\u00eancia a doen\u00e7as, boa ...<\/small><\/a><br\/><div class=\"img-mini\"><\/div>\n<a href=\"https:\/\/cloneviveiros.com.br\/site\/produto\/pera-kieffer\/\"><button style=\"background-color: ; color: \" class=\"btn \">Adicionar ao Or\u00e7amento<\/button><\/a>\n<\/div>\n<\/div><div class=\" col-cw\">\n<div class=\"thumbnail\">\t\t\t\t\t\t\t\n<a href=\"https:\/\/cloneviveiros.com.br\/site\/produto\/pera-cvf-williams-2\/\" class=\"imagem\">\t\t\t\t\t\t\t\t\t\t\t\t\t\t\t\n\n<img decoding=\"async\" src=\"https:\/\/cloneviveiros.com.br\/site\/wp-content\/uploads\/2022\/01\/destaque-cvf-williams-300x216.jpg\" alt=\"Pera CVF William\u2019s\" title=\"Pera CVF William\u2019s\">\n<\/a>\t\t\t\n<div class=\"titulo\">\n<a href=\"https:\/\/cloneviveiros.com.br\/site\/produto\/pera-cvf-williams-2\/\" title=\"Pera CVF William\u2019s\"><h2>Pera CVF William\u2019s<\/h2><\/a>\n<\/div>\n<a href=\"https:\/\/cloneviveiros.com.br\/site\/produto\/pera-cvf-williams-2\/\" title=\"Mutante da cultivar William\u2019s com menor exig\u00eancia em frio e com alta capacidade de produ\u00e7\u00e3o em condi\u00e7\u00f5es de inverno ameno. Os frutos s\u00e3o semelhantes aos da variedade William\u2019s ou Bartlet, umas das cultivares mais importantes de pera. Responde bem a quebra de dorm\u00eancia nas condi\u00e7\u00f5es de Arauc\u00e1ria-PR, onde a tradicional William\u2019s raramente produz alguma fruta. Nestas condi\u00e7\u00f5es, mostrou capacidade de produ\u00e7\u00e3o superior a 40 toneladas\/ha. Possui exig\u00eancia em frio um pouco menor que a Rocha. Floresce em setembro e a matura\u00e7\u00e3o ocorre em janeiro. Muito firme quando colhida, tem grande resist\u00eancia ao manuseio e ao transporte como a tradicional William\u2019s.\"><small style=\"text-align:left\">Mutante da cultivar William\u2019s com menor exig\u00eancia em frio e com alta capacidade de produ\u00e7\u00e3o em co...<\/small><\/a><br\/><div class=\"img-mini\"><p><img loading=\"lazy\" decoding=\"async\" src=\"https:\/\/cloneviveiros.com.br\/site\/wp-content\/uploads\/2022\/04\/variedade.png\" title=\"Variedade Exclusiva\" width=\"76\" height=\"30\" \/><\/p>\n<\/div>\n<a href=\"https:\/\/cloneviveiros.com.br\/site\/produto\/pera-cvf-williams-2\/\"><button style=\"background-color: ; color: \" class=\"btn \">Adicionar ao Or\u00e7amento<\/button><\/a>\n<\/div>\n<\/div><\/div>\n\t<div class=\"row-cw\">\n\t<div class=\"col-cw s12 orcamentos_paginacao\">\n\t\n\t<\/div>\n\t<\/div>\n\n\n\n<div style=\"height:40px\" aria-hidden=\"true\" class=\"wp-block-spacer\"><\/div>\n\n\n\n<div class=\"wp-block-uagb-marketing-button uagb-marketing-btn__outer-wrap uagb-marketing-btn__align-center uagb-marketing-btn__align-text-center uagb-marketing-btn__icon-before uagb-block-f97b940d\"><div class=\"uagb-marketing-btn__wrap\"><a href=\"https:\/\/cloneviveiros.com.br\/site\/porta-enxerto-para-pereiras\/\" class=\"uagb-marketing-btn__link\" target=\"\" rel=\"noopener noreferrer\"><div class=\"uagb-marketing-btn__title-wrap\"><div class=\"uagb-marketing-btn__icon-wrap\"><svg xmlns=\"http:\/\/www.w3.org\/2000\/svg\" viewBox=\"0 0 256 512\"><path d=\"M224.3 273l-136 136c-9.4 9.4-24.6 9.4-33.9 0l-22.6-22.6c-9.4-9.4-9.4-24.6 0-33.9l96.4-96.4-96.4-96.4c-9.4-9.4-9.4-24.6 0-33.9L54.3 103c9.4-9.4 24.6-9.4 33.9 0l136 136c9.5 9.4 9.5 24.6.1 34z\"><\/path><\/svg><\/div><h6 class=\"uagb-marketing-btn__title\">Saiba mais sobre os porta-enxertos para pereiras<\/h6><\/div><div class=\"uagb-marketing-btn__prefix-wrap\"><p class=\"uagb-marketing-btn__prefix\"><\/p><\/div><\/a><\/div><\/div>\n<\/div><\/div>\n<\/div><\/section>\n","protected":false},"excerpt":{"rendered":"<p>PERAS<\/p>\n","protected":false},"author":1,"featured_media":0,"parent":0,"menu_order":0,"comment_status":"closed","ping_status":"closed","template":"","meta":{"_acf_changed":false,"_uag_custom_page_level_css":"","site-sidebar-layout":"no-sidebar","site-content-layout":"page-builder","ast-main-header-display":"","ast-hfb-above-header-display":"","ast-hfb-below-header-display":"","ast-hfb-mobile-header-display":"","site-post-title":"disabled","ast-breadcrumbs-content":"","ast-featured-img":"","footer-sml-layout":"","theme-transparent-header-meta":"","adv-header-id-meta":"","stick-header-meta":"","header-above-stick-meta":"","header-main-stick-meta":"","header-below-stick-meta":"","footnotes":""},"class_list":["post-417","page","type-page","status-publish","hentry"],"acf":[],"uagb_featured_image_src":{"full":false,"thumbnail":false,"medium":false,"medium_large":false,"large":false,"1536x1536":false,"2048x2048":false},"uagb_author_info":{"display_name":"Clone ADM","author_link":"https:\/\/cloneviveiros.com.br\/site\/author\/clone-adm\/"},"uagb_comment_info":0,"uagb_excerpt":"PERAS","_links":{"self":[{"href":"https:\/\/cloneviveiros.com.br\/site\/wp-json\/wp\/v2\/pages\/417","targetHints":{"allow":["GET"]}}],"collection":[{"href":"https:\/\/cloneviveiros.com.br\/site\/wp-json\/wp\/v2\/pages"}],"about":[{"href":"https:\/\/cloneviveiros.com.br\/site\/wp-json\/wp\/v2\/types\/page"}],"author":[{"embeddable":true,"href":"https:\/\/cloneviveiros.com.br\/site\/wp-json\/wp\/v2\/users\/1"}],"replies":[{"embeddable":true,"href":"https:\/\/cloneviveiros.com.br\/site\/wp-json\/wp\/v2\/comments?post=417"}],"version-history":[{"count":1,"href":"https:\/\/cloneviveiros.com.br\/site\/wp-json\/wp\/v2\/pages\/417\/revisions"}],"predecessor-version":[{"id":909,"href":"https:\/\/cloneviveiros.com.br\/site\/wp-json\/wp\/v2\/pages\/417\/revisions\/909"}],"wp:attachment":[{"href":"https:\/\/cloneviveiros.com.br\/site\/wp-json\/wp\/v2\/media?parent=417"}],"curies":[{"name":"wp","href":"https:\/\/api.w.org\/{rel}","templated":true}]}}