{"id":301,"date":"2022-04-12T23:05:14","date_gmt":"2022-04-13T02:05:14","guid":{"rendered":"https:\/\/www.cloneviveiros.com.br\/site\/?page_id=301"},"modified":"2022-04-12T23:05:14","modified_gmt":"2022-04-13T02:05:14","slug":"a-empresa","status":"publish","type":"page","link":"https:\/\/cloneviveiros.com.br\/site\/a-empresa\/","title":{"rendered":"A Empresa"},"content":{"rendered":"\n<section class=\"wp-block-uagb-columns uagb-columns__wrap uagb-columns__background-undefined uagb-columns__stack-mobile uagb-columns__valign-undefined uagb-columns__gap-10 alignundefined uagb-block-a19b5ba6\"><div class=\"uagb-columns__overlay\"><\/div><div class=\"uagb-columns__inner-wrap uagb-columns__columns-1\">\n<div class=\"wp-block-uagb-column uagb-column__wrap uagb-column__background-undefined uagb-block-a37e2112\"><div class=\"uagb-column__overlay\"><\/div><div class=\"uagb-column__inner-wrap\">\n<h2><strong>A EMPRESA<\/strong><\/h2>\n\n\n\n<p>H\u00e1 mais de 30 anos, a Clone Viveiros produz mudas de frutas de clima temperado e desenvolve solu\u00e7\u00f5es modernas e competitivas para a produ\u00e7\u00e3o de pomares de ameixa, caqui, kiwi, ma\u00e7\u00e3, nectarina, pera, p\u00eassego e quebra-vento.<\/p>\n\n\n\n<p>Nosso diferencial \u00e9 desenvolver clones e\/ou variedades que possuem exig\u00eancia em frio adequadas e adaptadas \u00e0s condi\u00e7\u00f5es brasileiras, com resist\u00eancia a doen\u00e7as, alta produtividade e qualidade dos frutos.<\/p>\n\n\n\n<p>Somos pioneiros no desenvolvimento de porta-enxertos controladores de vigor, altamente produtivos, de entrada precoce em produ\u00e7\u00e3o, os quais permitem a utiliza\u00e7\u00e3o de sistemas de condu\u00e7\u00e3o mais eficientes, tanto na produ\u00e7\u00e3o como na utiliza\u00e7\u00e3o de m\u00e3o de obra.<\/p>\n\n\n\n<p>Com o objetivo de qualidade m\u00e1xima e melhoria cont\u00ednua, mantemos, testamos e renovamos nossas matrizes (nos telados, nas estufas e no campo); conduzimos trabalhos de melhoramento gen\u00e9tico de variedades de copa e porta-enxerto; mantemos conv\u00eanios com institui\u00e7\u00f5es brasileiras e internacionais; realizamos interc\u00e2mbios com agricultores para testes de muta\u00e7\u00f5es e novas sele\u00e7\u00f5es.<\/p>\n<\/div><\/div>\n<\/div><\/section>\n\n\n\n<section class=\"wp-block-uagb-columns uagb-columns__wrap uagb-columns__background-color uagb-columns__stack-mobile uagb-columns__valign-undefined uagb-columns__gap-10 alignundefined uagb-block-220c661d\"><div class=\"uagb-columns__overlay\"><\/div><div class=\"uagb-columns__inner-wrap uagb-columns__columns-2\">\n<div class=\"wp-block-uagb-column uagb-column__wrap uagb-column__background-undefined uagb-block-3779ca2d\"><div class=\"uagb-column__overlay\"><\/div><div class=\"uagb-column__inner-wrap\">\n<div class=\"wp-block-image\"><figure class=\"alignleft size-full is-resized\"><img loading=\"lazy\" src=\"https:\/\/www.cloneviveiros.com.br\/site\/wp-content\/uploads\/2022\/04\/logo-clone-viveiros.png\" alt=\"\" class=\"wp-image-592\" width=\"150\" height=\"155\"\/><\/figure><\/div>\n<\/div><\/div>\n\n\n\n<div class=\"wp-block-uagb-column uagb-column__wrap uagb-column__background-undefined uagb-block-c42c433c\"><div class=\"uagb-column__overlay\"><\/div><div class=\"uagb-column__inner-wrap\">\n<h5>A Clone Viveiros<br>est\u00e1 de marca nova.<\/h5>\n\n\n\n<p>O novo s\u00edmbolo traz uma \u00fanica \u00e1rvore frut\u00edfera, demonstrando que para n\u00f3s, cada planta \u00e9 importante e que buscamos que todas as nossas mudas sejam igualmente repletas de qualidade e gerem \u00f3timos frutos para o produtor. A marca \u00e9 nova e as inova\u00e7\u00f5es s\u00e3o constantes, o que n\u00e3o muda \u00e9 o nosso objetivo de termos as melhores mudas e variedades do Brasil.<\/p>\n<\/div><\/div>\n<\/div><\/section>\n\n\n\n<section class=\"wp-block-uagb-columns uagb-columns__wrap uagb-columns__background-undefined uagb-columns__stack-mobile uagb-columns__valign-undefined uagb-columns__gap-10 alignundefined uagb-block-dbf58787\" id=\"informacoes\"><div class=\"uagb-columns__overlay\"><\/div><div class=\"uagb-columns__inner-wrap uagb-columns__columns-1\">\n<div class=\"wp-block-uagb-column uagb-column__wrap uagb-column__background-undefined uagb-block-a45451da\"><div class=\"uagb-column__overlay\"><\/div><div class=\"uagb-column__inner-wrap\">\n<h2><strong>INFORMA\u00c7\u00d5ES GERAIS<\/strong><\/h2>\n\n\n\n<p><strong>Condi\u00e7\u00f5es de venda: <\/strong>Recebemos pedidos via WhatsApp, telefone ou e-mail, em qualquer per\u00edodo do ano. Os pedidos s\u00e3o confirmados e reservados mediante a assinatura de contrato e antecipa\u00e7\u00e3o de parte do valor total.<\/p>\n\n\n\n<p><strong>Or\u00e7amentos:<\/strong> Podem ser solicitados mediante a especifica\u00e7\u00e3o da esp\u00e9cie, variedade e quantidade de mudas necess\u00e1rias.<\/p>\n\n\n\n<p>Produzimos exclusivamente mudas de raiz nua (livre de solo).<\/p>\n\n\n\n<p>Nos dispomos a propagar as variedades listadas em nosso site, bem como outras sob consulta e encomenda, inclusive variedades de propriedade do produtor.<\/p>\n\n\n\n<p><strong>Armazenamento, entrega e plantio das mudas:<\/strong> As mudas s\u00e3o normalmente arrancadas do viveiro entre junho e agosto. A entrega \u00e9 efetuada entre julho e agosto de cada ano, dependendo das condi\u00e7\u00f5es clim\u00e1ticas, da esp\u00e9cie e tipo de muda.<br>\u00c9 necess\u00e1rio realizar o agendamento para a retirada das mudas.<\/p>\n\n\n\n<p>Estas podem ser armazenadas em c\u00e2maras frias por algum per\u00edodo, at\u00e9 serem plantadas no pomar. O per\u00edodo em que estas plantas podem ser armazenadas depende da esp\u00e9cie e da exig\u00eancia em frio da variedade.<\/p>\n\n\n\n<p>Quanto menor a exig\u00eancia em frio da variedade, mais curto \u00e9 o per\u00edodo em que as plantas podem ser armazenadas sem que haja acelera\u00e7\u00e3o excessiva de seu crescimento ap\u00f3s o plantio. Variedades exigentes em frio necessitam ser armazenadas em baixas temperaturas por um per\u00edodo adequado, para que haja boa brota\u00e7\u00e3o e crescimento das plantas. Quanto mais tempo as plantas s\u00e3o armazenadas, maiores dever\u00e3o ser os cuidados no plantio, caso contr\u00e1rio, as perdas podem ser significativas.<\/p>\n<\/div><\/div>\n<\/div><\/section>\n\n\n\n<section class=\"wp-block-uagb-columns uagb-columns__wrap uagb-columns__background-color uagb-columns__stack-mobile uagb-columns__valign-undefined uagb-columns__gap-10 alignundefined uagb-block-97a9be51\"><div class=\"uagb-columns__overlay\"><\/div><div class=\"uagb-columns__inner-wrap uagb-columns__columns-1\">\n<div class=\"wp-block-uagb-column uagb-column__wrap uagb-column__background-undefined uagb-block-1528e5b3\"><div class=\"uagb-column__overlay\"><\/div><div class=\"uagb-column__inner-wrap\">\n<p><em>O conte\u00fado deste Site\/cat\u00e1logo e\u0301 informativo de forma geral, e n\u00e3o tem o objetivo de recomenda\u00e7\u00e3o. Consulte seu engenheiro agr\u00f4nomo local para escolher as melhores op\u00e7\u00f5es para as suas necessidades especificas. As fotos contidas neste site\/cat\u00e1logo s\u00e3o ilustrativas. As frutas podem variar de cor, tamanho e qualidade de acordo com o manejo e o local do pomar.<\/em><\/p>\n<\/div><\/div>\n<\/div><\/section>\n","protected":false},"excerpt":{"rendered":"","protected":false},"author":1,"featured_media":0,"parent":0,"menu_order":0,"comment_status":"closed","ping_status":"closed","template":"","meta":{"site-sidebar-layout":"no-sidebar","site-content-layout":"page-builder","ast-main-header-display":"","ast-hfb-above-header-display":"","ast-hfb-below-header-display":"","ast-hfb-mobile-header-display":"","site-post-title":"disabled","ast-breadcrumbs-content":"","ast-featured-img":"","footer-sml-layout":"","theme-transparent-header-meta":"","adv-header-id-meta":"","stick-header-meta":"","header-above-stick-meta":"","header-main-stick-meta":"","header-below-stick-meta":""},"acf":[],"uagb_featured_image_src":{"full":false,"thumbnail":false,"medium":false,"medium_large":false,"large":false,"1536x1536":false,"2048x2048":false},"uagb_author_info":{"display_name":"Clone ADM","author_link":"https:\/\/cloneviveiros.com.br\/site\/author\/clone-adm\/"},"uagb_comment_info":0,"uagb_excerpt":null,"_links":{"self":[{"href":"https:\/\/cloneviveiros.com.br\/site\/wp-json\/wp\/v2\/pages\/301"}],"collection":[{"href":"https:\/\/cloneviveiros.com.br\/site\/wp-json\/wp\/v2\/pages"}],"about":[{"href":"https:\/\/cloneviveiros.com.br\/site\/wp-json\/wp\/v2\/types\/page"}],"author":[{"embeddable":true,"href":"https:\/\/cloneviveiros.com.br\/site\/wp-json\/wp\/v2\/users\/1"}],"replies":[{"embeddable":true,"href":"https:\/\/cloneviveiros.com.br\/site\/wp-json\/wp\/v2\/comments?post=301"}],"version-history":[{"count":0,"href":"https:\/\/cloneviveiros.com.br\/site\/wp-json\/wp\/v2\/pages\/301\/revisions"}],"wp:attachment":[{"href":"https:\/\/cloneviveiros.com.br\/site\/wp-json\/wp\/v2\/media?parent=301"}],"curies":[{"name":"wp","href":"https:\/\/api.w.org\/{rel}","templated":true}]}}