{"id":21,"date":"2022-04-11T21:14:38","date_gmt":"2022-04-12T00:14:38","guid":{"rendered":"https:\/\/www.cloneviveiros.com.br\/site\/?page_id=21"},"modified":"2022-07-19T15:47:29","modified_gmt":"2022-07-19T18:47:29","slug":"home","status":"publish","type":"page","link":"https:\/\/cloneviveiros.com.br\/site\/","title":{"rendered":"Home"},"content":{"rendered":"\n<div style=\"display: none;\" class=\"crellyslider-slider crellyslider-slider-full-width crellyslider-slider-slider-home crellyslider-1\" id=\"crellyslider-1\">\n<ul>\n<li\nstyle=\"\nbackground-color: transparent;\nbackground-image: url('https:\/\/cloneviveiros.com.br\/site\/wp-content\/uploads\/2022\/04\/fundo-maca-gala-1.jpg');\nbackground-position: center center;\nbackground-repeat: no-repeat;\nbackground-size: cover;\n\n\"\ndata-in=\"fade\"\ndata-ease-in=\"300\"\ndata-out=\"fade\"\ndata-ease-out=\"300\"\ndata-time=\"15000\"\n>\n<a class=\"cs-background-link\" href=\"https:\/\/www.cloneviveiros.com.br\/site\/produto\/maca-cvf-gala-rubi\/\"><\/a><a\ndata-delay=\"0\"\ndata-ease-in=\"300\"\ndata-ease-out=\"300\"\ndata-in=\"fade\"\ndata-out=\"fade\"\ndata-ignore-ease-out=\"0\"\ndata-top=\"192\"\ndata-left=\"530\"\ndata-time=\"all\"\nhref=\"https:\/\/www.cloneviveiros.com.br\/site\/produto\/maca-cvf-gala-rubi\/\"\n\nstyle=\"z-index: 1;\n\">\n<div\nclass=\"\"\nstyle=\"\n\"\n><div class=\"box-destaque\">\n<div class=\"titulo-destaque\">MA\u00c7\u00c3 GALA REAL 2<\/div>\n<div class=\"texto-destaque\">Clone da variedade Gala<br \/>de clora\u00e7\u00e3o vermelha<br \/>intensa e estriada.<\/div>\n<div class=\"espaco-20\">\u00a0<\/div>\n<div class=\"bt-saibamais\">Saiba mais &gt;<\/div>\n<\/div><\/div>\n<\/a>\n<\/li>\n<li\nstyle=\"\nbackground-color: transparent;\nbackground-image: url('https:\/\/cloneviveiros.com.br\/site\/wp-content\/uploads\/2022\/04\/fundo-eva_mirage-2.jpg');\nbackground-position: center center;\nbackground-repeat: no-repeat;\nbackground-size: cover;\n\n\"\ndata-in=\"fade\"\ndata-ease-in=\"300\"\ndata-out=\"fade\"\ndata-ease-out=\"300\"\ndata-time=\"15000\"\n>\n<a class=\"cs-background-link\" href=\"https:\/\/www.cloneviveiros.com.br\/site\/produto\/maca-eva-mirage\/\"><\/a><a\ndata-delay=\"0\"\ndata-ease-in=\"300\"\ndata-ease-out=\"300\"\ndata-in=\"fade\"\ndata-out=\"fade\"\ndata-ignore-ease-out=\"0\"\ndata-top=\"192\"\ndata-left=\"530\"\ndata-time=\"all\"\nhref=\"https:\/\/www.cloneviveiros.com.br\/site\/produto\/maca-eva-mirage\/\"\n\nstyle=\"z-index: 1;\n\">\n<div\nclass=\"\"\nstyle=\"\n\"\n><div class=\"box-destaque\">\n<div class=\"titulo-destaque\">MA\u00c7\u00c3 CVF EVA MIRAGE<\/div>\n<div class=\"texto-destaque\">\u2022 Excepcional valor de mercado<br \/>\u2022 Uniformidade, tamanho e formato<br \/>\u2022 Baixa exig\u00eancia em frio.<\/div>\n<div class=\"espaco-20\">\u00a0<\/div>\n<div class=\"bt-saibamais\">Saiba mais &gt;<\/div>\n<\/div><\/div>\n<\/a>\n<\/li>\n<\/ul>\n<\/div>\n<script type=\"text\/javascript\">\n(function($) {\n$(document).ready(function() {\n$(\"#crellyslider-1\").crellySlider({\nlayout: 'full-width',\nresponsive: 1,\nstartWidth: 1050,\nstartHeight: 550,\nautomaticSlide: 1,\nshowControls: 1,\nshowNavigation: 1,\nenableSwipe: 1,\nshowProgressBar: 0,\npauseOnHover: 1,\nrandomOrder: 0,\nstartFromSlide: 0,\nbeforeStart : function() {},\nbeforeSetResponsive : function() {},\nbeforeSlideStart : function() {},\nbeforePause\t: function() {},\nbeforeResume : function() {},\n});\n});\n})(jQuery);\n<\/script>\n\n\n\n\n<section class=\"wp-block-uagb-columns uagb-columns__wrap uagb-columns__background-undefined uagb-columns__stack-mobile uagb-columns__valign-undefined uagb-columns__gap-10 alignundefined uagb-block-d72f6f92\"><div class=\"uagb-columns__overlay\"><\/div><div class=\"uagb-columns__inner-wrap uagb-columns__columns-1\">\n<div class=\"wp-block-uagb-column uagb-column__wrap uagb-column__background-undefined uagb-block-6aed8345\"><div class=\"uagb-column__overlay\"><\/div><div class=\"uagb-column__inner-wrap\">\n<figure class=\"wp-block-image aligncenter size-full .centro\"><img loading=\"lazy\" decoding=\"async\" width=\"141\" height=\"141\" src=\"https:\/\/cloneviveiros.com.br\/site\/wp-content\/uploads\/2022\/04\/icone-clone.png\" alt=\"\" class=\"wp-image-26\"\/><\/figure>\n\n\n\n<div style=\"height:20px\" aria-hidden=\"true\" class=\"wp-block-spacer\"><\/div>\n\n\n\n<p class=\"has-text-align-center\">H\u00e1 mais de 30 anos, a Clone Viveiros, produz mudas de frutas de clima temperado e desenvolve solu\u00e7\u00f5es modernas e competitivas para a produ\u00e7\u00e3o de pomares de ameixa, caqui, kiwi, ma\u00e7\u00e3, nectarina, pera, p\u00eassego e quebra-vento.<\/p>\n\n\n\n<p class=\"has-text-align-center\"><strong>Nosso diferencial \u00e9 desenvolver clones e ou variedades que possuem exig\u00eancia natural em frio, adequando-as e adaptando-as \u00e0s condi\u00e7\u00f5es brasileiras, com resist\u00eancia \u00e0 doen\u00e7as, alta produtividade e qualidade dos frutos.<\/strong><\/p>\n\n\n\n<div class=\"centro\"><a class=\"saiba\" href=\"https:\/\/cloneviveiros.com.br\/site\/a-empresa\/\">Saiba mais &gt;<\/a><\/div>\n<\/div><\/div>\n<\/div><\/section>\n\n\n\n<section class=\"wp-block-uagb-columns uagb-columns__wrap uagb-columns__background-image uagb-columns__stack-mobile uagb-columns__valign-undefined uagb-columns__gap-10 alignundefined uagb-block-a4168d5b\"><div class=\"uagb-columns__overlay\"><\/div><div class=\"uagb-columns__inner-wrap uagb-columns__columns-1\">\n<div class=\"wp-block-uagb-column uagb-column__wrap uagb-column__background-undefined uagb-block-79ff2a21\"><div class=\"uagb-column__overlay\"><\/div><div class=\"uagb-column__inner-wrap\">\n<div style=\"height:350px\" aria-hidden=\"true\" class=\"wp-block-spacer\"><\/div>\n<\/div><\/div>\n<\/div><\/section>\n\n\n\n<section class=\"wp-block-uagb-columns uagb-columns__wrap uagb-columns__background-color uagb-columns__stack-mobile uagb-columns__valign-undefined uagb-columns__gap-10 alignundefined uagb-block-073bd4b0\"><div class=\"uagb-columns__overlay\"><\/div><div class=\"uagb-columns__inner-wrap uagb-columns__columns-1\">\n<div class=\"wp-block-uagb-column uagb-column__wrap uagb-column__background-undefined uagb-block-32cc1470\"><div class=\"uagb-column__overlay\"><\/div><div class=\"uagb-column__inner-wrap\">\n<h2 class=\"has-text-align-center has-white-color has-text-color wp-block-heading\">LAN\u00c7AMENTOS<\/h2>\n\n\n\n<div class=\"centro\"><a class=\"saiba\" href=\"https:\/\/cloneviveiros.com.br\/site\/lancamentos\/\">Veja todos os lan\u00e7amentos &gt;<\/a><\/div>\n\n\n\n<section class=\"wp-block-uagb-columns uagb-columns__wrap uagb-columns__background-undefined uagb-columns__stack-mobile uagb-columns__valign-undefined uagb-columns__gap-10 alignundefined uagb-block-a2733d04\"><div class=\"uagb-columns__overlay\"><\/div><div class=\"uagb-columns__inner-wrap uagb-columns__columns-3\">\n<div class=\"wp-block-uagb-column uagb-column__wrap uagb-column__background-undefined uagb-block-798df7af\"><div class=\"uagb-column__overlay\"><\/div><div class=\"uagb-column__inner-wrap\">\n<figure class=\"wp-block-image size-full is-style-rounded\"><a href=\"https:\/\/cloneviveiros.com.br\/site\/produto\/nectarina-cvf-kimdim-1104\/\"><img decoding=\"async\" src=\"https:\/\/cloneviveiros.com.br\/site\/wp-content\/uploads\/2022\/04\/lancamento-cvf-kimdim1104.png\" alt=\"\" class=\"wp-image-782\"\/><\/a><\/figure>\n\n\n\n<p class=\"has-white-color has-text-color\" style=\"font-size:17px\"><strong>Nectarina CVF Kimdim 1104<\/strong><\/p>\n\n\n\n<p class=\"has-white-color has-text-color has-small-font-size\">Variedade de nectarina com polpa amarela, doce e baixa acidez, criada pela CLONE VIVEIROS. Qualidade dos frutos vai de encontro com as prefer\u00eancias do mercado brasileiro, diferente das nectarinas tradicionais.<\/p>\n<\/div><\/div>\n\n\n\n<div class=\"wp-block-uagb-column uagb-column__wrap uagb-column__background-undefined uagb-block-118e26e2\"><div class=\"uagb-column__overlay\"><\/div><div class=\"uagb-column__inner-wrap\">\n<figure class=\"wp-block-image size-full is-style-rounded\"><a href=\"https:\/\/cloneviveiros.com.br\/site\/produto\/nectarina-cvf-xantily-1104\/\"><img decoding=\"async\" src=\"https:\/\/cloneviveiros.com.br\/site\/wp-content\/uploads\/2022\/04\/lancamento-cvf-xantily-1104.png\" alt=\"\" class=\"wp-image-781\"\/><\/a><\/figure>\n\n\n\n<p class=\"has-white-color has-text-color\" style=\"font-size:17px\"><strong>Nectarina CVF Xantily 1104<\/strong><\/p>\n\n\n\n<p class=\"has-white-color has-text-color has-small-font-size\">Variedade de nectarina com polpa branca, doce e baixa acidez, criada pela CLONE VIVEIROS. Sabor excepcional para uma nectarina. Qualidade dos frutos vai de encontro com as prefer\u00eancias do mercado brasileiro, diferente das nectarinas tradicionais, semelhante \u00e0 dos p\u00eassegos brancos.<\/p>\n<\/div><\/div>\n\n\n\n<div class=\"wp-block-uagb-column uagb-column__wrap uagb-column__background-undefined uagb-block-e4752f64\"><div class=\"uagb-column__overlay\"><\/div><div class=\"uagb-column__inner-wrap\">\n<figure class=\"wp-block-image size-full is-style-rounded\"><a href=\"https:\/\/cloneviveiros.com.br\/site\/produto\/pessego-cvf-prata-1103\/\"><img decoding=\"async\" src=\"https:\/\/cloneviveiros.com.br\/site\/wp-content\/uploads\/2022\/04\/lancamento-cvf-prata1103.png\" alt=\"\" class=\"wp-image-770\" title=\"\"\/><\/a><\/figure>\n\n\n\n<p class=\"has-white-color has-text-color\" style=\"font-size:17px\"><strong>P\u00eassego CVF Prata 1103<\/strong><\/p>\n\n\n\n<p class=\"has-white-color has-text-color has-small-font-size\">Variedade com polpa branca, doce e baixa acidez. Vigor m\u00e9dio\/ baixo, \u00e1rvores m\u00e9dias, crescimento semiaberto, floresce abundantemente, exig\u00eancia em frio pouco menor que Chimarrita, colheita na 3\u00aa semana de novembro em Arauc\u00e1ria, PR.<\/p>\n<\/div><\/div>\n<\/div><\/section>\n<\/div><\/div>\n<\/div><\/section>\n\n\n\n<section class=\"wp-block-uagb-columns uagb-columns__wrap uagb-columns__background-undefined uagb-columns__stack-mobile uagb-columns__valign-undefined uagb-columns__gap-10 alignundefined uagb-block-ef5a22d6\"><div class=\"uagb-columns__overlay\"><\/div><div class=\"uagb-columns__inner-wrap uagb-columns__columns-1\">\n<div class=\"wp-block-uagb-column uagb-column__wrap uagb-column__background-undefined uagb-block-dc3612d0\"><div class=\"uagb-column__overlay\"><\/div><div class=\"uagb-column__inner-wrap\">\n<h2 class=\"has-text-align-center has-text-color wp-block-heading\" style=\"color:#004238\">ESP\u00c9CIES COMERCIALIZADAS<\/h2>\n\n\n\n<div style=\"height:10px\" aria-hidden=\"true\" class=\"wp-block-spacer\"><\/div>\n\n\n<div class='white' style='background:rgba(0,0,0,0); border:solid 0px rgba(0,0,0,0); border-radius:5px; padding:8px 30px 8px 30px;'>\n<div id='sample_slider' class='owl-carousel sa_owl_theme owl-pagination-true' data-slider-id='sample_slider' style='visibility:hidden;'>\n<div id='sample_slider_slide06' class='sa_hover_container' style='padding:5% 1%; margin:0px 0%; '><a href=\"https:\/\/www.cloneviveiros.com.br\/site\/kiwi\/\"><div class=\"slide-especies\">\r\n<div><img loading=\"lazy\" decoding=\"async\" src=\"https:\/\/www.cloneviveiros.com.br\/site\/wp-content\/uploads\/2022\/04\/foto-kiwi.png\" alt=\"\" width=\"273\" height=\"273\" class=\"alignnone size-full wp-image-152\" \/><\/div>\r\n<div class=\"espaco-5\"><\/div>\r\nKIWI<\/div><\/a><\/div>\n<div id='sample_slider_slide02' class='sa_hover_container' style='padding:5% 1%; margin:0px 0%; '><a href=\"https:\/\/www.cloneviveiros.com.br\/site\/macas\/\"><div class=\"slide-especies\">\r\n<div><img loading=\"lazy\" decoding=\"async\" src=\"https:\/\/www.cloneviveiros.com.br\/site\/wp-content\/uploads\/2022\/04\/foto-maca.png\" alt=\"\" width=\"273\" height=\"273\" class=\"alignnone size-full wp-image-152\" \/><\/div>\r\n<div class=\"espaco-5\"><\/div>\r\nMA\u00c7\u00c3<\/div><\/a><\/div>\n<div id='sample_slider_slide03' class='sa_hover_container' style='padding:5% 1%; margin:0px 0%; '><a href=\"https:\/\/www.cloneviveiros.com.br\/site\/pessegos\/\"><div class=\"slide-especies\">\r\n<div><img loading=\"lazy\" decoding=\"async\" src=\"https:\/\/www.cloneviveiros.com.br\/site\/wp-content\/uploads\/2022\/04\/foto-pessego.png\" alt=\"\" width=\"273\" height=\"273\" class=\"alignnone size-full wp-image-152\" \/><\/div>\r\n<div class=\"espaco-5\"><\/div>\r\nP\u00caSSEGO<\/div><\/a><\/div>\n<div id='sample_slider_slide07' class='sa_hover_container' style='padding:5% 1%; margin:0px 0%; '><a href=\"https:\/\/www.cloneviveiros.com.br\/site\/nectarinas\/\"><div class=\"slide-especies\">\r\n<div><img loading=\"lazy\" decoding=\"async\" src=\"https:\/\/www.cloneviveiros.com.br\/site\/wp-content\/uploads\/2022\/04\/foto-nectarina.png\" alt=\"\" width=\"273\" height=\"273\" class=\"alignnone size-full wp-image-152\" \/><\/div>\r\n<div class=\"espaco-5\"><\/div>\r\nNECTARINA<\/div><\/a><\/div>\n<div id='sample_slider_slide05' class='sa_hover_container' style='padding:5% 1%; margin:0px 0%; '><a href=\"https:\/\/www.cloneviveiros.com.br\/site\/caquis\/\"><div class=\"slide-especies\">\r\n<div><img loading=\"lazy\" decoding=\"async\" src=\"https:\/\/www.cloneviveiros.com.br\/site\/wp-content\/uploads\/2022\/04\/foto-caqui.png\" alt=\"\" width=\"273\" height=\"273\" class=\"alignnone size-full wp-image-152\" \/><\/div>\r\n<div class=\"espaco-5\"><\/div>\r\nCAQUI<\/div><\/a><\/div>\n<div id='sample_slider_slide01' class='sa_hover_container' style='padding:5% 1%; margin:0px 0%; '><a href=\"https:\/\/www.cloneviveiros.com.br\/site\/peras\/\"><div class=\"slide-especies\">\r\n<div><img loading=\"lazy\" decoding=\"async\" src=\"https:\/\/www.cloneviveiros.com.br\/site\/wp-content\/uploads\/2022\/04\/foto-pera.png\" alt=\"\" width=\"273\" height=\"273\" class=\"alignnone size-full wp-image-152\" srcset=\"https:\/\/cloneviveiros.com.br\/site\/wp-content\/uploads\/2022\/04\/foto-pera.png 273w, https:\/\/cloneviveiros.com.br\/site\/wp-content\/uploads\/2022\/04\/foto-pera-150x150.png 150w\" sizes=\"auto, (max-width: 273px) 100vw, 273px\" \/><\/div>\r\n<div class=\"espaco-5\"><\/div>\r\nPERA<\/div><\/a><\/div>\n<div id='sample_slider_slide04' class='sa_hover_container' style='padding:5% 1%; margin:0px 0%; '><a href=\"https:\/\/www.cloneviveiros.com.br\/site\/ameixas\/\"><div class=\"slide-especies\">\r\n<div><img loading=\"lazy\" decoding=\"async\" src=\"https:\/\/www.cloneviveiros.com.br\/site\/wp-content\/uploads\/2022\/04\/foto-ameixa.png\" alt=\"\" width=\"273\" height=\"273\" class=\"alignnone size-full wp-image-152\" \/><\/div>\r\n<div class=\"espaco-5\"><\/div>\r\nAMEIXA<\/div><\/a><\/div>\n<\/div>\n<\/div>\n<script type='text\/javascript'>\n\tjQuery(document).ready(function() {\n\t\tjQuery('#sample_slider').owlCarousel({\n\t\t\tresponsive:{\n\t\t\t\t0:{ items:1 },\n\t\t\t\t480:{ items:2 },\n\t\t\t\t768:{ items:3 },\n\t\t\t\t980:{ items:4 },\n\t\t\t\t1200:{ items:4 },\n\t\t\t\t1500:{ items:4 }\n\t\t\t},\n\t\t\tautoplay : true,\n\t\t\tautoplayTimeout : 4000,\n\t\t\tautoplayHoverPause : true,\n\t\t\tsmartSpeed : 300,\n\t\t\tfluidSpeed : 300,\n\t\t\tautoplaySpeed : 300,\n\t\t\tnavSpeed : 300,\n\t\t\tdotsSpeed : 300,\n\t\t\tloop : true,\n\t\t\tnav : true,\n\t\t\tnavText : ['Previous','Next'],\n\t\t\tdots : true,\n\t\t\tresponsiveRefreshRate : 200,\n\t\t\tslideBy : 1,\n\t\t\tmergeFit : true,\n\t\t\tautoHeight : false,\n\t\t\tmouseDrag : false,\n\t\t\ttouchDrag : true\n\t\t});\n\t\tjQuery('#sample_slider').css('visibility', 'visible');\n\t\tsa_resize_sample_slider();\n\t\twindow.addEventListener('resize', sa_resize_sample_slider);\n\t\tfunction sa_resize_sample_slider() {\n\t\t\tvar min_height = '50';\n\t\t\tvar win_width = jQuery(window).width();\n\t\t\tvar slider_width = jQuery('#sample_slider').width();\n\t\t\tif (win_width < 480) {\n\t\t\t\tvar slide_width = slider_width \/ 1;\n\t\t\t} else if (win_width < 768) {\n\t\t\t\tvar slide_width = slider_width \/ 2;\n\t\t\t} else if (win_width < 980) {\n\t\t\t\tvar slide_width = slider_width \/ 3;\n\t\t\t} else if (win_width < 1200) {\n\t\t\t\tvar slide_width = slider_width \/ 4;\n\t\t\t} else if (win_width < 1500) {\n\t\t\t\tvar slide_width = slider_width \/ 4;\n\t\t\t} else {\n\t\t\t\tvar slide_width = slider_width \/ 4;\n\t\t\t}\n\t\t\tslide_width = Math.round(slide_width);\n\t\t\tvar slide_height = '0';\n\t\t\tif (min_height == 'aspect43') {\n\t\t\t\tslide_height = (slide_width \/ 4) * 3;\t\t\t\tslide_height = Math.round(slide_height);\n\t\t\t} else if (min_height == 'aspect169') {\n\t\t\t\tslide_height = (slide_width \/ 16) * 9;\t\t\t\tslide_height = Math.round(slide_height);\n\t\t\t} else {\n\t\t\t\tslide_height = (slide_width \/ 100) * min_height;\t\t\t\tslide_height = Math.round(slide_height);\n\t\t\t}\n\t\t\tjQuery('#sample_slider .owl-item .sa_hover_container').css('min-height', slide_height+'px');\n\t\t}\n\t\tvar owl_goto = jQuery('#sample_slider');\n\t\tjQuery('.sample_slider_goto1').click(function(event){\n\t\t\towl_goto.trigger('to.owl.carousel', 0);\n\t\t});\n\t\tjQuery('.sample_slider_goto2').click(function(event){\n\t\t\towl_goto.trigger('to.owl.carousel', 1);\n\t\t});\n\t\tjQuery('.sample_slider_goto3').click(function(event){\n\t\t\towl_goto.trigger('to.owl.carousel', 2);\n\t\t});\n\t\tjQuery('.sample_slider_goto4').click(function(event){\n\t\t\towl_goto.trigger('to.owl.carousel', 3);\n\t\t});\n\t\tjQuery('.sample_slider_goto5').click(function(event){\n\t\t\towl_goto.trigger('to.owl.carousel', 4);\n\t\t});\n\t\tjQuery('.sample_slider_goto6').click(function(event){\n\t\t\towl_goto.trigger('to.owl.carousel', 5);\n\t\t});\n\t\tjQuery('.sample_slider_goto7').click(function(event){\n\t\t\towl_goto.trigger('to.owl.carousel', 6);\n\t\t});\n\t\tvar resize_814 = jQuery('.owl-carousel');\n\t\tresize_814.on('initialized.owl.carousel', function(e) {\n\t\t\tif (typeof(Event) === 'function') {\n\t\t\t\twindow.dispatchEvent(new Event('resize'));\n\t\t\t} else {\n\t\t\t\tvar evt = window.document.createEvent('UIEvents');\n\t\t\t\tevt.initUIEvent('resize', true, false, window, 0);\n\t\t\t\twindow.dispatchEvent(evt);\n\t\t\t}\n\t\t});\n\t});\n<\/script>\n\n<\/div><\/div>\n<\/div><\/section>\n\n\n\n<div style=\"height:60px\" aria-hidden=\"true\" class=\"wp-block-spacer\"><\/div>\n\n\n\n<div class=\"centro-exclusivo\"><div class=\"exclusivo\"><img loading=\"lazy\" decoding=\"async\" width=\"170\" height=\"170\" src=\"https:\/\/cloneviveiros.com.br\/site\/wp-content\/uploads\/2022\/04\/exclusivo.png\" alt=\"\"><\/div><\/div>\n\n\n\n<section class=\"wp-block-uagb-columns uagb-columns__wrap uagb-columns__background-image uagb-columns__stack-mobile uagb-columns__valign-undefined uagb-columns__gap-10 alignundefined uagb-block-ff1831ff\"><div class=\"uagb-columns__overlay\"><\/div><div class=\"uagb-columns__inner-wrap uagb-columns__columns-1\">\n<div class=\"wp-block-uagb-column uagb-column__wrap uagb-column__background-undefined uagb-block-8200ef97\"><div class=\"uagb-column__overlay\"><\/div><div class=\"uagb-column__inner-wrap\">\n<div style=\"height:50px\" aria-hidden=\"true\" class=\"wp-block-spacer\"><\/div>\n\n\n\n<h2 class=\"has-text-align-center has-white-color has-text-color wp-block-heading\">VARIEDADES EXCLUSIVAS<\/h2>\n\n\n\n<div style=\"height:50px\" aria-hidden=\"true\" class=\"wp-block-spacer\"><\/div>\n<\/div><\/div>\n<\/div><\/section>\n\n\n\n<div style=\"height:25px\" aria-hidden=\"true\" class=\"wp-block-spacer\"><\/div>\n\n\n\n<p class=\"has-text-align-center has-text-color\" style=\"color:#004238;font-size:19px\"><strong>A Clone Viveiros produz algumas variedades<br>de mudas com exclusividade.<\/strong><\/p>\n\n\n\n<div class=\"centro\"><a class=\"saiba\" href=\"https:\/\/cloneviveiros.com.br\/site\/variedades-exclusivas\/\">Conhe\u00e7a todas as variedades &gt;<\/a><\/div>\n\n\n\n<div style=\"height:30px\" aria-hidden=\"true\" class=\"wp-block-spacer\"><\/div>\n","protected":false},"excerpt":{"rendered":"<p>H\u00e1 mais de 30 anos, a Clone Viveiros, produz mudas de frutas de clima temperado e desenvolve solu\u00e7\u00f5es modernas e competitivas para a produ\u00e7\u00e3o de pomares de ameixa, caqui, kiwi, ma\u00e7\u00e3, nectarina, pera, p\u00eassego e quebra-vento. Nosso diferencial \u00e9 desenvolver clones e ou variedades que possuem exig\u00eancia natural em frio, adequando-as e adaptando-as \u00e0s condi\u00e7\u00f5es &hellip;<\/p>\n<p class=\"read-more\"> <a class=\"\" href=\"https:\/\/cloneviveiros.com.br\/site\/\"> <span class=\"screen-reader-text\">Home<\/span> Leia mais &raquo;<\/a><\/p>\n","protected":false},"author":1,"featured_media":0,"parent":0,"menu_order":0,"comment_status":"closed","ping_status":"closed","template":"","meta":{"_acf_changed":false,"_uag_custom_page_level_css":"","site-sidebar-layout":"no-sidebar","site-content-layout":"page-builder","ast-main-header-display":"","ast-hfb-above-header-display":"","ast-hfb-below-header-display":"","ast-hfb-mobile-header-display":"","site-post-title":"disabled","ast-breadcrumbs-content":"","ast-featured-img":"","footer-sml-layout":"","theme-transparent-header-meta":"","adv-header-id-meta":"","stick-header-meta":"","header-above-stick-meta":"","header-main-stick-meta":"","header-below-stick-meta":"","footnotes":""},"class_list":["post-21","page","type-page","status-publish","hentry"],"acf":[],"uagb_featured_image_src":{"full":false,"thumbnail":false,"medium":false,"medium_large":false,"large":false,"1536x1536":false,"2048x2048":false},"uagb_author_info":{"display_name":"Clone ADM","author_link":"https:\/\/cloneviveiros.com.br\/site\/author\/clone-adm\/"},"uagb_comment_info":0,"uagb_excerpt":"H\u00e1 mais de 30 anos, a Clone Viveiros, produz mudas de frutas de clima temperado e desenvolve solu\u00e7\u00f5es modernas e competitivas para a produ\u00e7\u00e3o de pomares de ameixa, caqui, kiwi, ma\u00e7\u00e3, nectarina, pera, p\u00eassego e quebra-vento. Nosso diferencial \u00e9 desenvolver clones e ou variedades que possuem exig\u00eancia natural em frio, adequando-as e adaptando-as \u00e0s condi\u00e7\u00f5es&hellip;","_links":{"self":[{"href":"https:\/\/cloneviveiros.com.br\/site\/wp-json\/wp\/v2\/pages\/21","targetHints":{"allow":["GET"]}}],"collection":[{"href":"https:\/\/cloneviveiros.com.br\/site\/wp-json\/wp\/v2\/pages"}],"about":[{"href":"https:\/\/cloneviveiros.com.br\/site\/wp-json\/wp\/v2\/types\/page"}],"author":[{"embeddable":true,"href":"https:\/\/cloneviveiros.com.br\/site\/wp-json\/wp\/v2\/users\/1"}],"replies":[{"embeddable":true,"href":"https:\/\/cloneviveiros.com.br\/site\/wp-json\/wp\/v2\/comments?post=21"}],"version-history":[{"count":5,"href":"https:\/\/cloneviveiros.com.br\/site\/wp-json\/wp\/v2\/pages\/21\/revisions"}],"predecessor-version":[{"id":912,"href":"https:\/\/cloneviveiros.com.br\/site\/wp-json\/wp\/v2\/pages\/21\/revisions\/912"}],"wp:attachment":[{"href":"https:\/\/cloneviveiros.com.br\/site\/wp-json\/wp\/v2\/media?parent=21"}],"curies":[{"name":"wp","href":"https:\/\/api.w.org\/{rel}","templated":true}]}}